{"id":82467,"date":"2021-08-24T16:56:21","date_gmt":"2021-08-24T14:56:21","guid":{"rendered":"https:\/\/goldeneye.de\/?page_id=82467"},"modified":"2021-08-26T12:16:13","modified_gmt":"2021-08-26T10:16:13","slug":"impronta","status":"publish","type":"page","link":"https:\/\/goldeneye.de\/it\/permanent-make-up\/impronta\/","title":{"rendered":"Impronta"},"content":{"rendered":"<div class=\"wpb-content-wrapper\"><p>[vc_row row_height_percent=&#8221;0&#8243; override_padding=&#8221;yes&#8221; h_padding=&#8221;2&#8243; top_padding=&#8221;4&#8243; bottom_padding=&#8221;4&#8243; overlay_alpha=&#8221;50&#8243; gutter_size=&#8221;3&#8243; column_width_percent=&#8221;100&#8243; shift_y=&#8221;0&#8243; z_index=&#8221;0&#8243; uncode_shortcode_id=&#8221;115360&#8243; shape_dividers=&#8221;&#8221;][vc_column column_width_percent=&#8221;100&#8243; gutter_size=&#8221;5&#8243; overlay_alpha=&#8221;50&#8243; shift_x=&#8221;0&#8243; shift_y=&#8221;0&#8243; shift_y_down=&#8221;0&#8243; z_index=&#8221;0&#8243; medium_width=&#8221;0&#8243; mobile_width=&#8221;0&#8243; width=&#8221;1\/2&#8243;][vc_column_text uncode_shortcode_id=&#8221;582226&#8243;]<\/p>\n<h1>Impronta<\/h1>\n<h2>Informazioni secondo il \u00a7 5 TMG<\/h2>\n<p>Goldeneye Permanent System GmbH<br \/>\nMittelwegring 31<br \/>\n76751 Jockgrim<\/p>\n<p>Registro commerciale: B30835<br \/>\nTribunale del registro: Landau<\/p>\n<p><strong>Rappresentato da:<\/strong><br \/>\nAmministratore Delegato: Ren\u00e9 La Fontaine<\/p>\n<h2>Contatta<\/h2>\n<p>Telefono: +49 7271 98999 10<br \/>\nFax: +49 7271 98999 11<br \/>\nE-Mail: info@goldeneye.de<\/p>\n<h2>ID IVA<\/h2>\n<p>Numero di identificazione dell&#8217;imposta sulle vendite secondo il \u00a727 a Umsatzsteuergesetz:<br \/>\nDE 200 335 303<\/p>\n<h2>Risoluzione delle controversie<\/h2>\n<p>La Commissione europea fornisce una piattaforma per la risoluzione delle controversie online (ODR): <a href=\"https:\/\/ec.europa.eu\/consumers\/odr\">https:\/\/ec.europa.eu\/consumers\/odr<\/a>.<br \/>\nPuoi trovare il nostro indirizzo email nell&#8217;impronta qui sopra.<\/p>\n<p>Non siamo disposti o obbligati a partecipare a un procedimento di risoluzione delle controversie davanti a una commissione di arbitrato dei consumatori.[\/vc_column_text][\/vc_column][vc_column column_width_percent=&#8221;100&#8243; gutter_size=&#8221;3&#8243; overlay_alpha=&#8221;50&#8243; shift_x=&#8221;0&#8243; shift_y=&#8221;0&#8243; shift_y_down=&#8221;0&#8243; z_index=&#8221;0&#8243; medium_width=&#8221;0&#8243; mobile_width=&#8221;0&#8243; width=&#8221;1\/2&#8243;][vc_column_text uncode_shortcode_id=&#8221;183453&#8243;]<\/p>\n<h3>Responsabilit\u00e0 per i contenuti<\/h3>\n<p>In qualit\u00e0 di fornitore di servizi, siamo responsabili dei nostri contenuti su queste pagine in conformit\u00e0 alla legislazione generale ai sensi del paragrafo 7 comma 1 della legge tedesca sui media telematici (TMG). Tuttavia, secondo i \u00a7\u00a7 8 a 10 TMG, non siamo obbligati come fornitore di servizi a controllare le informazioni di terzi trasmesse o memorizzate o a indagare su circostanze che indicano attivit\u00e0 illegali.<\/p>\n<p>Gli obblighi di rimuovere o bloccare l&#8217;uso di informazioni in conformit\u00e0 con le leggi generali rimangono inalterati da questo. Tuttavia, la responsabilit\u00e0 in questo senso \u00e8 possibile solo a partire dal momento in cui una violazione concreta della legge diventa nota. Se veniamo a conoscenza di tali violazioni, rimuoveremo immediatamente il relativo contenuto.<\/p>\n<h3>Responsabilit\u00e0 per i link<\/h3>\n<p>Il nostro sito web contiene link a siti esterni di terzi sul cui contenuto non abbiamo alcuna influenza. Pertanto, non possiamo assumere alcuna responsabilit\u00e0 per questi contenuti esterni. Il rispettivo fornitore o operatore delle pagine \u00e8 sempre responsabile del contenuto delle pagine collegate. Le pagine collegate sono state controllate per eventuali violazioni legali al momento del collegamento. I contenuti illegali non erano riconoscibili al momento del collegamento.<\/p>\n<p>Tuttavia, il monitoraggio permanente del contenuto delle pagine collegate non \u00e8 ragionevole senza indicazioni concrete di una violazione legale. Se veniamo a conoscenza di violazioni della legge, rimuoveremo immediatamente tali link.<\/p>\n<h3>Copyright<\/h3>\n<p>I contenuti e i lavori creati dagli operatori del sito su queste pagine sono soggetti al diritto d&#8217;autore tedesco. La duplicazione, l&#8217;elaborazione, la distribuzione o qualsiasi forma di commercializzazione di tale materiale al di fuori dell&#8217;ambito della legge sul diritto d&#8217;autore richiede il previo consenso scritto del rispettivo autore o creatore. I download e le copie di questo sito sono consentiti solo per uso privato e non commerciale.<\/p>\n<p>Nella misura in cui il contenuto di questo sito non \u00e8 stato creato dall&#8217;operatore, i diritti d&#8217;autore di terzi sono rispettati. In particolare, i contenuti di terzi sono contrassegnati come tali. Se tuttavia dovesse venire a conoscenza di una violazione del copyright, la preghiamo di informarci. Se veniamo a conoscenza di violazioni, rimuoveremo immediatamente tali contenuti.[\/vc_column_text][\/vc_column][\/vc_row]<\/p>\n<\/div>","protected":false},"excerpt":{"rendered":"<p>[vc_row row_height_percent=&#8221;0&#8243; override_padding=&#8221;yes&#8221; h_padding=&#8221;2&#8243; top_padding=&#8221;4&#8243; bottom_padding=&#8221;4&#8243; overlay_alpha=&#8221;50&#8243; gutter_size=&#8221;3&#8243; column_width_percent=&#8221;100&#8243; shift_y=&#8221;0&#8243; z_index=&#8221;0&#8243; uncode_shortcode_id=&#8221;115360&#8243; shape_dividers=&#8221;&#8221;][vc_column column_width_percent=&#8221;100&#8243; gutter_size=&#8221;5&#8243; overlay_alpha=&#8221;50&#8243; shift_x=&#8221;0&#8243; shift_y=&#8221;0&#8243; shift_y_down=&#8221;0&#8243; z_index=&#8221;0&#8243; [&hellip;]<\/p>\n","protected":false},"author":3,"featured_media":0,"parent":82284,"menu_order":0,"comment_status":"closed","ping_status":"closed","template":"","meta":{"footnotes":""},"class_list":["post-82467","page","type-page","status-publish","hentry"],"yoast_head":"<!-- This site is optimized with the Yoast SEO plugin v24.8 - https:\/\/yoast.com\/wordpress\/plugins\/seo\/ -->\n<title>Impronta - Make-up permanente - Sistemi permanenti GOLDENEYE<\/title>\n<meta name=\"description\" content=\"Impronta - Make-up permanente - Sistemi permanenti GOLDENEYE\" \/>\n<meta name=\"robots\" content=\"index, follow, max-snippet:-1, max-image-preview:large, max-video-preview:-1\" \/>\n<link rel=\"canonical\" href=\"https:\/\/goldeneye.de\/it\/permanent-make-up\/impronta\/\" \/>\n<meta property=\"og:locale\" content=\"it_IT\" \/>\n<meta property=\"og:type\" content=\"article\" \/>\n<meta property=\"og:title\" content=\"Impronta - Make-up permanente - Sistemi permanenti GOLDENEYE\" \/>\n<meta property=\"og:description\" content=\"Impronta - Make-up permanente - Sistemi permanenti GOLDENEYE\" \/>\n<meta property=\"og:url\" content=\"https:\/\/goldeneye.de\/it\/permanent-make-up\/impronta\/\" \/>\n<meta property=\"og:site_name\" content=\"Permanent Make-Up - GOLDENEYE Permanent Systems\" \/>\n<meta property=\"article:publisher\" content=\"https:\/\/www.facebook.com\/GoldeneyePermanentSystemGmbH\" \/>\n<meta property=\"article:modified_time\" content=\"2021-08-26T10:16:13+00:00\" \/>\n<meta name=\"twitter:card\" content=\"summary_large_image\" \/>\n<meta name=\"twitter:label1\" content=\"Tempo di lettura stimato\" \/>\n\t<meta name=\"twitter:data1\" content=\"3 minuti\" \/>\n<script type=\"application\/ld+json\" class=\"yoast-schema-graph\">{\"@context\":\"https:\/\/schema.org\",\"@graph\":[{\"@type\":\"WebPage\",\"@id\":\"https:\/\/goldeneye.de\/it\/permanent-make-up\/impronta\/\",\"url\":\"https:\/\/goldeneye.de\/it\/permanent-make-up\/impronta\/\",\"name\":\"Impronta - Make-up permanente - Sistemi permanenti GOLDENEYE\",\"isPartOf\":{\"@id\":\"https:\/\/goldeneye.de\/it\/#website\"},\"datePublished\":\"2021-08-24T14:56:21+00:00\",\"dateModified\":\"2021-08-26T10:16:13+00:00\",\"description\":\"Impronta - Make-up permanente - Sistemi permanenti GOLDENEYE\",\"breadcrumb\":{\"@id\":\"https:\/\/goldeneye.de\/it\/permanent-make-up\/impronta\/#breadcrumb\"},\"inLanguage\":\"it-IT\",\"potentialAction\":[{\"@type\":\"ReadAction\",\"target\":[\"https:\/\/goldeneye.de\/it\/permanent-make-up\/impronta\/\"]}]},{\"@type\":\"BreadcrumbList\",\"@id\":\"https:\/\/goldeneye.de\/it\/permanent-make-up\/impronta\/#breadcrumb\",\"itemListElement\":[{\"@type\":\"ListItem\",\"position\":1,\"name\":\"Startseite\",\"item\":\"https:\/\/goldeneye.de\/it\/\"},{\"@type\":\"ListItem\",\"position\":2,\"name\":\"Trucco permanente\",\"item\":\"https:\/\/goldeneye.de\/it\/\"},{\"@type\":\"ListItem\",\"position\":3,\"name\":\"Impronta\"}]},{\"@type\":\"WebSite\",\"@id\":\"https:\/\/goldeneye.de\/it\/#website\",\"url\":\"https:\/\/goldeneye.de\/it\/\",\"name\":\"Permanent Make-Up - GOLDENEYE Permanent Systems\",\"description\":\"Micropigmentation, Permanent Make-Up, Nanoblading\",\"potentialAction\":[{\"@type\":\"SearchAction\",\"target\":{\"@type\":\"EntryPoint\",\"urlTemplate\":\"https:\/\/goldeneye.de\/it\/?s={search_term_string}\"},\"query-input\":{\"@type\":\"PropertyValueSpecification\",\"valueRequired\":true,\"valueName\":\"search_term_string\"}}],\"inLanguage\":\"it-IT\"}]}<\/script>\n<!-- \/ Yoast SEO plugin. -->","yoast_head_json":{"title":"Impronta - Make-up permanente - Sistemi permanenti GOLDENEYE","description":"Impronta - Make-up permanente - Sistemi permanenti GOLDENEYE","robots":{"index":"index","follow":"follow","max-snippet":"max-snippet:-1","max-image-preview":"max-image-preview:large","max-video-preview":"max-video-preview:-1"},"canonical":"https:\/\/goldeneye.de\/it\/permanent-make-up\/impronta\/","og_locale":"it_IT","og_type":"article","og_title":"Impronta - Make-up permanente - Sistemi permanenti GOLDENEYE","og_description":"Impronta - Make-up permanente - Sistemi permanenti GOLDENEYE","og_url":"https:\/\/goldeneye.de\/it\/permanent-make-up\/impronta\/","og_site_name":"Permanent Make-Up - GOLDENEYE Permanent Systems","article_publisher":"https:\/\/www.facebook.com\/GoldeneyePermanentSystemGmbH","article_modified_time":"2021-08-26T10:16:13+00:00","twitter_card":"summary_large_image","twitter_misc":{"Tempo di lettura stimato":"3 minuti"},"schema":{"@context":"https:\/\/schema.org","@graph":[{"@type":"WebPage","@id":"https:\/\/goldeneye.de\/it\/permanent-make-up\/impronta\/","url":"https:\/\/goldeneye.de\/it\/permanent-make-up\/impronta\/","name":"Impronta - Make-up permanente - Sistemi permanenti GOLDENEYE","isPartOf":{"@id":"https:\/\/goldeneye.de\/it\/#website"},"datePublished":"2021-08-24T14:56:21+00:00","dateModified":"2021-08-26T10:16:13+00:00","description":"Impronta - Make-up permanente - Sistemi permanenti GOLDENEYE","breadcrumb":{"@id":"https:\/\/goldeneye.de\/it\/permanent-make-up\/impronta\/#breadcrumb"},"inLanguage":"it-IT","potentialAction":[{"@type":"ReadAction","target":["https:\/\/goldeneye.de\/it\/permanent-make-up\/impronta\/"]}]},{"@type":"BreadcrumbList","@id":"https:\/\/goldeneye.de\/it\/permanent-make-up\/impronta\/#breadcrumb","itemListElement":[{"@type":"ListItem","position":1,"name":"Startseite","item":"https:\/\/goldeneye.de\/it\/"},{"@type":"ListItem","position":2,"name":"Trucco permanente","item":"https:\/\/goldeneye.de\/it\/"},{"@type":"ListItem","position":3,"name":"Impronta"}]},{"@type":"WebSite","@id":"https:\/\/goldeneye.de\/it\/#website","url":"https:\/\/goldeneye.de\/it\/","name":"Permanent Make-Up - GOLDENEYE Permanent Systems","description":"Micropigmentation, Permanent Make-Up, Nanoblading","potentialAction":[{"@type":"SearchAction","target":{"@type":"EntryPoint","urlTemplate":"https:\/\/goldeneye.de\/it\/?s={search_term_string}"},"query-input":{"@type":"PropertyValueSpecification","valueRequired":true,"valueName":"search_term_string"}}],"inLanguage":"it-IT"}]}},"_links":{"self":[{"href":"https:\/\/goldeneye.de\/it\/wp-json\/wp\/v2\/pages\/82467","targetHints":{"allow":["GET"]}}],"collection":[{"href":"https:\/\/goldeneye.de\/it\/wp-json\/wp\/v2\/pages"}],"about":[{"href":"https:\/\/goldeneye.de\/it\/wp-json\/wp\/v2\/types\/page"}],"author":[{"embeddable":true,"href":"https:\/\/goldeneye.de\/it\/wp-json\/wp\/v2\/users\/3"}],"replies":[{"embeddable":true,"href":"https:\/\/goldeneye.de\/it\/wp-json\/wp\/v2\/comments?post=82467"}],"version-history":[{"count":2,"href":"https:\/\/goldeneye.de\/it\/wp-json\/wp\/v2\/pages\/82467\/revisions"}],"predecessor-version":[{"id":82473,"href":"https:\/\/goldeneye.de\/it\/wp-json\/wp\/v2\/pages\/82467\/revisions\/82473"}],"up":[{"embeddable":true,"href":"https:\/\/goldeneye.de\/it\/wp-json\/wp\/v2\/pages\/82284"}],"wp:attachment":[{"href":"https:\/\/goldeneye.de\/it\/wp-json\/wp\/v2\/media?parent=82467"}],"curies":[{"name":"wp","href":"https:\/\/api.w.org\/{rel}","templated":true}]}}