{"id":82387,"date":"2021-08-24T16:03:47","date_gmt":"2021-08-24T14:03:47","guid":{"rendered":"https:\/\/goldeneye.de\/?page_id=82387"},"modified":"2021-08-26T12:06:59","modified_gmt":"2021-08-26T10:06:59","slug":"la-compagnia-goldeneye","status":"publish","type":"page","link":"https:\/\/goldeneye.de\/it\/permanent-make-up\/la-compagnia-goldeneye\/","title":{"rendered":"La compagnia Goldeneye"},"content":{"rendered":"<div class=\"wpb-content-wrapper\"><p>[vc_row row_height_percent=&#8221;0&#8243; override_padding=&#8221;yes&#8221; h_padding=&#8221;2&#8243; top_padding=&#8221;5&#8243; bottom_padding=&#8221;5&#8243; back_color=&#8221;color-998874&#8243; overlay_alpha=&#8221;50&#8243; gutter_size=&#8221;3&#8243; column_width_percent=&#8221;100&#8243; shift_y=&#8221;0&#8243; z_index=&#8221;0&#8243; row_name=&#8221;Goldeneye&#8221; uncode_shortcode_id=&#8221;127436&#8243; back_color_type=&#8221;uncode-palette&#8221; shape_dividers=&#8221;&#8221;][vc_column column_width_percent=&#8221;100&#8243; position_vertical=&#8221;middle&#8221; gutter_size=&#8221;5&#8243; overlay_alpha=&#8221;50&#8243; shift_x=&#8221;0&#8243; shift_y=&#8221;0&#8243; shift_y_down=&#8221;0&#8243; z_index=&#8221;0&#8243; medium_width=&#8221;0&#8243; mobile_width=&#8221;0&#8243; width=&#8221;1\/1&#8243;][vc_row_inner row_inner_height_percent=&#8221;0&#8243; overlay_alpha=&#8221;50&#8243; gutter_size=&#8221;4&#8243; shift_y=&#8221;0&#8243; z_index=&#8221;0&#8243;][vc_column_inner column_width_percent=&#8221;100&#8243; position_vertical=&#8221;bottom&#8221; gutter_size=&#8221;2&#8243; overlay_alpha=&#8221;50&#8243; shift_x=&#8221;0&#8243; shift_y=&#8221;0&#8243; shift_y_down=&#8221;0&#8243; z_index=&#8221;0&#8243; medium_width=&#8221;0&#8243; mobile_width=&#8221;0&#8243; width=&#8221;1\/1&#8243;][vc_custom_heading text_size=&#8221;fontsize-155944&#8243; text_weight=&#8221;300&#8243;]Goldeneye<br \/>\nPermanent Systems GmbH[\/vc_custom_heading][vc_custom_heading heading_semantic=&#8221;p&#8221; text_size=&#8221;h4&#8243; text_weight=&#8221;300&#8243; text_height=&#8221;fontheight-357766&#8243; uncode_shortcode_id=&#8221;121152&#8243;]Il trucco permanente o micropigmentazione \u00e8 un&#8217;arte che richiede un occhio impeccabile e visagista, nonch\u00e9 una tecnica all&#8217;avanguardia e un grande talento. Solo pochi in Germania si possono annoverare nell&#8217;\u00e9lite dei pigmentisti, alla quale appartengono senza dubbio Ren\u00e9 La Fontaine e Holger Hoffmann. Holger Hoffmann si \u00e8 affermato come un luminare nel campo dello sviluppo dei prodotti attraverso i suoi molti anni di esperienza come Micropigmentations Advanced Master Trainer e star del make-up. Per molti anni, tutti i formatori Goldeneye in patria e all&#8217;estero hanno lavorato con una dedizione incrollabile per insegnare ai loro protetti l&#8217;amore della loro professione con tutta la sua perfezione. Per molti anni, Goldeneye \u00e8 stato sinonimo dei pi\u00f9 alti standard di qualit\u00e0 per i pigmenti, dell&#8217;alta tecnologia Made in Germany e della moderna ed esigente formazione al pi\u00f9 alto livello in cui Goldeneye plasma il talento nella perfezione. L&#8217;obiettivo non \u00e8 solo quello di soddisfare le pi\u00f9 alte esigenze artistiche, ma anche di rispettare tutte le norme igieniche. \u00c8 cos\u00ec che Goldeneye \u00e8 diventato un pioniere nell&#8217;igiene e nella certificazione dei prodotti. Il nostro rapporto con i clienti si basa sulla qualit\u00e0, la partnership e il supporto, non su obblighi e contratti![\/vc_custom_heading][\/vc_column_inner][\/vc_row_inner][vc_row_inner][vc_column_inner width=&#8221;1\/1&#8243;][vc_gallery el_id=&#8221;gallery-115572&#8243; medias=&#8221;80518,80395,80398,80401,80404,80407,80410,80413,80416,80419,80422,80425,80428,80434,80437,80440,80443,80446,80449,80452,80458,80461,80464,80467,80476,80479,80482,80488,80491,80497,80500,80503,80506,80509,80512,80515,80521,80524,80527,80530,80533,80536,80539,80542,80545,80548,80551,80554,80557,80560,80566,80569,80572,80575,80578,80581,80584,80590,80593,80596,80599,80602,80605,80608&#8243; gutter_size=&#8221;0&#8243; screen_lg=&#8221;600&#8243; screen_md=&#8221;600&#8243; screen_sm=&#8221;100&#8243; single_width=&#8221;3&#8243; images_size=&#8221;four-three&#8221; single_overlay_color=&#8221;accent&#8221; single_overlay_opacity=&#8221;40&#8243; single_image_coloration=&#8221;desaturated&#8221; single_image_anim=&#8221;no&#8221; single_h_align=&#8221;center&#8221; single_padding=&#8221;2&#8243; single_icon=&#8221;fa fa-plus2&#8243; single_border=&#8221;yes&#8221; single_css_animation=&#8221;zoom-in&#8221; single_animation_delay=&#8221;200&#8243;][\/vc_column_inner][\/vc_row_inner][\/vc_column][\/vc_row][vc_row row_height_percent=&#8221;0&#8243; override_padding=&#8221;yes&#8221; h_padding=&#8221;2&#8243; top_padding=&#8221;5&#8243; bottom_padding=&#8221;5&#8243; back_color=&#8221;color-120844&#8243; overlay_alpha=&#8221;50&#8243; gutter_size=&#8221;3&#8243; column_width_percent=&#8221;100&#8243; shift_y=&#8221;0&#8243; z_index=&#8221;0&#8243; row_name=&#8221;Carit\u00e0&#8221; uncode_shortcode_id=&#8221;135233&#8243; back_color_type=&#8221;uncode-palette&#8221; shape_dividers=&#8221;&#8221;][vc_column column_width_percent=&#8221;100&#8243; position_vertical=&#8221;middle&#8221; gutter_size=&#8221;5&#8243; overlay_alpha=&#8221;50&#8243; shift_x=&#8221;0&#8243; shift_y=&#8221;0&#8243; shift_y_down=&#8221;0&#8243; z_index=&#8221;0&#8243; medium_width=&#8221;0&#8243; mobile_width=&#8221;0&#8243; width=&#8221;1\/1&#8243;][vc_row_inner row_inner_height_percent=&#8221;0&#8243; overlay_alpha=&#8221;50&#8243; gutter_size=&#8221;4&#8243; shift_y=&#8221;0&#8243; z_index=&#8221;0&#8243;][vc_column_inner column_width_percent=&#8221;100&#8243; position_vertical=&#8221;bottom&#8221; gutter_size=&#8221;3&#8243; overlay_alpha=&#8221;50&#8243; shift_x=&#8221;0&#8243; shift_y=&#8221;0&#8243; shift_y_down=&#8221;0&#8243; z_index=&#8221;0&#8243; medium_width=&#8221;0&#8243; mobile_width=&#8221;0&#8243; width=&#8221;1\/3&#8243;][vc_single_image media=&#8221;80619&#8243; media_lightbox=&#8221;yes&#8221; media_width_percent=&#8221;100&#8243; lbox_skin=&#8221;white&#8221;][\/vc_column_inner][vc_column_inner column_width_percent=&#8221;100&#8243; position_vertical=&#8221;bottom&#8221; gutter_size=&#8221;2&#8243; overlay_alpha=&#8221;50&#8243; shift_x=&#8221;0&#8243; shift_y=&#8221;0&#8243; shift_y_down=&#8221;0&#8243; z_index=&#8221;0&#8243; medium_width=&#8221;0&#8243; mobile_width=&#8221;0&#8243; width=&#8221;2\/3&#8243;][vc_custom_heading text_size=&#8221;fontsize-155944&#8243; text_weight=&#8221;300&#8243; uncode_shortcode_id=&#8221;756423&#8243;]Con Goldeneye &#8230; per un mondo migliore![\/vc_custom_heading][vc_custom_heading heading_semantic=&#8221;p&#8221; text_size=&#8221;h4&#8243; text_weight=&#8221;300&#8243; text_height=&#8221;fontheight-357766&#8243; uncode_shortcode_id=&#8221;245990&#8243;]Goldeneye \u00e8 stato attivamente coinvolto in questioni ambientali, umane e animali per anni. Come azienda, consideriamo nostra responsabilit\u00e0 sostenere i bisogni del nostro pianeta e dei suoi abitanti e trattarli con sostenibilit\u00e0. Il nostro impegno sociale \u00e8 molteplice: in materia di animali, sosteniamo una grande variet\u00e0 di progetti, come la <a href=\"https:\/\/www.peta.org\/international\/\">PETA Vanguard Society<\/a>, che si batte contro gli abusi sugli animali, la NABU Nature and Biodiversity Conservation Union, per la conservazione della biodiversit\u00e0 nella regione del Basso Reno, sponsorizziamo scimmie e delfini con Pro Wildlife e WDSF, e aiutiamo anche il progetto animalista Lavida per dare una vita migliore a cani e gatti della Spagna donando cibo e medicine. In termini di persone, contribuiamo all&#8217;ospizio per <a href=\"https:\/\/sternenbruecke.de\/home\">bambini Sternenbr\u00fccke<\/a>, <a href=\"https:\/\/www.krebshilfe.de\/deutsche-kinderkrebshilfe\/\">alla beneficenza per il cancro dei bambini<\/a>, <a href=\"https:\/\/offroadkids.de\">all&#8217;organizzazione Off Road Kids<\/a>, oltre a raccogliere donazioni in natura, vestiti, denaro e medicine per la Fondazione Samarpan in India. La sostenibilit\u00e0 e la responsabilit\u00e0 iniziano naturalmente nella nostra stessa azienda. Ecco perch\u00e9 non usiamo alcun test sugli animali nello sviluppo dei nostri prodotti. Tutto il materiale stampato \u00e8 prodotto in modo da ridurre le emissioni di CO\u00b2.[\/vc_custom_heading][\/vc_column_inner][\/vc_row_inner][\/vc_column][\/vc_row][vc_row row_height_percent=&#8221;45&#8243; override_padding=&#8221;yes&#8221; h_padding=&#8221;2&#8243; top_padding=&#8221;7&#8243; bottom_padding=&#8221;7&#8243; back_image=&#8221;79652&#8243; parallax=&#8221;yes&#8221; overlay_alpha=&#8221;10&#8243; gutter_size=&#8221;3&#8243; column_width_percent=&#8221;100&#8243; shift_y=&#8221;0&#8243; z_index=&#8221;2&#8243; bottom_divider=&#8221;step_2_3&#8243;][vc_column column_width_use_pixel=&#8221;yes&#8221; position_vertical=&#8221;middle&#8221; align_horizontal=&#8221;align_center&#8221; gutter_size=&#8221;3&#8243; style=&#8221;dark&#8221; overlay_alpha=&#8221;50&#8243; shift_x=&#8221;0&#8243; shift_y=&#8221;0&#8243; shift_y_down=&#8221;0&#8243; shift_y_down_fixed=&#8221;yes&#8221; z_index=&#8221;0&#8243; medium_width=&#8221;0&#8243; align_mobile=&#8221;align_center_mobile&#8221; mobile_width=&#8221;0&#8243; width=&#8221;1\/1&#8243; column_width_pixel=&#8221;1000&#8243;][\/vc_column][\/vc_row]<\/p>\n<\/div>","protected":false},"excerpt":{"rendered":"<p>[vc_row row_height_percent=&#8221;0&#8243; override_padding=&#8221;yes&#8221; h_padding=&#8221;2&#8243; top_padding=&#8221;5&#8243; bottom_padding=&#8221;5&#8243; back_color=&#8221;color-998874&#8243; overlay_alpha=&#8221;50&#8243; gutter_size=&#8221;3&#8243; column_width_percent=&#8221;100&#8243; shift_y=&#8221;0&#8243; z_index=&#8221;0&#8243; row_name=&#8221;Goldeneye&#8221; uncode_shortcode_id=&#8221;127436&#8243; back_color_type=&#8221;uncode-palette&#8221; shape_dividers=&#8221;&#8221;][vc_column column_width_percent=&#8221;100&#8243; position_vertical=&#8221;middle&#8221; gutter_size=&#8221;5&#8243; overlay_alpha=&#8221;50&#8243; [&hellip;]<\/p>\n","protected":false},"author":3,"featured_media":0,"parent":82284,"menu_order":0,"comment_status":"closed","ping_status":"closed","template":"","meta":{"footnotes":""},"class_list":["post-82387","page","type-page","status-publish","hentry"],"yoast_head":"<!-- This site is optimized with the Yoast SEO plugin v24.8 - https:\/\/yoast.com\/wordpress\/plugins\/seo\/ -->\n<title>Chi siamo - L&#039;azienda - GOLDENEYE Permanent Systems<\/title>\n<meta name=\"description\" content=\"Da molti anni, i formatori Goldeneye lavorano in patria e all&#039;estero con dedizione per insegnare ai loro protetti l&#039;amore per la professione con tutta la perfezione.\" \/>\n<meta name=\"robots\" content=\"index, follow, max-snippet:-1, max-image-preview:large, max-video-preview:-1\" \/>\n<link rel=\"canonical\" href=\"https:\/\/goldeneye.de\/it\/permanent-make-up\/la-compagnia-goldeneye\/\" \/>\n<meta property=\"og:locale\" content=\"it_IT\" \/>\n<meta property=\"og:type\" content=\"article\" \/>\n<meta property=\"og:title\" content=\"Chi siamo - L&#039;azienda - GOLDENEYE Permanent Systems\" \/>\n<meta property=\"og:description\" content=\"Da molti anni, i formatori Goldeneye lavorano in patria e all&#039;estero con dedizione per insegnare ai loro protetti l&#039;amore per la professione con tutta la perfezione.\" \/>\n<meta property=\"og:url\" content=\"https:\/\/goldeneye.de\/it\/permanent-make-up\/la-compagnia-goldeneye\/\" \/>\n<meta property=\"og:site_name\" content=\"Permanent Make-Up - GOLDENEYE Permanent Systems\" \/>\n<meta property=\"article:publisher\" content=\"https:\/\/www.facebook.com\/GoldeneyePermanentSystemGmbH\" \/>\n<meta property=\"article:modified_time\" content=\"2021-08-26T10:06:59+00:00\" \/>\n<meta name=\"twitter:card\" content=\"summary_large_image\" \/>\n<meta name=\"twitter:label1\" content=\"Tempo di lettura stimato\" \/>\n\t<meta name=\"twitter:data1\" content=\"3 minuti\" \/>\n<script type=\"application\/ld+json\" class=\"yoast-schema-graph\">{\"@context\":\"https:\/\/schema.org\",\"@graph\":[{\"@type\":\"WebPage\",\"@id\":\"https:\/\/goldeneye.de\/it\/permanent-make-up\/la-compagnia-goldeneye\/\",\"url\":\"https:\/\/goldeneye.de\/it\/permanent-make-up\/la-compagnia-goldeneye\/\",\"name\":\"Chi siamo - L'azienda - GOLDENEYE Permanent Systems\",\"isPartOf\":{\"@id\":\"https:\/\/goldeneye.de\/it\/#website\"},\"datePublished\":\"2021-08-24T14:03:47+00:00\",\"dateModified\":\"2021-08-26T10:06:59+00:00\",\"description\":\"Da molti anni, i formatori Goldeneye lavorano in patria e all'estero con dedizione per insegnare ai loro protetti l'amore per la professione con tutta la perfezione.\",\"breadcrumb\":{\"@id\":\"https:\/\/goldeneye.de\/it\/permanent-make-up\/la-compagnia-goldeneye\/#breadcrumb\"},\"inLanguage\":\"it-IT\",\"potentialAction\":[{\"@type\":\"ReadAction\",\"target\":[\"https:\/\/goldeneye.de\/it\/permanent-make-up\/la-compagnia-goldeneye\/\"]}]},{\"@type\":\"BreadcrumbList\",\"@id\":\"https:\/\/goldeneye.de\/it\/permanent-make-up\/la-compagnia-goldeneye\/#breadcrumb\",\"itemListElement\":[{\"@type\":\"ListItem\",\"position\":1,\"name\":\"Startseite\",\"item\":\"https:\/\/goldeneye.de\/it\/\"},{\"@type\":\"ListItem\",\"position\":2,\"name\":\"Trucco permanente\",\"item\":\"https:\/\/goldeneye.de\/it\/\"},{\"@type\":\"ListItem\",\"position\":3,\"name\":\"La compagnia Goldeneye\"}]},{\"@type\":\"WebSite\",\"@id\":\"https:\/\/goldeneye.de\/it\/#website\",\"url\":\"https:\/\/goldeneye.de\/it\/\",\"name\":\"Permanent Make-Up - GOLDENEYE Permanent Systems\",\"description\":\"Micropigmentation, Permanent Make-Up, Nanoblading\",\"potentialAction\":[{\"@type\":\"SearchAction\",\"target\":{\"@type\":\"EntryPoint\",\"urlTemplate\":\"https:\/\/goldeneye.de\/it\/?s={search_term_string}\"},\"query-input\":{\"@type\":\"PropertyValueSpecification\",\"valueRequired\":true,\"valueName\":\"search_term_string\"}}],\"inLanguage\":\"it-IT\"}]}<\/script>\n<!-- \/ Yoast SEO plugin. -->","yoast_head_json":{"title":"Chi siamo - L'azienda - GOLDENEYE Permanent Systems","description":"Da molti anni, i formatori Goldeneye lavorano in patria e all'estero con dedizione per insegnare ai loro protetti l'amore per la professione con tutta la perfezione.","robots":{"index":"index","follow":"follow","max-snippet":"max-snippet:-1","max-image-preview":"max-image-preview:large","max-video-preview":"max-video-preview:-1"},"canonical":"https:\/\/goldeneye.de\/it\/permanent-make-up\/la-compagnia-goldeneye\/","og_locale":"it_IT","og_type":"article","og_title":"Chi siamo - L'azienda - GOLDENEYE Permanent Systems","og_description":"Da molti anni, i formatori Goldeneye lavorano in patria e all'estero con dedizione per insegnare ai loro protetti l'amore per la professione con tutta la perfezione.","og_url":"https:\/\/goldeneye.de\/it\/permanent-make-up\/la-compagnia-goldeneye\/","og_site_name":"Permanent Make-Up - GOLDENEYE Permanent Systems","article_publisher":"https:\/\/www.facebook.com\/GoldeneyePermanentSystemGmbH","article_modified_time":"2021-08-26T10:06:59+00:00","twitter_card":"summary_large_image","twitter_misc":{"Tempo di lettura stimato":"3 minuti"},"schema":{"@context":"https:\/\/schema.org","@graph":[{"@type":"WebPage","@id":"https:\/\/goldeneye.de\/it\/permanent-make-up\/la-compagnia-goldeneye\/","url":"https:\/\/goldeneye.de\/it\/permanent-make-up\/la-compagnia-goldeneye\/","name":"Chi siamo - L'azienda - GOLDENEYE Permanent Systems","isPartOf":{"@id":"https:\/\/goldeneye.de\/it\/#website"},"datePublished":"2021-08-24T14:03:47+00:00","dateModified":"2021-08-26T10:06:59+00:00","description":"Da molti anni, i formatori Goldeneye lavorano in patria e all'estero con dedizione per insegnare ai loro protetti l'amore per la professione con tutta la perfezione.","breadcrumb":{"@id":"https:\/\/goldeneye.de\/it\/permanent-make-up\/la-compagnia-goldeneye\/#breadcrumb"},"inLanguage":"it-IT","potentialAction":[{"@type":"ReadAction","target":["https:\/\/goldeneye.de\/it\/permanent-make-up\/la-compagnia-goldeneye\/"]}]},{"@type":"BreadcrumbList","@id":"https:\/\/goldeneye.de\/it\/permanent-make-up\/la-compagnia-goldeneye\/#breadcrumb","itemListElement":[{"@type":"ListItem","position":1,"name":"Startseite","item":"https:\/\/goldeneye.de\/it\/"},{"@type":"ListItem","position":2,"name":"Trucco permanente","item":"https:\/\/goldeneye.de\/it\/"},{"@type":"ListItem","position":3,"name":"La compagnia Goldeneye"}]},{"@type":"WebSite","@id":"https:\/\/goldeneye.de\/it\/#website","url":"https:\/\/goldeneye.de\/it\/","name":"Permanent Make-Up - GOLDENEYE Permanent Systems","description":"Micropigmentation, Permanent Make-Up, Nanoblading","potentialAction":[{"@type":"SearchAction","target":{"@type":"EntryPoint","urlTemplate":"https:\/\/goldeneye.de\/it\/?s={search_term_string}"},"query-input":{"@type":"PropertyValueSpecification","valueRequired":true,"valueName":"search_term_string"}}],"inLanguage":"it-IT"}]}},"_links":{"self":[{"href":"https:\/\/goldeneye.de\/it\/wp-json\/wp\/v2\/pages\/82387","targetHints":{"allow":["GET"]}}],"collection":[{"href":"https:\/\/goldeneye.de\/it\/wp-json\/wp\/v2\/pages"}],"about":[{"href":"https:\/\/goldeneye.de\/it\/wp-json\/wp\/v2\/types\/page"}],"author":[{"embeddable":true,"href":"https:\/\/goldeneye.de\/it\/wp-json\/wp\/v2\/users\/3"}],"replies":[{"embeddable":true,"href":"https:\/\/goldeneye.de\/it\/wp-json\/wp\/v2\/comments?post=82387"}],"version-history":[{"count":2,"href":"https:\/\/goldeneye.de\/it\/wp-json\/wp\/v2\/pages\/82387\/revisions"}],"predecessor-version":[{"id":82464,"href":"https:\/\/goldeneye.de\/it\/wp-json\/wp\/v2\/pages\/82387\/revisions\/82464"}],"up":[{"embeddable":true,"href":"https:\/\/goldeneye.de\/it\/wp-json\/wp\/v2\/pages\/82284"}],"wp:attachment":[{"href":"https:\/\/goldeneye.de\/it\/wp-json\/wp\/v2\/media?parent=82387"}],"curies":[{"name":"wp","href":"https:\/\/api.w.org\/{rel}","templated":true}]}}