{"id":82371,"date":"2021-08-24T15:30:56","date_gmt":"2021-08-24T13:30:56","guid":{"rendered":"https:\/\/goldeneye.de\/?page_id=82371"},"modified":"2021-08-26T12:05:36","modified_gmt":"2021-08-26T10:05:36","slug":"micropigmentazione-accademia-goldeneye","status":"publish","type":"page","link":"https:\/\/goldeneye.de\/it\/permanent-make-up\/micropigmentazione-accademia-goldeneye\/","title":{"rendered":"Micropigmentazione Accademia Goldeneye"},"content":{"rendered":"<div class=\"wpb-content-wrapper\"><p>[vc_row row_height_percent=&#8221;0&#8243; override_padding=&#8221;yes&#8221; h_padding=&#8221;2&#8243; top_padding=&#8221;4&#8243; bottom_padding=&#8221;4&#8243; back_color=&#8221;color-998874&#8243; overlay_alpha=&#8221;50&#8243; gutter_size=&#8221;3&#8243; column_width_percent=&#8221;100&#8243; shift_y=&#8221;0&#8243; z_index=&#8221;0&#8243; row_name=&#8221;Accademia Goldeneye&#8221; uncode_shortcode_id=&#8221;601288&#8243; back_color_type=&#8221;uncode-palette&#8221; shape_dividers=&#8221;&#8221;][vc_column column_width_percent=&#8221;100&#8243; position_vertical=&#8221;middle&#8221; gutter_size=&#8221;5&#8243; overlay_alpha=&#8221;50&#8243; shift_x=&#8221;0&#8243; shift_y=&#8221;0&#8243; shift_y_down=&#8221;0&#8243; z_index=&#8221;0&#8243; medium_width=&#8221;0&#8243; mobile_width=&#8221;0&#8243; width=&#8221;1\/1&#8243;][vc_row_inner row_inner_height_percent=&#8221;0&#8243; overlay_alpha=&#8221;50&#8243; gutter_size=&#8221;4&#8243; shift_y=&#8221;0&#8243; z_index=&#8221;0&#8243;][vc_column_inner column_width_percent=&#8221;100&#8243; gutter_size=&#8221;2&#8243; overlay_alpha=&#8221;50&#8243; shift_x=&#8221;0&#8243; shift_y=&#8221;0&#8243; shift_y_down=&#8221;0&#8243; z_index=&#8221;0&#8243; medium_width=&#8221;0&#8243; mobile_width=&#8221;0&#8243; width=&#8221;2\/3&#8243;][vc_custom_heading text_size=&#8221;fontsize-155944&#8243; text_weight=&#8221;300&#8243; uncode_shortcode_id=&#8221;136801&#8243;]Il Goldeneye<br \/>\nAccademia di micropigmentazione[\/vc_custom_heading][vc_custom_heading text_size=&#8221;h4&#8243; text_weight=&#8221;300&#8243; text_height=&#8221;fontheight-357766&#8243; uncode_shortcode_id=&#8221;179230&#8243;]Il metodo di micropigmentazione Goldeneye, che ha vinto diversi premi di fila per molti anni, \u00e8 sinonimo di formazione intensiva PMU, educazione differenziata, cura olistica e un approccio basato sulla partnership.[\/vc_custom_heading][\/vc_column_inner][vc_column_inner width=&#8221;1\/3&#8243;][\/vc_column_inner][\/vc_row_inner][vc_row_inner][vc_column_inner width=&#8221;1\/1&#8243;][vc_gallery el_id=&#8221;gallery-115572&#8243; medias=&#8221;79786,79785,79783,79782,79781,79780,79779,79778,79777,79776,79775,80515&#8243; gutter_size=&#8221;0&#8243; screen_lg=&#8221;600&#8243; screen_md=&#8221;600&#8243; screen_sm=&#8221;100&#8243; single_width=&#8221;3&#8243; images_size=&#8221;four-three&#8221; single_overlay_opacity=&#8221;1&#8243; single_image_coloration=&#8221;desaturated&#8221; single_image_color_anim=&#8221;yes&#8221; single_image_anim=&#8221;no&#8221; single_h_align=&#8221;center&#8221; single_padding=&#8221;2&#8243; single_icon=&#8221;fa fa-plus2&#8243; single_border=&#8221;yes&#8221; single_css_animation=&#8221;zoom-in&#8221; single_animation_delay=&#8221;200&#8243;][\/vc_column_inner][\/vc_row_inner][\/vc_column][\/vc_row][vc_row row_height_percent=&#8221;0&#8243; override_padding=&#8221;yes&#8221; h_padding=&#8221;2&#8243; top_padding=&#8221;4&#8243; bottom_padding=&#8221;3&#8243; back_color=&#8221;color-120844&#8243; overlay_alpha=&#8221;50&#8243; gutter_size=&#8221;3&#8243; column_width_percent=&#8221;100&#8243; shift_y=&#8221;0&#8243; z_index=&#8221;0&#8243; row_name=&#8221;Educazione PMU&#8221; uncode_shortcode_id=&#8221;187787&#8243; back_color_type=&#8221;uncode-palette&#8221; shape_dividers=&#8221;&#8221;][vc_column width=&#8221;2\/3&#8243;][vc_custom_heading text_size=&#8221;fontsize-155944&#8243; text_weight=&#8221;300&#8243; text_space=&#8221;fontspace-781688&#8243; uncode_shortcode_id=&#8221;143283&#8243;]La formazione Goldeneye PMU[\/vc_custom_heading][vc_custom_heading heading_semantic=&#8221;p&#8221; text_size=&#8221;h4&#8243; text_weight=&#8221;300&#8243; text_height=&#8221;fontheight-357766&#8243; uncode_shortcode_id=&#8221;108511&#8243;]Si tratta di essere in grado di pigmentare, non di risparmiare! Non lesiniamo in competenza, formazione e pratica per il vostro successo nell&#8217;implementazione! Con noi, l&#8217;attenzione \u00e8 su di voi! Un&#8217;ottima formazione assicura una carriera di successo come Pigmentist\u00ae.[\/vc_custom_heading][vc_custom_heading heading_semantic=&#8221;p&#8221; text_size=&#8221;h4&#8243; text_weight=&#8221;300&#8243; text_height=&#8221;fontheight-357766&#8243; uncode_shortcode_id=&#8221;199001&#8243;]La formazione PMU alla Goldeneye \u00e8 intensiva, specializzata e pratica. Metti insieme il tuo programma di formazione ora &#8211; non importa se sei nuovo alla pigmentazione o se stai gi\u00e0 pigmentando con successo.[\/vc_custom_heading][\/vc_column][vc_column width=&#8221;1\/3&#8243;][\/vc_column][\/vc_row][vc_row row_height_percent=&#8221;0&#8243; override_padding=&#8221;yes&#8221; h_padding=&#8221;2&#8243; top_padding=&#8221;1&#8243; bottom_padding=&#8221;3&#8243; back_color=&#8221;color-120844&#8243; overlay_alpha=&#8221;50&#8243; gutter_size=&#8221;3&#8243; column_width_percent=&#8221;100&#8243; shift_y=&#8221;0&#8243; z_index=&#8221;0&#8243;][vc_column column_width_percent=&#8221;100&#8243; gutter_size=&#8221;3&#8243; overlay_alpha=&#8221;50&#8243; shift_x=&#8221;0&#8243; shift_y=&#8221;0&#8243; shift_y_down=&#8221;0&#8243; z_index=&#8221;0&#8243; medium_width=&#8221;0&#8243; mobile_width=&#8221;0&#8243; width=&#8221;1\/1&#8243;][vc_single_image media=&#8221;82240&#8243; media_lightbox=&#8221;yes&#8221; media_width_percent=&#8221;100&#8243; lbox_skin=&#8221;white&#8221;][\/vc_column][\/vc_row][vc_row row_height_percent=&#8221;0&#8243; override_padding=&#8221;yes&#8221; h_padding=&#8221;2&#8243; top_padding=&#8221;1&#8243; bottom_padding=&#8221;2&#8243; back_color=&#8221;color-120844&#8243; overlay_alpha=&#8221;50&#8243; equal_height=&#8221;yes&#8221; gutter_size=&#8221;3&#8243; column_width_percent=&#8221;100&#8243; shift_y=&#8221;0&#8243; z_index=&#8221;0&#8243;][vc_column column_width_percent=&#8221;100&#8243; gutter_size=&#8221;2&#8243; back_color=&#8221;color-998874&#8243; overlay_alpha=&#8221;50&#8243; shift_x=&#8221;0&#8243; shift_y=&#8221;0&#8243; shift_y_down=&#8221;0&#8243; z_index=&#8221;0&#8243; medium_width=&#8221;0&#8243; mobile_width=&#8221;0&#8243; width=&#8221;1\/3&#8243;][vc_custom_heading text_size=&#8221;h4&#8243; text_weight=&#8221;500&#8243; text_space=&#8221;fontspace-781688&#8243; uncode_shortcode_id=&#8221;370376&#8243;]Pigmentista\u00ae<\/p>\n<p>BRONZO[\/vc_custom_heading][vc_custom_heading text_size=&#8221;h4&#8243; text_weight=&#8221;300&#8243; text_space=&#8221;fontspace-781688&#8243; uncode_shortcode_id=&#8221;105390&#8243;]Prezzo: \u20ac 500,00[\/vc_custom_heading][vc_button button_color=&#8221;accent&#8221; radius=&#8221;btn-round&#8221; wide=&#8221;yes&#8221; border_width=&#8221;0&#8243; link=&#8221;url:http%3A%2F%2Fgoldeneye.academy%2FKurse%2Fpigmentist1%2F||target:%20_blank|&#8221; button_color_type=&#8221;uncode-palette&#8221; uncode_shortcode_id=&#8221;126318&#8243;]Pigmentista\u00ae Bronzo[\/vc_button][\/vc_column][vc_column column_width_percent=&#8221;100&#8243; gutter_size=&#8221;2&#8243; back_color=&#8221;color-998874&#8243; overlay_alpha=&#8221;50&#8243; shift_x=&#8221;0&#8243; shift_y=&#8221;0&#8243; shift_y_down=&#8221;0&#8243; z_index=&#8221;0&#8243; medium_width=&#8221;0&#8243; mobile_width=&#8221;0&#8243; width=&#8221;1\/3&#8243;][vc_custom_heading text_size=&#8221;h4&#8243; text_weight=&#8221;500&#8243; text_space=&#8221;fontspace-781688&#8243; uncode_shortcode_id=&#8221;189096&#8243;]Pigmentista\u00ae<\/p>\n<p>ARGENTO[\/vc_custom_heading][vc_custom_heading text_size=&#8221;h4&#8243; text_weight=&#8221;300&#8243; text_space=&#8221;fontspace-781688&#8243; uncode_shortcode_id=&#8221;178120&#8243;]Prezzo: \u20ac 300,00[\/vc_custom_heading][vc_button button_color=&#8221;accent&#8221; radius=&#8221;btn-round&#8221; wide=&#8221;yes&#8221; border_width=&#8221;0&#8243; link=&#8221;url:http%3A%2F%2Fgoldeneye.academy%2FKurse%2Fpigmentist-2%2F||target:%20_blank|&#8221; button_color_type=&#8221;uncode-palette&#8221; uncode_shortcode_id=&#8221;153373&#8243;]Pigmentista\u00ae Argento[\/vc_button][\/vc_column][vc_column column_width_percent=&#8221;100&#8243; gutter_size=&#8221;2&#8243; back_color=&#8221;color-998874&#8243; overlay_alpha=&#8221;50&#8243; shift_x=&#8221;0&#8243; shift_y=&#8221;0&#8243; shift_y_down=&#8221;0&#8243; z_index=&#8221;0&#8243; medium_width=&#8221;0&#8243; mobile_width=&#8221;0&#8243; width=&#8221;1\/3&#8243;][vc_custom_heading text_size=&#8221;h4&#8243; text_weight=&#8221;500&#8243; text_space=&#8221;fontspace-781688&#8243; uncode_shortcode_id=&#8221;801693&#8243;]Pigmentista\u00ae<\/p>\n<p>ORO[\/vc_custom_heading][vc_custom_heading text_size=&#8221;h4&#8243; text_weight=&#8221;300&#8243; text_space=&#8221;fontspace-781688&#8243; uncode_shortcode_id=&#8221;185979&#8243;]Prezzo: \u20ac 2.100,00[\/vc_custom_heading][vc_button button_color=&#8221;accent&#8221; radius=&#8221;btn-round&#8221; wide=&#8221;yes&#8221; border_width=&#8221;0&#8243; link=&#8221;url:http%3A%2F%2Fgoldeneye.academy%2FKurse%2Fpigmentist-3%2F||target:%20_blank|&#8221; button_color_type=&#8221;uncode-palette&#8221; uncode_shortcode_id=&#8221;162136&#8243;]Pigmentista\u00ae Oro[\/vc_button][\/vc_column][\/vc_row][vc_row row_height_percent=&#8221;0&#8243; override_padding=&#8221;yes&#8221; h_padding=&#8221;2&#8243; top_padding=&#8221;0&#8243; bottom_padding=&#8221;4&#8243; back_color=&#8221;color-120844&#8243; overlay_alpha=&#8221;50&#8243; equal_height=&#8221;yes&#8221; gutter_size=&#8221;3&#8243; column_width_percent=&#8221;100&#8243; shift_y=&#8221;0&#8243; z_index=&#8221;0&#8243;][vc_column column_width_percent=&#8221;100&#8243; gutter_size=&#8221;2&#8243; back_color=&#8221;color-998874&#8243; overlay_alpha=&#8221;50&#8243; shift_x=&#8221;0&#8243; shift_y=&#8221;0&#8243; shift_y_down=&#8221;0&#8243; z_index=&#8221;0&#8243; medium_width=&#8221;0&#8243; mobile_width=&#8221;0&#8243; width=&#8221;1\/3&#8243;][vc_custom_heading text_size=&#8221;h4&#8243; text_weight=&#8221;500&#8243; text_space=&#8221;fontspace-781688&#8243; uncode_shortcode_id=&#8221;167732&#8243;]Tricho \/ PigMANtation<\/p>\n<p>Pigmentista\u00ae[\/vc_custom_heading][vc_empty_space empty_h=&#8221;2&#8243;][vc_button button_color=&#8221;accent&#8221; radius=&#8221;btn-round&#8221; wide=&#8221;yes&#8221; border_width=&#8221;0&#8243; link=&#8221;url:https%3A%2F%2Fgoldeneye.academy%2FKurse%2Ftricho-pigmantation%2F||target:%20_blank|&#8221;]Tricho \/ PigMANtation[\/vc_button][\/vc_column][vc_column column_width_percent=&#8221;100&#8243; gutter_size=&#8221;2&#8243; back_color=&#8221;color-998874&#8243; overlay_alpha=&#8221;50&#8243; shift_x=&#8221;0&#8243; shift_y=&#8221;0&#8243; shift_y_down=&#8221;0&#8243; z_index=&#8221;0&#8243; medium_width=&#8221;0&#8243; mobile_width=&#8221;0&#8243; width=&#8221;1\/3&#8243;][vc_custom_heading text_size=&#8221;h4&#8243; text_weight=&#8221;500&#8243; text_space=&#8221;fontspace-781688&#8243; uncode_shortcode_id=&#8221;131799&#8243;]ParaMEDical<\/p>\n<p>Pigmentista\u00ae[\/vc_custom_heading][vc_empty_space empty_h=&#8221;2&#8243;][vc_button button_color=&#8221;accent&#8221; radius=&#8221;btn-round&#8221; wide=&#8221;yes&#8221; border_width=&#8221;0&#8243; link=&#8221;url:https%3A%2F%2Fgoldeneye.academy%2FKurse%2Fparamedical%2F||target:%20_blank|&#8221;]ParaMEDical[\/vc_button][\/vc_column][vc_column column_width_percent=&#8221;100&#8243; gutter_size=&#8221;2&#8243; back_color=&#8221;color-998874&#8243; overlay_alpha=&#8221;50&#8243; shift_x=&#8221;0&#8243; shift_y=&#8221;0&#8243; shift_y_down=&#8221;0&#8243; z_index=&#8221;0&#8243; medium_width=&#8221;0&#8243; mobile_width=&#8221;0&#8243; width=&#8221;1\/3&#8243;][vc_custom_heading text_size=&#8221;h4&#8243; text_weight=&#8221;500&#8243; text_space=&#8221;fontspace-781688&#8243; uncode_shortcode_id=&#8221;133805&#8243;]Micropigmentazione<\/p>\n<p>Competenze individuali[\/vc_custom_heading][vc_custom_heading text_size=&#8221;h4&#8243; text_weight=&#8221;300&#8243; text_space=&#8221;fontspace-781688&#8243; uncode_shortcode_id=&#8221;174149&#8243;]Prezzo da: \u20ac 150,00[\/vc_custom_heading][vc_button button_color=&#8221;accent&#8221; radius=&#8221;btn-round&#8221; wide=&#8221;yes&#8221; border_width=&#8221;0&#8243; link=&#8221;url:http%3A%2F%2Fgoldeneye.academy%2FKurse%2Fmicropigmentation-skills%2F||target:%20_blank|&#8221; button_color_type=&#8221;uncode-palette&#8221; uncode_shortcode_id=&#8221;139999&#8243;]Competenze individuali[\/vc_button][\/vc_column][\/vc_row][vc_row row_height_percent=&#8221;0&#8243; override_padding=&#8221;yes&#8221; h_padding=&#8221;2&#8243; top_padding=&#8221;4&#8243; bottom_padding=&#8221;4&#8243; back_color=&#8221;color-998874&#8243; overlay_alpha=&#8221;50&#8243; gutter_size=&#8221;3&#8243; column_width_percent=&#8221;100&#8243; shift_y=&#8221;0&#8243; z_index=&#8221;0&#8243;][vc_column width=&#8221;2\/3&#8243;][vc_custom_heading text_size=&#8221;fontsize-155944&#8243; text_weight=&#8221;300&#8243; text_space=&#8221;fontspace-781688&#8243; uncode_shortcode_id=&#8221;825382&#8243;]Formazione sul trucco permanente[\/vc_custom_heading][vc_custom_heading heading_semantic=&#8221;p&#8221; text_size=&#8221;h4&#8243; text_weight=&#8221;300&#8243; text_height=&#8221;fontheight-357766&#8243; uncode_shortcode_id=&#8221;181674&#8243;]Il trucco permanente o micropigmentazione \u00e8 un&#8217;arte che richiede un occhio impeccabile e visagista, nonch\u00e9 una tecnica all&#8217;avanguardia e un grande talento. Per molti anni, tutti i formatori Goldeneye in patria e all&#8217;estero hanno lavorato con dedizione incrollabile per insegnare ai loro protetti l&#8217;amore della professione con tutta la perfezione. Per molti anni, Goldeneye \u00e8 stato sinonimo dei pi\u00f9 alti standard di qualit\u00e0 per i pigmenti, dell&#8217;alta tecnologia Made in Germany e della moderna ed esigente formazione al pi\u00f9 alto livello in cui Goldeneye plasma il talento nella perfezione. L&#8217;obiettivo non \u00e8 solo quello di soddisfare le pi\u00f9 alte esigenze artistiche, ma anche di rispettare tutte le norme igieniche. \u00c8 cos\u00ec che Goldeneye \u00e8 diventato un pioniere nell&#8217;igiene e nella certificazione dei prodotti. Il nostro rapporto con i clienti si basa sulla qualit\u00e0, la partnership e il supporto, non su obblighi e contratti![\/vc_custom_heading][\/vc_column][vc_column column_width_percent=&#8221;100&#8243; position_vertical=&#8221;bottom&#8221; gutter_size=&#8221;3&#8243; overlay_alpha=&#8221;50&#8243; shift_x=&#8221;0&#8243; shift_y=&#8221;0&#8243; shift_y_down=&#8221;0&#8243; z_index=&#8221;0&#8243; medium_width=&#8221;0&#8243; mobile_width=&#8221;0&#8243; width=&#8221;1\/3&#8243;][vc_single_image media=&#8221;82236&#8243; media_lightbox=&#8221;yes&#8221; media_width_percent=&#8221;100&#8243;][\/vc_column][\/vc_row][vc_row row_height_percent=&#8221;45&#8243; override_padding=&#8221;yes&#8221; h_padding=&#8221;2&#8243; top_padding=&#8221;7&#8243; bottom_padding=&#8221;7&#8243; back_image=&#8221;79556&#8243; parallax=&#8221;yes&#8221; overlay_alpha=&#8221;10&#8243; gutter_size=&#8221;3&#8243; column_width_percent=&#8221;100&#8243; shift_y=&#8221;0&#8243; z_index=&#8221;2&#8243; bottom_divider=&#8221;step_2_3&#8243;][vc_column column_width_use_pixel=&#8221;yes&#8221; position_vertical=&#8221;middle&#8221; align_horizontal=&#8221;align_center&#8221; gutter_size=&#8221;3&#8243; style=&#8221;dark&#8221; overlay_alpha=&#8221;50&#8243; shift_x=&#8221;0&#8243; shift_y=&#8221;0&#8243; shift_y_down=&#8221;0&#8243; shift_y_down_fixed=&#8221;yes&#8221; z_index=&#8221;0&#8243; medium_width=&#8221;0&#8243; align_mobile=&#8221;align_center_mobile&#8221; mobile_width=&#8221;0&#8243; width=&#8221;1\/1&#8243; column_width_pixel=&#8221;1000&#8243;][\/vc_column][\/vc_row]<\/p>\n<\/div>","protected":false},"excerpt":{"rendered":"<p>[vc_row row_height_percent=&#8221;0&#8243; override_padding=&#8221;yes&#8221; h_padding=&#8221;2&#8243; top_padding=&#8221;4&#8243; bottom_padding=&#8221;4&#8243; back_color=&#8221;color-998874&#8243; overlay_alpha=&#8221;50&#8243; gutter_size=&#8221;3&#8243; column_width_percent=&#8221;100&#8243; shift_y=&#8221;0&#8243; z_index=&#8221;0&#8243; row_name=&#8221;Accademia Goldeneye&#8221; uncode_shortcode_id=&#8221;601288&#8243; back_color_type=&#8221;uncode-palette&#8221; shape_dividers=&#8221;&#8221;][vc_column column_width_percent=&#8221;100&#8243; position_vertical=&#8221;middle&#8221; gutter_size=&#8221;5&#8243; [&hellip;]<\/p>\n","protected":false},"author":3,"featured_media":0,"parent":82284,"menu_order":0,"comment_status":"closed","ping_status":"closed","template":"","meta":{"footnotes":""},"class_list":["post-82371","page","type-page","status-publish","hentry"],"yoast_head":"<!-- This site is optimized with the Yoast SEO plugin v24.8 - https:\/\/yoast.com\/wordpress\/plugins\/seo\/ -->\n<title>Formazione PMU - trucco permanente - Accademia GOLDENEYE<\/title>\n<meta name=\"description\" content=\"La formazione Goldeneye PMU, che ha vinto diversi premi di fila per molti anni, \u00e8 sinonimo di formazione intensiva e differenziata.\" \/>\n<meta name=\"robots\" content=\"index, follow, max-snippet:-1, max-image-preview:large, max-video-preview:-1\" \/>\n<link rel=\"canonical\" href=\"https:\/\/goldeneye.de\/it\/permanent-make-up\/micropigmentazione-accademia-goldeneye\/\" \/>\n<meta property=\"og:locale\" content=\"it_IT\" \/>\n<meta property=\"og:type\" content=\"article\" \/>\n<meta property=\"og:title\" content=\"Formazione PMU - trucco permanente - Accademia GOLDENEYE\" \/>\n<meta property=\"og:description\" content=\"La formazione Goldeneye PMU, che ha vinto diversi premi di fila per molti anni, \u00e8 sinonimo di formazione intensiva e differenziata.\" \/>\n<meta property=\"og:url\" content=\"https:\/\/goldeneye.de\/it\/permanent-make-up\/micropigmentazione-accademia-goldeneye\/\" \/>\n<meta property=\"og:site_name\" content=\"Permanent Make-Up - GOLDENEYE Permanent Systems\" \/>\n<meta property=\"article:publisher\" content=\"https:\/\/www.facebook.com\/GoldeneyePermanentSystemGmbH\" \/>\n<meta property=\"article:modified_time\" content=\"2021-08-26T10:05:36+00:00\" \/>\n<meta name=\"twitter:card\" content=\"summary_large_image\" \/>\n<meta name=\"twitter:label1\" content=\"Tempo di lettura stimato\" \/>\n\t<meta name=\"twitter:data1\" content=\"4 minuti\" \/>\n<script type=\"application\/ld+json\" class=\"yoast-schema-graph\">{\"@context\":\"https:\/\/schema.org\",\"@graph\":[{\"@type\":\"WebPage\",\"@id\":\"https:\/\/goldeneye.de\/it\/permanent-make-up\/micropigmentazione-accademia-goldeneye\/\",\"url\":\"https:\/\/goldeneye.de\/it\/permanent-make-up\/micropigmentazione-accademia-goldeneye\/\",\"name\":\"Formazione PMU - trucco permanente - Accademia GOLDENEYE\",\"isPartOf\":{\"@id\":\"https:\/\/goldeneye.de\/it\/#website\"},\"datePublished\":\"2021-08-24T13:30:56+00:00\",\"dateModified\":\"2021-08-26T10:05:36+00:00\",\"description\":\"La formazione Goldeneye PMU, che ha vinto diversi premi di fila per molti anni, \u00e8 sinonimo di formazione intensiva e differenziata.\",\"breadcrumb\":{\"@id\":\"https:\/\/goldeneye.de\/it\/permanent-make-up\/micropigmentazione-accademia-goldeneye\/#breadcrumb\"},\"inLanguage\":\"it-IT\",\"potentialAction\":[{\"@type\":\"ReadAction\",\"target\":[\"https:\/\/goldeneye.de\/it\/permanent-make-up\/micropigmentazione-accademia-goldeneye\/\"]}]},{\"@type\":\"BreadcrumbList\",\"@id\":\"https:\/\/goldeneye.de\/it\/permanent-make-up\/micropigmentazione-accademia-goldeneye\/#breadcrumb\",\"itemListElement\":[{\"@type\":\"ListItem\",\"position\":1,\"name\":\"Startseite\",\"item\":\"https:\/\/goldeneye.de\/it\/\"},{\"@type\":\"ListItem\",\"position\":2,\"name\":\"Trucco permanente\",\"item\":\"https:\/\/goldeneye.de\/it\/\"},{\"@type\":\"ListItem\",\"position\":3,\"name\":\"Micropigmentazione Accademia Goldeneye\"}]},{\"@type\":\"WebSite\",\"@id\":\"https:\/\/goldeneye.de\/it\/#website\",\"url\":\"https:\/\/goldeneye.de\/it\/\",\"name\":\"Permanent Make-Up - GOLDENEYE Permanent Systems\",\"description\":\"Micropigmentation, Permanent Make-Up, Nanoblading\",\"potentialAction\":[{\"@type\":\"SearchAction\",\"target\":{\"@type\":\"EntryPoint\",\"urlTemplate\":\"https:\/\/goldeneye.de\/it\/?s={search_term_string}\"},\"query-input\":{\"@type\":\"PropertyValueSpecification\",\"valueRequired\":true,\"valueName\":\"search_term_string\"}}],\"inLanguage\":\"it-IT\"}]}<\/script>\n<!-- \/ Yoast SEO plugin. -->","yoast_head_json":{"title":"Formazione PMU - trucco permanente - Accademia GOLDENEYE","description":"La formazione Goldeneye PMU, che ha vinto diversi premi di fila per molti anni, \u00e8 sinonimo di formazione intensiva e differenziata.","robots":{"index":"index","follow":"follow","max-snippet":"max-snippet:-1","max-image-preview":"max-image-preview:large","max-video-preview":"max-video-preview:-1"},"canonical":"https:\/\/goldeneye.de\/it\/permanent-make-up\/micropigmentazione-accademia-goldeneye\/","og_locale":"it_IT","og_type":"article","og_title":"Formazione PMU - trucco permanente - Accademia GOLDENEYE","og_description":"La formazione Goldeneye PMU, che ha vinto diversi premi di fila per molti anni, \u00e8 sinonimo di formazione intensiva e differenziata.","og_url":"https:\/\/goldeneye.de\/it\/permanent-make-up\/micropigmentazione-accademia-goldeneye\/","og_site_name":"Permanent Make-Up - GOLDENEYE Permanent Systems","article_publisher":"https:\/\/www.facebook.com\/GoldeneyePermanentSystemGmbH","article_modified_time":"2021-08-26T10:05:36+00:00","twitter_card":"summary_large_image","twitter_misc":{"Tempo di lettura stimato":"4 minuti"},"schema":{"@context":"https:\/\/schema.org","@graph":[{"@type":"WebPage","@id":"https:\/\/goldeneye.de\/it\/permanent-make-up\/micropigmentazione-accademia-goldeneye\/","url":"https:\/\/goldeneye.de\/it\/permanent-make-up\/micropigmentazione-accademia-goldeneye\/","name":"Formazione PMU - trucco permanente - Accademia GOLDENEYE","isPartOf":{"@id":"https:\/\/goldeneye.de\/it\/#website"},"datePublished":"2021-08-24T13:30:56+00:00","dateModified":"2021-08-26T10:05:36+00:00","description":"La formazione Goldeneye PMU, che ha vinto diversi premi di fila per molti anni, \u00e8 sinonimo di formazione intensiva e differenziata.","breadcrumb":{"@id":"https:\/\/goldeneye.de\/it\/permanent-make-up\/micropigmentazione-accademia-goldeneye\/#breadcrumb"},"inLanguage":"it-IT","potentialAction":[{"@type":"ReadAction","target":["https:\/\/goldeneye.de\/it\/permanent-make-up\/micropigmentazione-accademia-goldeneye\/"]}]},{"@type":"BreadcrumbList","@id":"https:\/\/goldeneye.de\/it\/permanent-make-up\/micropigmentazione-accademia-goldeneye\/#breadcrumb","itemListElement":[{"@type":"ListItem","position":1,"name":"Startseite","item":"https:\/\/goldeneye.de\/it\/"},{"@type":"ListItem","position":2,"name":"Trucco permanente","item":"https:\/\/goldeneye.de\/it\/"},{"@type":"ListItem","position":3,"name":"Micropigmentazione Accademia Goldeneye"}]},{"@type":"WebSite","@id":"https:\/\/goldeneye.de\/it\/#website","url":"https:\/\/goldeneye.de\/it\/","name":"Permanent Make-Up - GOLDENEYE Permanent Systems","description":"Micropigmentation, Permanent Make-Up, Nanoblading","potentialAction":[{"@type":"SearchAction","target":{"@type":"EntryPoint","urlTemplate":"https:\/\/goldeneye.de\/it\/?s={search_term_string}"},"query-input":{"@type":"PropertyValueSpecification","valueRequired":true,"valueName":"search_term_string"}}],"inLanguage":"it-IT"}]}},"_links":{"self":[{"href":"https:\/\/goldeneye.de\/it\/wp-json\/wp\/v2\/pages\/82371","targetHints":{"allow":["GET"]}}],"collection":[{"href":"https:\/\/goldeneye.de\/it\/wp-json\/wp\/v2\/pages"}],"about":[{"href":"https:\/\/goldeneye.de\/it\/wp-json\/wp\/v2\/types\/page"}],"author":[{"embeddable":true,"href":"https:\/\/goldeneye.de\/it\/wp-json\/wp\/v2\/users\/3"}],"replies":[{"embeddable":true,"href":"https:\/\/goldeneye.de\/it\/wp-json\/wp\/v2\/comments?post=82371"}],"version-history":[{"count":2,"href":"https:\/\/goldeneye.de\/it\/wp-json\/wp\/v2\/pages\/82371\/revisions"}],"predecessor-version":[{"id":82373,"href":"https:\/\/goldeneye.de\/it\/wp-json\/wp\/v2\/pages\/82371\/revisions\/82373"}],"up":[{"embeddable":true,"href":"https:\/\/goldeneye.de\/it\/wp-json\/wp\/v2\/pages\/82284"}],"wp:attachment":[{"href":"https:\/\/goldeneye.de\/it\/wp-json\/wp\/v2\/media?parent=82371"}],"curies":[{"name":"wp","href":"https:\/\/api.w.org\/{rel}","templated":true}]}}