{"id":82284,"date":"2021-08-24T10:49:23","date_gmt":"2021-08-24T08:49:23","guid":{"rendered":"https:\/\/goldeneye.de\/?page_id=82284"},"modified":"2025-08-01T15:19:06","modified_gmt":"2025-08-01T13:19:06","slug":"permanent-make-up","status":"publish","type":"page","link":"https:\/\/goldeneye.de\/it\/","title":{"rendered":"Trucco permanente"},"content":{"rendered":"<div class=\"wpb-content-wrapper\"><p>[vc_row row_height_percent=&#8221;0&#8243; override_padding=&#8221;yes&#8221; h_padding=&#8221;2&#8243; top_padding=&#8221;5&#8243; bottom_padding=&#8221;5&#8243; back_color=&#8221;color-998874&#8243; overlay_alpha=&#8221;50&#8243; gutter_size=&#8221;3&#8243; column_width_percent=&#8221;100&#8243; shift_y=&#8221;0&#8243; z_index=&#8221;0&#8243; row_name=&#8221;Premi&#8221; uncode_shortcode_id=&#8221;158208&#8243; back_color_type=&#8221;uncode-palette&#8221;][vc_column column_width_percent=&#8221;100&#8243; position_vertical=&#8221;middle&#8221; gutter_size=&#8221;5&#8243; overlay_alpha=&#8221;50&#8243; shift_x=&#8221;0&#8243; shift_y=&#8221;0&#8243; shift_y_down=&#8221;0&#8243; z_index=&#8221;0&#8243; medium_width=&#8221;0&#8243; mobile_width=&#8221;0&#8243; width=&#8221;1\/1&#8243;][vc_row_inner row_inner_height_percent=&#8221;0&#8243; overlay_alpha=&#8221;50&#8243; gutter_size=&#8221;4&#8243; shift_y=&#8221;0&#8243; z_index=&#8221;0&#8243;][vc_column_inner column_width_percent=&#8221;100&#8243; gutter_size=&#8221;1&#8243; overlay_alpha=&#8221;50&#8243; shift_x=&#8221;0&#8243; shift_y=&#8221;0&#8243; shift_y_down=&#8221;0&#8243; z_index=&#8221;0&#8243; medium_width=&#8221;0&#8243; mobile_width=&#8221;0&#8243; width=&#8221;1\/3&#8243;][vc_single_image media=&#8221;82221&#8243; media_width_percent=&#8221;100&#8243; shadow=&#8221;yes&#8221; shadow_weight=&#8221;sm&#8221; css_animation=&#8221;zoom-in&#8221; media_link=&#8221;url:https%3A%2F%2Fbf-award.de%2Fgewinner%2F%3Futm_source%3Dbfde%26utm_medium%3Dwebsite%26utm_campaign%3Dbfaward2020_gewinner||target:%20_blank|&#8221;][vc_single_image media=&#8221;79490&#8243; media_width_percent=&#8221;100&#8243; shadow=&#8221;yes&#8221; shadow_weight=&#8221;sm&#8221; css_animation=&#8221;zoom-in&#8221; media_link=&#8221;url:https%3A%2F%2Fwww.beauty-forum.com%2Faktuell%2Fartikel%2Fbeauty-forum-awards-2018-die-sieger-stehen-fest-41019.html||target:%20_blank|&#8221;][\/vc_column_inner][vc_column_inner column_width_percent=&#8221;100&#8243; position_vertical=&#8221;middle&#8221; gutter_size=&#8221;2&#8243; overlay_alpha=&#8221;50&#8243; shift_x=&#8221;0&#8243; shift_y=&#8221;0&#8243; shift_y_down=&#8221;0&#8243; z_index=&#8221;0&#8243; medium_width=&#8221;0&#8243; mobile_width=&#8221;0&#8243; width=&#8221;2\/3&#8243;][vc_custom_heading text_size=&#8221;fontsize-155944&#8243; text_weight=&#8221;300&#8243; uncode_shortcode_id=&#8221;105379&#8243;]La micropigmentazione Goldeneye \u00e8 il metodo di trucco permanente n. 1 in Germania[\/vc_custom_heading][vc_empty_space empty_h=&#8221;2&#8243;][vc_button button_color=&#8221;accent&#8221; radius=&#8221;btn-round&#8221; wide=&#8221;yes&#8221; border_width=&#8221;0&#8243; link=&#8221;url:https%3A%2F%2Fgoldeneye.de%2Fit%2Fpermanent-make-up%2Fcontatta%2F&#8221; button_color_type=&#8221;uncode-palette&#8221; uncode_shortcode_id=&#8221;531762&#8243;]Richiesta set di prova pigmenti e cura[\/vc_button][\/vc_column_inner][\/vc_row_inner][\/vc_column][\/vc_row][vc_row row_height_percent=&#8221;0&#8243; override_padding=&#8221;yes&#8221; h_padding=&#8221;2&#8243; top_padding=&#8221;4&#8243; bottom_padding=&#8221;4&#8243; back_color=&#8221;color-120844&#8243; overlay_alpha=&#8221;50&#8243; gutter_size=&#8221;3&#8243; column_width_percent=&#8221;100&#8243; shift_y=&#8221;0&#8243; z_index=&#8221;0&#8243; row_name=&#8221;Micropigmentazione&#8221; uncode_shortcode_id=&#8221;131086&#8243; back_color_type=&#8221;uncode-palette&#8221;][vc_column column_width_percent=&#8221;100&#8243; position_vertical=&#8221;middle&#8221; gutter_size=&#8221;5&#8243; overlay_alpha=&#8221;50&#8243; shift_x=&#8221;0&#8243; shift_y=&#8221;0&#8243; shift_y_down=&#8221;0&#8243; z_index=&#8221;0&#8243; medium_width=&#8221;0&#8243; mobile_width=&#8221;0&#8243; width=&#8221;1\/1&#8243;][vc_row_inner row_inner_height_percent=&#8221;0&#8243; overlay_alpha=&#8221;50&#8243; gutter_size=&#8221;4&#8243; shift_y=&#8221;0&#8243; z_index=&#8221;0&#8243;][vc_column_inner column_width_percent=&#8221;100&#8243; gutter_size=&#8221;2&#8243; overlay_alpha=&#8221;50&#8243; shift_x=&#8221;0&#8243; shift_y=&#8221;0&#8243; shift_y_down=&#8221;0&#8243; z_index=&#8221;0&#8243; medium_width=&#8221;0&#8243; mobile_width=&#8221;0&#8243; width=&#8221;2\/3&#8243;][vc_custom_heading text_size=&#8221;fontsize-155944&#8243; text_weight=&#8221;300&#8243; uncode_shortcode_id=&#8221;752862&#8243;]Micropigmentazione<br \/>\nTrucco permanente[\/vc_custom_heading][vc_custom_heading text_size=&#8221;h4&#8243; text_weight=&#8221;300&#8243; text_height=&#8221;fontheight-357766&#8243; uncode_shortcode_id=&#8221;148480&#8243;]Una <a href=\"https:\/\/it.wikipedia.org\/wiki\/Trucco_permanente\">micropigmentazione<\/a> Goldeneye mira a creare armonia nel viso &#8211; senza forme e cambiamenti esagerati. Che si tratti di nanoblading, micropigmentazione o trucco permanente, il metodo premiato di Goldeneye aggiunge letteralmente espressione e profondit\u00e0 ad ogni momento.[\/vc_custom_heading][\/vc_column_inner][vc_column_inner width=&#8221;1\/3&#8243;][\/vc_column_inner][\/vc_row_inner][vc_row_inner][vc_column_inner width=&#8221;1\/1&#8243;][vc_gallery el_id=&#8221;gallery-115572&#8243; medias=&#8221;79537,79535,79534,79533,79532,79531,79530,79529,79528,79527,79526,82043,82051,82055,82066,82047,82098,82094,82059&#8243; gutter_size=&#8221;0&#8243; screen_lg=&#8221;600&#8243; screen_md=&#8221;600&#8243; screen_sm=&#8221;100&#8243; single_width=&#8221;3&#8243; images_size=&#8221;four-three&#8221; single_overlay_opacity=&#8221;1&#8243; single_image_coloration=&#8221;desaturated&#8221; single_image_color_anim=&#8221;yes&#8221; single_image_anim=&#8221;no&#8221; single_h_align=&#8221;center&#8221; single_padding=&#8221;2&#8243; single_icon=&#8221;fa fa-plus2&#8243; single_border=&#8221;yes&#8221; single_css_animation=&#8221;zoom-in&#8221; single_animation_delay=&#8221;200&#8243; lbox_skin=&#8221;white&#8221; uncode_shortcode_id=&#8221;154213&#8243;][\/vc_column_inner][\/vc_row_inner][\/vc_column][\/vc_row][vc_row row_height_percent=&#8221;0&#8243; override_padding=&#8221;yes&#8221; h_padding=&#8221;2&#8243; top_padding=&#8221;4&#8243; bottom_padding=&#8221;4&#8243; back_color=&#8221;color-998874&#8243; overlay_alpha=&#8221;50&#8243; gutter_size=&#8221;3&#8243; column_width_percent=&#8221;100&#8243; shift_y=&#8221;0&#8243; z_index=&#8221;0&#8243; row_name=&#8221;Goldeneye&#8221; uncode_shortcode_id=&#8221;173306&#8243; back_color_type=&#8221;uncode-palette&#8221;][vc_column column_width_percent=&#8221;100&#8243; position_vertical=&#8221;middle&#8221; gutter_size=&#8221;5&#8243; overlay_alpha=&#8221;50&#8243; shift_x=&#8221;0&#8243; shift_y=&#8221;0&#8243; shift_y_down=&#8221;0&#8243; z_index=&#8221;0&#8243; medium_width=&#8221;0&#8243; mobile_width=&#8221;0&#8243; width=&#8221;1\/1&#8243;][vc_row_inner row_inner_height_percent=&#8221;0&#8243; overlay_alpha=&#8221;50&#8243; gutter_size=&#8221;4&#8243; shift_y=&#8221;0&#8243; z_index=&#8221;0&#8243;][vc_column_inner width=&#8221;1\/2&#8243;][vc_custom_heading text_size=&#8221;fontsize-155944&#8243; text_weight=&#8221;300&#8243; text_space=&#8221;fontspace-781688&#8243; uncode_shortcode_id=&#8221;882405&#8243;]Goldeneye certamente pi\u00f9 bello[\/vc_custom_heading][vc_custom_heading text_size=&#8221;h4&#8243; text_weight=&#8221;300&#8243; text_height=&#8221;fontheight-357766&#8243; uncode_shortcode_id=&#8221;136418&#8243;]Il pluripremiato e altamente sviluppato metodo Goldeneye di micropigmentazione \u00e8 sinonimo di formazione intensiva e differenziata, cura olistica e un approccio basato sulla partnership. Il trucco permanente \u00e8 al limite della medicina estetica. Consigli di prima classe e prodotti di alta qualit\u00e0 che garantiscono la sicurezza assoluta sono la priorit\u00e0 assoluta di Goldeneye. L&#8217;etica, il senso di responsabilit\u00e0 e il rispetto di ogni individualit\u00e0 sono principi evidenti.[\/vc_custom_heading][\/vc_column_inner][vc_column_inner column_width_percent=&#8221;100&#8243; gutter_size=&#8221;2&#8243; overlay_alpha=&#8221;50&#8243; shift_x=&#8221;0&#8243; shift_y=&#8221;0&#8243; shift_y_down=&#8221;0&#8243; z_index=&#8221;0&#8243; medium_width=&#8221;0&#8243; mobile_width=&#8221;0&#8243; width=&#8221;1\/2&#8243;][vc_custom_heading text_size=&#8221;h4&#8243; text_weight=&#8221;300&#8243; text_height=&#8221;fontheight-357766&#8243; uncode_shortcode_id=&#8221;208707&#8243;]Il trucco permanente o micropigmentazione \u00e8 un&#8217;arte che richiede un occhio impeccabile e visagista, nonch\u00e9 una <a href=\"https:\/\/goldeneye.de\/it\/permanent-make-up\/attrezzatura-e-tecnologia-pmu\/\">tecnica all&#8217;avanguardia<\/a> e un grande talento. Solo pochi in Germania si possono annoverare nell&#8217;\u00e9lite dei pigmentisti, alla quale appartengono senza dubbio Ren\u00e9 La Fontaine e Holger Hoffmann. Holger Hoffmann si \u00e8 affermato come un luminare nel campo dello sviluppo dei prodotti attraverso i suoi molti anni di esperienza come Micropigmentations Advanced Master Trainer e star del make-up.[\/vc_custom_heading][vc_empty_space empty_h=&#8221;2&#8243;][vc_button button_color=&#8221;accent&#8221; radius=&#8221;btn-round&#8221; wide=&#8221;yes&#8221; border_width=&#8221;0&#8243; link=&#8221;url:https%3A%2F%2Fgoldeneye.de%2Fit%2Fpermanent-make-up%2Fcontatta%2F&#8221; button_color_type=&#8221;uncode-palette&#8221; uncode_shortcode_id=&#8221;220114&#8243;]Diventa parte della nostra squadra[\/vc_button][\/vc_column_inner][\/vc_row_inner][\/vc_column][\/vc_row][vc_row row_height_percent=&#8221;50&#8243; override_padding=&#8221;yes&#8221; h_padding=&#8221;2&#8243; top_padding=&#8221;7&#8243; bottom_padding=&#8221;7&#8243; back_image=&#8221;79556&#8243; parallax=&#8221;yes&#8221; overlay_color=&#8221;accent&#8221; overlay_alpha=&#8221;50&#8243; gutter_size=&#8221;3&#8243; column_width_percent=&#8221;100&#8243; shift_y=&#8221;0&#8243; z_index=&#8221;2&#8243; bottom_divider=&#8221;step_2_3&#8243; uncode_shortcode_id=&#8221;188909&#8243; overlay_color_type=&#8221;uncode-palette&#8221;][vc_column column_width_use_pixel=&#8221;yes&#8221; position_vertical=&#8221;middle&#8221; align_horizontal=&#8221;align_center&#8221; gutter_size=&#8221;3&#8243; override_padding=&#8221;yes&#8221; column_padding=&#8221;4&#8243; style=&#8221;dark&#8221; overlay_alpha=&#8221;50&#8243; shift_x=&#8221;0&#8243; shift_y=&#8221;0&#8243; shift_y_down=&#8221;0&#8243; shift_y_down_fixed=&#8221;yes&#8221; z_index=&#8221;0&#8243; medium_width=&#8221;0&#8243; align_mobile=&#8221;align_center_mobile&#8221; mobile_width=&#8221;0&#8243; width=&#8221;1\/1&#8243; column_width_pixel=&#8221;1000&#8243;][vc_custom_heading text_color=&#8221;color-xsdn&#8221; text_size=&#8221;fontsize-155944&#8243; text_italic=&#8221;yes&#8221; uncode_shortcode_id=&#8221;638736&#8243; text_color_type=&#8221;uncode-palette&#8221;]&#8221;La comprensione del bello e l&#8217;entusiasmo per il bello sono una cosa sola&#8221;. <a href=\"https:\/\/it.wikipedia.org\/wiki\/Marie_von_Ebner-Eschenbach\">Marie von Ebner-Eschenbach<\/a>[\/vc_custom_heading][\/vc_column][\/vc_row][vc_row row_height_percent=&#8221;0&#8243; override_padding=&#8221;yes&#8221; h_padding=&#8221;2&#8243; top_padding=&#8221;4&#8243; bottom_padding=&#8221;4&#8243; overlay_alpha=&#8221;50&#8243; gutter_size=&#8221;3&#8243; column_width_percent=&#8221;100&#8243; shift_y=&#8221;0&#8243; z_index=&#8221;0&#8243; bottom_divider=&#8221;step_3_4&#8243; desktop_visibility=&#8221;yes&#8221; medium_visibility=&#8221;yes&#8221; mobile_visibility=&#8221;yes&#8221; row_name=&#8221;Notizie dell&#8217;industria&#8221; uncode_shortcode_id=&#8221;506682&#8243;][vc_column column_width_percent=&#8221;100&#8243; position_vertical=&#8221;middle&#8221; gutter_size=&#8221;4&#8243; font_family=&#8221;font-134980&#8243; overlay_alpha=&#8221;50&#8243; shift_x=&#8221;0&#8243; shift_y=&#8221;0&#8243; shift_y_down=&#8221;0&#8243; z_index=&#8221;0&#8243; medium_width=&#8221;0&#8243; mobile_width=&#8221;0&#8243; width=&#8221;1\/1&#8243;][vc_row_inner row_inner_height_percent=&#8221;0&#8243; overlay_alpha=&#8221;50&#8243; equal_height=&#8221;yes&#8221; gutter_size=&#8221;4&#8243; shift_y=&#8221;0&#8243; z_index=&#8221;0&#8243; el_class=&#8221;inverted-device-order&#8221;][vc_column_inner column_width_percent=&#8221;100&#8243; gutter_size=&#8221;2&#8243; overlay_alpha=&#8221;50&#8243; shift_x=&#8221;0&#8243; shift_y=&#8221;0&#8243; shift_y_down=&#8221;0&#8243; z_index=&#8221;0&#8243; medium_width=&#8221;0&#8243; mobile_width=&#8221;0&#8243; width=&#8221;1\/2&#8243;][vc_custom_heading text_size=&#8221;fontsize-155944&#8243; text_weight=&#8221;300&#8243; text_space=&#8221;fontspace-781688&#8243; uncode_shortcode_id=&#8221;154090&#8243;]Notizie[\/vc_custom_heading][vc_custom_heading text_size=&#8221;h4&#8243; text_weight=&#8221;300&#8243; text_height=&#8221;fontheight-357766&#8243; uncode_shortcode_id=&#8221;212728&#8243;]Resta aggiornato. Argomenti attuali dal mondo della Micropigmentazione Goldeneye Permanent Systems GmbH.[\/vc_custom_heading][\/vc_column_inner][vc_column_inner width=&#8221;1\/2&#8243;][\/vc_column_inner][\/vc_row_inner][vc_separator sep_color=&#8221;color-120844&#8243;][uncode_index el_id=&#8221;index-183931&#8243; index_type=&#8221;carousel&#8221; loop=&#8221;size:9|order_by:date|post_type:post&#8221; carousel_lg=&#8221;4&#8243; carousel_md=&#8221;2&#8243; carousel_sm=&#8221;2&#8243; thumb_size=&#8221;one-one&#8221; gutter_size=&#8221;4&#8243; post_items=&#8221;date,title,spacer|half,text|full|100&#8243; portfolio_items=&#8221;title,media|featured|onpost|poster,date,author|md_size|display_qualification&#8221; carousel_interval=&#8221;0&#8243; carousel_navspeed=&#8221;1000&#8243; carousel_overflow=&#8221;yes&#8221; carousel_dots=&#8221;yes&#8221; carousel_dots_space=&#8221;yes&#8221; carousel_dots_mobile=&#8221;yes&#8221; carousel_dot_position=&#8221;left&#8221; carousel_half_opacity=&#8221;yes&#8221; carousel_pointer_events=&#8221;yes&#8221; stage_padding=&#8221;0&#8243; single_overlay_opacity=&#8221;50&#8243; single_padding=&#8221;2&#8243; single_title_dimension=&#8221;h4&#8243; single_title_weight=&#8221;300&#8243; single_title_space=&#8221;fontspace-781688&#8243; single_border=&#8221;yes&#8221; single_css_animation=&#8221;right-t-left&#8221; single_animation_delay=&#8221;200&#8243; single_animation_first=&#8221;yes&#8221;][vc_separator sep_color=&#8221;color-120844&#8243;][\/vc_column][\/vc_row]<\/p>\n<\/div>","protected":false},"excerpt":{"rendered":"<p>[vc_row row_height_percent=&#8221;0&#8243; override_padding=&#8221;yes&#8221; h_padding=&#8221;2&#8243; top_padding=&#8221;5&#8243; bottom_padding=&#8221;5&#8243; back_color=&#8221;color-998874&#8243; overlay_alpha=&#8221;50&#8243; gutter_size=&#8221;3&#8243; column_width_percent=&#8221;100&#8243; shift_y=&#8221;0&#8243; z_index=&#8221;0&#8243; row_name=&#8221;Premi&#8221; uncode_shortcode_id=&#8221;158208&#8243; back_color_type=&#8221;uncode-palette&#8221;][vc_column column_width_percent=&#8221;100&#8243; position_vertical=&#8221;middle&#8221; gutter_size=&#8221;5&#8243; overlay_alpha=&#8221;50&#8243; shift_x=&#8221;0&#8243; [&hellip;]<\/p>\n","protected":false},"author":3,"featured_media":0,"parent":0,"menu_order":0,"comment_status":"closed","ping_status":"closed","template":"","meta":{"footnotes":""},"class_list":["post-82284","page","type-page","status-publish","hentry"],"yoast_head":"<!-- This site is optimized with the Yoast SEO plugin v24.8 - https:\/\/yoast.com\/wordpress\/plugins\/seo\/ -->\n<title>Trucco permanente, Micropigmentation - GOLDENEYE<\/title>\n<meta name=\"description\" content=\"La micropigmentazione Goldeneye (trucco permanente) crea armonia nel viso - senza forme e cambiamenti esagerati.\" \/>\n<meta name=\"robots\" content=\"index, follow, max-snippet:-1, max-image-preview:large, max-video-preview:-1\" \/>\n<link rel=\"canonical\" href=\"https:\/\/goldeneye.de\/it\/\" \/>\n<meta property=\"og:locale\" content=\"it_IT\" \/>\n<meta property=\"og:type\" content=\"article\" \/>\n<meta property=\"og:title\" content=\"Trucco permanente, Micropigmentation - GOLDENEYE\" \/>\n<meta property=\"og:description\" content=\"La micropigmentazione Goldeneye (trucco permanente) crea armonia nel viso - senza forme e cambiamenti esagerati.\" \/>\n<meta property=\"og:url\" content=\"https:\/\/goldeneye.de\/it\/\" \/>\n<meta property=\"og:site_name\" content=\"Permanent Make-Up - GOLDENEYE Permanent Systems\" \/>\n<meta property=\"article:publisher\" content=\"https:\/\/www.facebook.com\/GoldeneyePermanentSystemGmbH\" \/>\n<meta property=\"article:modified_time\" content=\"2025-08-01T13:19:06+00:00\" \/>\n<meta name=\"twitter:card\" content=\"summary_large_image\" \/>\n<meta name=\"twitter:label1\" content=\"Tempo di lettura stimato\" \/>\n\t<meta name=\"twitter:data1\" content=\"4 minuti\" \/>\n<script type=\"application\/ld+json\" class=\"yoast-schema-graph\">{\"@context\":\"https:\/\/schema.org\",\"@graph\":[{\"@type\":\"WebPage\",\"@id\":\"https:\/\/goldeneye.de\/it\/\",\"url\":\"https:\/\/goldeneye.de\/it\/\",\"name\":\"Trucco permanente, Micropigmentation - GOLDENEYE\",\"isPartOf\":{\"@id\":\"https:\/\/goldeneye.de\/it\/#website\"},\"datePublished\":\"2021-08-24T08:49:23+00:00\",\"dateModified\":\"2025-08-01T13:19:06+00:00\",\"description\":\"La micropigmentazione Goldeneye (trucco permanente) crea armonia nel viso - senza forme e cambiamenti esagerati.\",\"breadcrumb\":{\"@id\":\"https:\/\/goldeneye.de\/it\/#breadcrumb\"},\"inLanguage\":\"it-IT\",\"potentialAction\":[{\"@type\":\"ReadAction\",\"target\":[\"https:\/\/goldeneye.de\/it\/\"]}]},{\"@type\":\"BreadcrumbList\",\"@id\":\"https:\/\/goldeneye.de\/it\/#breadcrumb\",\"itemListElement\":[{\"@type\":\"ListItem\",\"position\":1,\"name\":\"Startseite\",\"item\":\"https:\/\/goldeneye.de\/it\/\"},{\"@type\":\"ListItem\",\"position\":2,\"name\":\"Trucco permanente\"}]},{\"@type\":\"WebSite\",\"@id\":\"https:\/\/goldeneye.de\/it\/#website\",\"url\":\"https:\/\/goldeneye.de\/it\/\",\"name\":\"Permanent Make-Up - GOLDENEYE Permanent Systems\",\"description\":\"Micropigmentation, Permanent Make-Up, Nanoblading\",\"potentialAction\":[{\"@type\":\"SearchAction\",\"target\":{\"@type\":\"EntryPoint\",\"urlTemplate\":\"https:\/\/goldeneye.de\/it\/?s={search_term_string}\"},\"query-input\":{\"@type\":\"PropertyValueSpecification\",\"valueRequired\":true,\"valueName\":\"search_term_string\"}}],\"inLanguage\":\"it-IT\"}]}<\/script>\n<!-- \/ Yoast SEO plugin. -->","yoast_head_json":{"title":"Trucco permanente, Micropigmentation - GOLDENEYE","description":"La micropigmentazione Goldeneye (trucco permanente) crea armonia nel viso - senza forme e cambiamenti esagerati.","robots":{"index":"index","follow":"follow","max-snippet":"max-snippet:-1","max-image-preview":"max-image-preview:large","max-video-preview":"max-video-preview:-1"},"canonical":"https:\/\/goldeneye.de\/it\/","og_locale":"it_IT","og_type":"article","og_title":"Trucco permanente, Micropigmentation - GOLDENEYE","og_description":"La micropigmentazione Goldeneye (trucco permanente) crea armonia nel viso - senza forme e cambiamenti esagerati.","og_url":"https:\/\/goldeneye.de\/it\/","og_site_name":"Permanent Make-Up - GOLDENEYE Permanent Systems","article_publisher":"https:\/\/www.facebook.com\/GoldeneyePermanentSystemGmbH","article_modified_time":"2025-08-01T13:19:06+00:00","twitter_card":"summary_large_image","twitter_misc":{"Tempo di lettura stimato":"4 minuti"},"schema":{"@context":"https:\/\/schema.org","@graph":[{"@type":"WebPage","@id":"https:\/\/goldeneye.de\/it\/","url":"https:\/\/goldeneye.de\/it\/","name":"Trucco permanente, Micropigmentation - GOLDENEYE","isPartOf":{"@id":"https:\/\/goldeneye.de\/it\/#website"},"datePublished":"2021-08-24T08:49:23+00:00","dateModified":"2025-08-01T13:19:06+00:00","description":"La micropigmentazione Goldeneye (trucco permanente) crea armonia nel viso - senza forme e cambiamenti esagerati.","breadcrumb":{"@id":"https:\/\/goldeneye.de\/it\/#breadcrumb"},"inLanguage":"it-IT","potentialAction":[{"@type":"ReadAction","target":["https:\/\/goldeneye.de\/it\/"]}]},{"@type":"BreadcrumbList","@id":"https:\/\/goldeneye.de\/it\/#breadcrumb","itemListElement":[{"@type":"ListItem","position":1,"name":"Startseite","item":"https:\/\/goldeneye.de\/it\/"},{"@type":"ListItem","position":2,"name":"Trucco permanente"}]},{"@type":"WebSite","@id":"https:\/\/goldeneye.de\/it\/#website","url":"https:\/\/goldeneye.de\/it\/","name":"Permanent Make-Up - GOLDENEYE Permanent Systems","description":"Micropigmentation, Permanent Make-Up, Nanoblading","potentialAction":[{"@type":"SearchAction","target":{"@type":"EntryPoint","urlTemplate":"https:\/\/goldeneye.de\/it\/?s={search_term_string}"},"query-input":{"@type":"PropertyValueSpecification","valueRequired":true,"valueName":"search_term_string"}}],"inLanguage":"it-IT"}]}},"_links":{"self":[{"href":"https:\/\/goldeneye.de\/it\/wp-json\/wp\/v2\/pages\/82284","targetHints":{"allow":["GET"]}}],"collection":[{"href":"https:\/\/goldeneye.de\/it\/wp-json\/wp\/v2\/pages"}],"about":[{"href":"https:\/\/goldeneye.de\/it\/wp-json\/wp\/v2\/types\/page"}],"author":[{"embeddable":true,"href":"https:\/\/goldeneye.de\/it\/wp-json\/wp\/v2\/users\/3"}],"replies":[{"embeddable":true,"href":"https:\/\/goldeneye.de\/it\/wp-json\/wp\/v2\/comments?post=82284"}],"version-history":[{"count":10,"href":"https:\/\/goldeneye.de\/it\/wp-json\/wp\/v2\/pages\/82284\/revisions"}],"predecessor-version":[{"id":84035,"href":"https:\/\/goldeneye.de\/it\/wp-json\/wp\/v2\/pages\/82284\/revisions\/84035"}],"wp:attachment":[{"href":"https:\/\/goldeneye.de\/it\/wp-json\/wp\/v2\/media?parent=82284"}],"curies":[{"name":"wp","href":"https:\/\/api.w.org\/{rel}","templated":true}]}}