{"id":81811,"date":"2019-09-06T12:46:52","date_gmt":"2019-09-06T10:46:52","guid":{"rendered":"https:\/\/goldeneye.de\/?page_id=81811"},"modified":"2019-09-06T12:52:02","modified_gmt":"2019-09-06T10:52:02","slug":"pie-de-imprenta","status":"publish","type":"page","link":"https:\/\/goldeneye.de\/es\/permanent-make-up\/pie-de-imprenta\/","title":{"rendered":"pie de imprenta"},"content":{"rendered":"<div class=\"wpb-content-wrapper\"><p>[vc_row row_height_percent=\u00bb0&#8243; override_padding=\u00bbyes\u00bb h_padding=\u00bb2&#8243; top_padding=\u00bb4&#8243; bottom_padding=\u00bb4&#8243; overlay_alpha=\u00bb50&#8243; gutter_size=\u00bb3&#8243; column_width_percent=\u00bb100&#8243; shift_y=\u00bb0&#8243; z_index=\u00bb0&#8243; row_name=\u00bbVorher \/ Nachher\u00bb][vc_column column_width_percent=\u00bb100&#8243; overlay_alpha=\u00bb50&#8243; gutter_size=\u00bb5&#8243; medium_width=\u00bb0&#8243; mobile_width=\u00bb0&#8243; shift_x=\u00bb0&#8243; shift_y=\u00bb0&#8243; shift_y_down=\u00bb0&#8243; z_index=\u00bb0&#8243; width=\u00bb1\/2&#8243;][vc_column_text]<\/p>\n<h1>Pie de imprenta<\/h1>\n<h2>Informaci\u00f3n seg\u00fan \u00a7 5 TMG<\/h2>\n<p>Goldeneye Permanent System GmbH<br \/>\nMittelwegring 31<br \/>\n76751 Jockgrim<\/p>\n<p>registro de comercio: B30835<br \/>\ntribunal de registro: Landau<\/p>\n<h4>Representado por:<\/h4>\n<p>Director General: Ren\u00e9 La Fontaine<\/p>\n<h2>Cont\u00e1ctenos<\/h2>\n<p>Telefon: +49 7271 98999 10<br \/>\nTelefax: +49 7271 98999 11<br \/>\nE-Mail: info@goldeneye.de<\/p>\n<h2>N\u00famero de identificaci\u00f3n del impuesto sobre el valor a\u00f1adido<\/h2>\n<p>N\u00famero de identificaci\u00f3n del impuesto sobre las ventas de acuerdo con el art\u00edculo 27 de la ley del impuesto sobre las ventas:<br \/>\nDE 200 335 303<\/p>\n<h2>soluci\u00f3n de diferencias<\/h2>\n<p>La Comisi\u00f3n Europea ofrece una plataforma para la resoluci\u00f3n de litigios en l\u00ednea (OS): <a href=\"https:\/\/ec.europa.eu\/consumers\/odr\">https:\/\/ec.europa.eu\/consumers\/odr<\/a><br \/>\nPuede encontrar nuestra direcci\u00f3n de correo electr\u00f3nico en el pie de imprenta de arriba.<\/p>\n<p>No estamos dispuestos ni obligados a participar en procedimientos de resoluci\u00f3n de disputas ante un organismo de compensaci\u00f3n al consumidor.<\/p>\n<p>[\/vc_column_text][\/vc_column][vc_column column_width_percent=\u00bb100&#8243; overlay_alpha=\u00bb50&#8243; gutter_size=\u00bb3&#8243; medium_width=\u00bb0&#8243; mobile_width=\u00bb0&#8243; shift_x=\u00bb0&#8243; shift_y=\u00bb0&#8243; shift_y_down=\u00bb0&#8243; z_index=\u00bb0&#8243; width=\u00bb1\/2&#8243;][vc_column_text]<\/p>\n<h3>Responsabilidad por los contenidos<\/h3>\n<p>Como proveedor de servicios somos responsables seg\u00fan \u00a7 7 Abs.1 TMG de nuestros propios contenidos en estas p\u00e1ginas de acuerdo con las leyes generales. Seg\u00fan los art\u00edculos 8 a 10 de la TMG, no estamos obligados a controlar la informaci\u00f3n transmitida o almacenada de terceros ni a investigar circunstancias que indiquen una actividad ilegal.<\/p>\n<p>Las obligaciones de eliminar o bloquear el uso de la informaci\u00f3n de acuerdo con las leyes generales no se ver\u00e1n afectadas por ello. Sin embargo, la responsabilidad a este respecto s\u00f3lo es posible a partir del momento en que se tiene conocimiento de una violaci\u00f3n concreta de la ley. Tan pronto como tengamos conocimiento de tales infracciones, eliminaremos el contenido inmediatamente.<\/p>\n<h3>Responsabilidad por los enlaces<\/h3>\n<p>Nuestra oferta contiene enlaces a p\u00e1ginas web externas de terceros sobre cuyos contenidos no tenemos ninguna influencia. Por lo tanto, no podemos asumir ninguna responsabilidad por estos contenidos externos. El proveedor u operador de las p\u00e1ginas enlazadas es siempre responsable de los contenidos de las p\u00e1ginas enlazadas. En el momento de establecer el enlace, las p\u00e1ginas enlazadas fueron revisadas en busca de posibles infracciones legales. Los contenidos ilegales no eran reconocibles en el momento de la vinculaci\u00f3n.<\/p>\n<p>Un control permanente de los contenidos de las p\u00e1ginas enlazadas no es razonable sin pruebas concretas de una infracci\u00f3n. Tan pronto como tengamos conocimiento de alguna infracci\u00f3n legal, eliminaremos dichos enlaces inmediatamente.<\/p>\n<h3>Derechos de autor<\/h3>\n<p>Los contenidos y trabajos de estas p\u00e1ginas creados por los operadores del sitio est\u00e1n sujetos a la ley alemana de derechos de autor. La reproducci\u00f3n, el procesamiento, la distribuci\u00f3n y cualquier forma de comercializaci\u00f3n de dicho material fuera del alcance de la ley de derechos de autor requerir\u00e1 el consentimiento previo por escrito de su respectivo autor o creador. Las descargas y copias de estas p\u00e1ginas s\u00f3lo est\u00e1n permitidas para uso privado y no comercial.<\/p>\n<p>En la medida en que el contenido de este sitio no haya sido creado por el operador, se respetar\u00e1n los derechos de autor de terceros. En particular, los contenidos de terceros est\u00e1n marcados como tales. No obstante, en caso de que tenga conocimiento de una infracci\u00f3n de los derechos de autor, le rogamos que nos lo comunique. Tan pronto como tengamos conocimiento de alguna infracci\u00f3n, eliminaremos dicho contenido inmediatamente.[\/vc_column_text][\/vc_column][\/vc_row]<\/p>\n<\/div>","protected":false},"excerpt":{"rendered":"<p>[vc_row row_height_percent=\u00bb0&#8243; override_padding=\u00bbyes\u00bb h_padding=\u00bb2&#8243; top_padding=\u00bb4&#8243; bottom_padding=\u00bb4&#8243; overlay_alpha=\u00bb50&#8243; gutter_size=\u00bb3&#8243; column_width_percent=\u00bb100&#8243; shift_y=\u00bb0&#8243; z_index=\u00bb0&#8243; row_name=\u00bbVorher \/ Nachher\u00bb][vc_column column_width_percent=\u00bb100&#8243; overlay_alpha=\u00bb50&#8243; gutter_size=\u00bb5&#8243; medium_width=\u00bb0&#8243; mobile_width=\u00bb0&#8243; shift_x=\u00bb0&#8243; [&hellip;]<\/p>\n","protected":false},"author":3,"featured_media":0,"parent":81540,"menu_order":0,"comment_status":"closed","ping_status":"closed","template":"","meta":{"footnotes":""},"class_list":["post-81811","page","type-page","status-publish","hentry"],"yoast_head":"<!-- This site is optimized with the Yoast SEO plugin v24.8 - https:\/\/yoast.com\/wordpress\/plugins\/seo\/ -->\n<title>pie de imprenta<\/title>\n<meta name=\"description\" content=\"Pie de imprenta - Informaci\u00f3n seg\u00fan \u00a7 5 TMG\" \/>\n<meta name=\"robots\" content=\"index, nofollow, max-snippet:-1, max-image-preview:large, max-video-preview:-1\" \/>\n<link rel=\"canonical\" href=\"https:\/\/goldeneye.de\/es\/permanent-make-up\/pie-de-imprenta\/\" \/>\n<meta property=\"og:locale\" content=\"es_ES\" \/>\n<meta property=\"og:type\" content=\"article\" \/>\n<meta property=\"og:title\" content=\"pie de imprenta\" \/>\n<meta property=\"og:description\" content=\"Pie de imprenta - Informaci\u00f3n seg\u00fan \u00a7 5 TMG\" \/>\n<meta property=\"og:url\" content=\"https:\/\/goldeneye.de\/es\/permanent-make-up\/pie-de-imprenta\/\" \/>\n<meta property=\"og:site_name\" content=\"Permanent Make-Up - GOLDENEYE Permanent Systems\" \/>\n<meta property=\"article:publisher\" content=\"https:\/\/www.facebook.com\/GoldeneyePermanentSystemGmbH\" \/>\n<meta property=\"article:modified_time\" content=\"2019-09-06T10:52:02+00:00\" \/>\n<meta name=\"twitter:card\" content=\"summary_large_image\" \/>\n<meta name=\"twitter:label1\" content=\"Tiempo de lectura\" \/>\n\t<meta name=\"twitter:data1\" content=\"3 minutos\" \/>\n<script type=\"application\/ld+json\" class=\"yoast-schema-graph\">{\"@context\":\"https:\/\/schema.org\",\"@graph\":[{\"@type\":\"WebPage\",\"@id\":\"https:\/\/goldeneye.de\/es\/permanent-make-up\/pie-de-imprenta\/\",\"url\":\"https:\/\/goldeneye.de\/es\/permanent-make-up\/pie-de-imprenta\/\",\"name\":\"pie de imprenta\",\"isPartOf\":{\"@id\":\"https:\/\/goldeneye.de\/es\/#website\"},\"datePublished\":\"2019-09-06T10:46:52+00:00\",\"dateModified\":\"2019-09-06T10:52:02+00:00\",\"description\":\"Pie de imprenta - Informaci\u00f3n seg\u00fan \u00a7 5 TMG\",\"breadcrumb\":{\"@id\":\"https:\/\/goldeneye.de\/es\/permanent-make-up\/pie-de-imprenta\/#breadcrumb\"},\"inLanguage\":\"es\",\"potentialAction\":[{\"@type\":\"ReadAction\",\"target\":[\"https:\/\/goldeneye.de\/es\/permanent-make-up\/pie-de-imprenta\/\"]}]},{\"@type\":\"BreadcrumbList\",\"@id\":\"https:\/\/goldeneye.de\/es\/permanent-make-up\/pie-de-imprenta\/#breadcrumb\",\"itemListElement\":[{\"@type\":\"ListItem\",\"position\":1,\"name\":\"Startseite\",\"item\":\"https:\/\/goldeneye.de\/es\/\"},{\"@type\":\"ListItem\",\"position\":2,\"name\":\"Micropigmentaci\u00f3n\",\"item\":\"https:\/\/goldeneye.de\/es\/\"},{\"@type\":\"ListItem\",\"position\":3,\"name\":\"pie de imprenta\"}]},{\"@type\":\"WebSite\",\"@id\":\"https:\/\/goldeneye.de\/es\/#website\",\"url\":\"https:\/\/goldeneye.de\/es\/\",\"name\":\"Permanent Make-Up - GOLDENEYE Permanent Systems\",\"description\":\"Micropigmentation, Permanent Make-Up, Nanoblading\",\"potentialAction\":[{\"@type\":\"SearchAction\",\"target\":{\"@type\":\"EntryPoint\",\"urlTemplate\":\"https:\/\/goldeneye.de\/es\/?s={search_term_string}\"},\"query-input\":{\"@type\":\"PropertyValueSpecification\",\"valueRequired\":true,\"valueName\":\"search_term_string\"}}],\"inLanguage\":\"es\"}]}<\/script>\n<!-- \/ Yoast SEO plugin. -->","yoast_head_json":{"title":"pie de imprenta","description":"Pie de imprenta - Informaci\u00f3n seg\u00fan \u00a7 5 TMG","robots":{"index":"index","follow":"nofollow","max-snippet":"max-snippet:-1","max-image-preview":"max-image-preview:large","max-video-preview":"max-video-preview:-1"},"canonical":"https:\/\/goldeneye.de\/es\/permanent-make-up\/pie-de-imprenta\/","og_locale":"es_ES","og_type":"article","og_title":"pie de imprenta","og_description":"Pie de imprenta - Informaci\u00f3n seg\u00fan \u00a7 5 TMG","og_url":"https:\/\/goldeneye.de\/es\/permanent-make-up\/pie-de-imprenta\/","og_site_name":"Permanent Make-Up - GOLDENEYE Permanent Systems","article_publisher":"https:\/\/www.facebook.com\/GoldeneyePermanentSystemGmbH","article_modified_time":"2019-09-06T10:52:02+00:00","twitter_card":"summary_large_image","twitter_misc":{"Tiempo de lectura":"3 minutos"},"schema":{"@context":"https:\/\/schema.org","@graph":[{"@type":"WebPage","@id":"https:\/\/goldeneye.de\/es\/permanent-make-up\/pie-de-imprenta\/","url":"https:\/\/goldeneye.de\/es\/permanent-make-up\/pie-de-imprenta\/","name":"pie de imprenta","isPartOf":{"@id":"https:\/\/goldeneye.de\/es\/#website"},"datePublished":"2019-09-06T10:46:52+00:00","dateModified":"2019-09-06T10:52:02+00:00","description":"Pie de imprenta - Informaci\u00f3n seg\u00fan \u00a7 5 TMG","breadcrumb":{"@id":"https:\/\/goldeneye.de\/es\/permanent-make-up\/pie-de-imprenta\/#breadcrumb"},"inLanguage":"es","potentialAction":[{"@type":"ReadAction","target":["https:\/\/goldeneye.de\/es\/permanent-make-up\/pie-de-imprenta\/"]}]},{"@type":"BreadcrumbList","@id":"https:\/\/goldeneye.de\/es\/permanent-make-up\/pie-de-imprenta\/#breadcrumb","itemListElement":[{"@type":"ListItem","position":1,"name":"Startseite","item":"https:\/\/goldeneye.de\/es\/"},{"@type":"ListItem","position":2,"name":"Micropigmentaci\u00f3n","item":"https:\/\/goldeneye.de\/es\/"},{"@type":"ListItem","position":3,"name":"pie de imprenta"}]},{"@type":"WebSite","@id":"https:\/\/goldeneye.de\/es\/#website","url":"https:\/\/goldeneye.de\/es\/","name":"Permanent Make-Up - GOLDENEYE Permanent Systems","description":"Micropigmentation, Permanent Make-Up, Nanoblading","potentialAction":[{"@type":"SearchAction","target":{"@type":"EntryPoint","urlTemplate":"https:\/\/goldeneye.de\/es\/?s={search_term_string}"},"query-input":{"@type":"PropertyValueSpecification","valueRequired":true,"valueName":"search_term_string"}}],"inLanguage":"es"}]}},"_links":{"self":[{"href":"https:\/\/goldeneye.de\/es\/wp-json\/wp\/v2\/pages\/81811","targetHints":{"allow":["GET"]}}],"collection":[{"href":"https:\/\/goldeneye.de\/es\/wp-json\/wp\/v2\/pages"}],"about":[{"href":"https:\/\/goldeneye.de\/es\/wp-json\/wp\/v2\/types\/page"}],"author":[{"embeddable":true,"href":"https:\/\/goldeneye.de\/es\/wp-json\/wp\/v2\/users\/3"}],"replies":[{"embeddable":true,"href":"https:\/\/goldeneye.de\/es\/wp-json\/wp\/v2\/comments?post=81811"}],"version-history":[{"count":2,"href":"https:\/\/goldeneye.de\/es\/wp-json\/wp\/v2\/pages\/81811\/revisions"}],"predecessor-version":[{"id":81813,"href":"https:\/\/goldeneye.de\/es\/wp-json\/wp\/v2\/pages\/81811\/revisions\/81813"}],"up":[{"embeddable":true,"href":"https:\/\/goldeneye.de\/es\/wp-json\/wp\/v2\/pages\/81540"}],"wp:attachment":[{"href":"https:\/\/goldeneye.de\/es\/wp-json\/wp\/v2\/media?parent=81811"}],"curies":[{"name":"wp","href":"https:\/\/api.w.org\/{rel}","templated":true}]}}