{"id":81784,"date":"2019-09-05T14:37:02","date_gmt":"2019-09-05T12:37:02","guid":{"rendered":"https:\/\/goldeneye.de\/?page_id=81784"},"modified":"2022-11-04T13:59:34","modified_gmt":"2022-11-04T12:59:34","slug":"contacto","status":"publish","type":"page","link":"https:\/\/goldeneye.de\/es\/permanent-make-up\/contacto\/","title":{"rendered":"Contacto"},"content":{"rendered":"<div class=\"wpb-content-wrapper\"><p>[vc_row unlock_row=\u00bb\u00bb row_height_percent=\u00bb0&#8243; override_padding=\u00bbyes\u00bb h_padding=\u00bb2&#8243; top_padding=\u00bb3&#8243; bottom_padding=\u00bb3&#8243; overlay_alpha=\u00bb100&#8243; gutter_size=\u00bb100&#8243; column_width_percent=\u00bb100&#8243; shift_y=\u00bb0&#8243; z_index=\u00bb0&#8243; row_width=\u00bb1000&#8243; block_height=\u00bb0&#8243; back_alpha=\u00bb100&#8243; border_size=\u00bb1&#8243; style=\u00bbinherited\u00bb][vc_column width=\u00bb2\/3&#8243;][vc_custom_heading text_weight=\u00bb300&#8243; text_space=\u00bbfontspace-781688&#8243; el_class=\u00bbdemo-features-heading\u00bb]Esperamos su mensaje.[\/vc_custom_heading]<script type=\"text\/javascript\">\n\/* <![CDATA[ *\/\nvar gform;gform||(document.addEventListener(\"gform_main_scripts_loaded\",function(){gform.scriptsLoaded=!0}),document.addEventListener(\"gform\/theme\/scripts_loaded\",function(){gform.themeScriptsLoaded=!0}),window.addEventListener(\"DOMContentLoaded\",function(){gform.domLoaded=!0}),gform={domLoaded:!1,scriptsLoaded:!1,themeScriptsLoaded:!1,isFormEditor:()=>\"function\"==typeof InitializeEditor,callIfLoaded:function(o){return!(!gform.domLoaded||!gform.scriptsLoaded||!gform.themeScriptsLoaded&&!gform.isFormEditor()||(gform.isFormEditor()&&console.warn(\"The use of gform.initializeOnLoaded() is deprecated in the form editor context and will be removed in Gravity Forms 3.1.\"),o(),0))},initializeOnLoaded:function(o){gform.callIfLoaded(o)||(document.addEventListener(\"gform_main_scripts_loaded\",()=>{gform.scriptsLoaded=!0,gform.callIfLoaded(o)}),document.addEventListener(\"gform\/theme\/scripts_loaded\",()=>{gform.themeScriptsLoaded=!0,gform.callIfLoaded(o)}),window.addEventListener(\"DOMContentLoaded\",()=>{gform.domLoaded=!0,gform.callIfLoaded(o)}))},hooks:{action:{},filter:{}},addAction:function(o,r,e,t){gform.addHook(\"action\",o,r,e,t)},addFilter:function(o,r,e,t){gform.addHook(\"filter\",o,r,e,t)},doAction:function(o){gform.doHook(\"action\",o,arguments)},applyFilters:function(o){return gform.doHook(\"filter\",o,arguments)},removeAction:function(o,r){gform.removeHook(\"action\",o,r)},removeFilter:function(o,r,e){gform.removeHook(\"filter\",o,r,e)},addHook:function(o,r,e,t,n){null==gform.hooks[o][r]&&(gform.hooks[o][r]=[]);var d=gform.hooks[o][r];null==n&&(n=r+\"_\"+d.length),gform.hooks[o][r].push({tag:n,callable:e,priority:t=null==t?10:t})},doHook:function(r,o,e){var t;if(e=Array.prototype.slice.call(e,1),null!=gform.hooks[r][o]&&((o=gform.hooks[r][o]).sort(function(o,r){return o.priority-r.priority}),o.forEach(function(o){\"function\"!=typeof(t=o.callable)&&(t=window[t]),\"action\"==r?t.apply(null,e):e[0]=t.apply(null,e)})),\"filter\"==r)return e[0]},removeHook:function(o,r,t,n){var e;null!=gform.hooks[o][r]&&(e=(e=gform.hooks[o][r]).filter(function(o,r,e){return!!(null!=n&&n!=o.tag||null!=t&&t!=o.priority)}),gform.hooks[o][r]=e)}});\n\/* ]]> *\/\n<\/script>\n\n                <div class='gf_browser_gecko gform_wrapper gravity-theme gform-theme--no-framework' data-form-theme='gravity-theme' data-form-index='0' id='gform_wrapper_5' ><form method='post' enctype='multipart\/form-data'  id='gform_5'  action='\/es\/wp-json\/wp\/v2\/pages\/81784' data-formid='5' novalidate>\n                        <div class='gform-body gform_body'><div id='gform_fields_5' class='gform_fields top_label form_sublabel_below description_below validation_below'><div id=\"field_5_10\" class=\"gfield gfield--type-honeypot gform_validation_container field_sublabel_below gfield--has-description field_description_below field_validation_below gfield_visibility_visible\"  ><label class='gfield_label gform-field-label' for='input_5_10'>URL<\/label><div class='ginput_container'><input name='input_10' id='input_5_10' type='text' value='' autocomplete='new-password'\/><\/div><div class='gfield_description' id='gfield_description_5_10'>Este campo es un campo de validaci\u00f3n y debe quedar sin cambios.<\/div><\/div><fieldset id=\"field_5_1\" class=\"gfield gfield--type-name gfield--width-half gfield_contains_required field_sublabel_hidden_label gfield--no-description field_description_below hidden_label field_validation_below gfield_visibility_visible\"  ><legend class='gfield_label gform-field-label gfield_label_before_complex' >nombre<span class=\"gfield_required\"><span class=\"gfield_required gfield_required_text\">(Obligatorio)<\/span><\/span><\/legend><div class='ginput_complex ginput_container ginput_container--name no_prefix has_first_name no_middle_name no_last_name no_suffix gf_name_has_1 ginput_container_name gform-grid-row' id='input_5_1'>\n                            \n                            <span id='input_5_1_3_container' class='name_first gform-grid-col gform-grid-col--size-auto' >\n                                                    <input type='text' name='input_1.3' id='input_5_1_3' value=''   aria-required='true'   placeholder='Su nombre'  \/>\n                                                    <label for='input_5_1_3' class='gform-field-label gform-field-label--type-sub hidden_sub_label screen-reader-text'>Nombre<\/label>\n                                                <\/span>\n                            \n                            \n                            \n                        <\/div><\/fieldset><fieldset id=\"field_5_4\" class=\"gfield gfield--type-name gfield--width-half gfield_contains_required field_sublabel_hidden_label gfield--no-description field_description_below hidden_label field_validation_below gfield_visibility_visible\"  ><legend class='gfield_label gform-field-label gfield_label_before_complex' >apellido<span class=\"gfield_required\"><span class=\"gfield_required gfield_required_text\">(Obligatorio)<\/span><\/span><\/legend><div class='ginput_complex ginput_container ginput_container--name no_prefix no_first_name no_middle_name has_last_name no_suffix gf_name_has_1 ginput_container_name gform-grid-row' id='input_5_4'>\n                            \n                            \n                            \n                            <span id='input_5_4_6_container' class='name_last gform-grid-col gform-grid-col--size-auto' >\n                                                    <input type='text' name='input_4.6' id='input_5_4_6' value=''   aria-required='true'   placeholder='Su apellido'  \/>\n                                                    <label for='input_5_4_6' class='gform-field-label gform-field-label--type-sub hidden_sub_label screen-reader-text'>Apellidos<\/label>\n                                                <\/span>\n                            \n                        <\/div><\/fieldset><div id=\"field_5_5\" class=\"gfield gfield--type-email gfield--width-half gfield_contains_required field_sublabel_below gfield--no-description field_description_below hidden_label field_validation_below gfield_visibility_visible\"  ><label class='gfield_label gform-field-label' for='input_5_5'>e-mail<span class=\"gfield_required\"><span class=\"gfield_required gfield_required_text\">(Obligatorio)<\/span><\/span><\/label><div class='ginput_container ginput_container_email'>\n                            <input name='input_5' id='input_5_5' type='email' value='' class='large'   placeholder='Su e-mail' aria-required=\"true\" aria-invalid=\"false\"  \/>\n                        <\/div><\/div><div id=\"field_5_6\" class=\"gfield gfield--type-website gfield--width-half field_sublabel_below gfield--no-description field_description_below hidden_label field_validation_below gfield_visibility_visible\"  ><label class='gfield_label gform-field-label' for='input_5_6'>p\u00e1gina web<\/label><div class='ginput_container ginput_container_website'>\n                    <input name='input_6' id='input_5_6' type='url' value='' class='large'    placeholder='Su p\u00e1gina web'  aria-invalid=\"false\" \/>\n                <\/div><\/div><div id=\"field_5_7\" class=\"gfield gfield--type-select gfield--width-full gfield_contains_required field_sublabel_below gfield--no-description field_description_below hidden_label field_validation_below gfield_visibility_visible\"  ><label class='gfield_label gform-field-label' for='input_5_7'>solicitud<span class=\"gfield_required\"><span class=\"gfield_required gfield_required_text\">(Obligatorio)<\/span><\/span><\/label><div class='ginput_container ginput_container_select'><select name='input_7' id='input_5_7' class='large gfield_select'    aria-required=\"true\" aria-invalid=\"false\" ><option value='' selected='selected' class='gf_placeholder'>Su solicitud<\/option><option value='Solicitud de contacto' >Solicitud de contacto<\/option><option value='Solicitud de productos' >Solicitud de productos<\/option><option value='Solicite el juego de pruebas (especifique la direcci\u00f3n de env\u00edo)' >Solicite el juego de pruebas (especifique la direcci\u00f3n de env\u00edo)<\/option><option value='Formaci\u00f3n' >Formaci\u00f3n<\/option><\/select><\/div><\/div><div id=\"field_5_8\" class=\"gfield gfield--type-textarea gfield--width-full gfield_contains_required field_sublabel_below gfield--no-description field_description_below hidden_label field_validation_below gfield_visibility_visible\"  ><label class='gfield_label gform-field-label' for='input_5_8'>mensaje<span class=\"gfield_required\"><span class=\"gfield_required gfield_required_text\">(Obligatorio)<\/span><\/span><\/label><div class='ginput_container ginput_container_textarea'><textarea name='input_8' id='input_5_8' class='textarea large'    placeholder='Su mensaje' aria-required=\"true\" aria-invalid=\"false\"   rows='10' cols='50'><\/textarea><\/div><\/div><fieldset id=\"field_5_9\" class=\"gfield gfield--type-consent gfield--type-choice gfield--input-type-consent gfield--width-full gfield_contains_required field_sublabel_below gfield--no-description field_description_below hidden_label field_validation_below gfield_visibility_visible\"  ><legend class='gfield_label gform-field-label gfield_label_before_complex' >Consentimiento<span class=\"gfield_required\"><span class=\"gfield_required gfield_required_text\">(Obligatorio)<\/span><\/span><\/legend><div class='ginput_container ginput_container_consent'><input name='input_9.1' id='input_5_9_1' type='checkbox' value='1'   aria-required=\"true\" aria-invalid=\"false\"   \/> <label class=\"gform-field-label gform-field-label--type-inline gfield_consent_label\" for='input_5_9_1' >Para utilizar el formulario de contacto, confirme nuestra pol\u00edtica de privacidad <a href=\"https:\/\/goldeneye.de\/es\/permanent-make-up\/declaracion-de-privacidad\/\">pol\u00edtica de privacidad<\/a>.<span class=\"gfield_required gfield_required_text\">(Obligatorio)<\/span><\/label><input type='hidden' name='input_9.2' value='Para utilizar el formulario de contacto, confirme nuestra pol\u00edtica de privacidad &lt;a href=&quot;https:\/\/goldeneye.de\/es\/permanent-make-up\/declaracion-de-privacidad\/&quot;&gt;pol\u00edtica de privacidad&lt;\/a&gt;.' class='gform_hidden' \/><input type='hidden' name='input_9.3' value='5' class='gform_hidden' \/><\/div><\/fieldset><\/div><\/div>\n        <div class='gform-footer gform_footer top_label'> <input type='submit' id='gform_submit_button_5' class='gform_button button' onclick='gform.submission.handleButtonClick(this);' data-submission-type='submit' value='Enviar'  \/> \n            <input type='hidden' class='gform_hidden' name='gform_submission_method' data-js='gform_submission_method_5' value='postback' \/>\n            <input type='hidden' class='gform_hidden' name='gform_theme' data-js='gform_theme_5' id='gform_theme_5' value='gravity-theme' \/>\n            <input type='hidden' class='gform_hidden' name='gform_style_settings' data-js='gform_style_settings_5' id='gform_style_settings_5' value='[]' \/>\n            <input type='hidden' class='gform_hidden' name='is_submit_5' value='1' \/>\n            <input type='hidden' class='gform_hidden' name='gform_submit' value='5' \/>\n            \n            <input type='hidden' class='gform_hidden' name='gform_currency' data-currency='EUR' value='lHswC9GsRkaD+zodGm1TFTVSskSI0y\/o+Yo8KSdMfPpYvoya9l+5agSBOwTN4yJf2s994DA7o2xzRvHAIMZDsGRJFpF3mvkFxplsm2dvOuHFbWA=' \/>\n            <input type='hidden' class='gform_hidden' name='gform_unique_id' value='' \/>\n            <input type='hidden' class='gform_hidden' name='state_5' value='WyJ7XCI5LjFcIjpcIjI4YzhjMDMzZGUzZDNhODAwZmU5MDA0NDY0MzE0YWE2XCIsXCI5LjJcIjpcIjY3OTg4NzE2MDg5NjA4NmYwMTNkYTNmN2VmZTYwNmRkXCIsXCI5LjNcIjpcIjE3NGZjZTExZGQ2ZTFhZjQ2M2YxYmViZTVjNzA3MTBkXCJ9IiwiZmViMTk5NGMyYzY0YTRiNWJlMWNkMzlkMGIxOTI0OWMiXQ==' \/>\n            <input type='hidden' autocomplete='off' class='gform_hidden' name='gform_target_page_number_5' id='gform_target_page_number_5' value='0' \/>\n            <input type='hidden' autocomplete='off' class='gform_hidden' name='gform_source_page_number_5' id='gform_source_page_number_5' value='1' \/>\n            <input type='hidden' name='gform_field_values' value='' \/>\n            \n        <\/div>\n                        <\/form>\n                        <\/div><script type=\"text\/javascript\">\n\/* <![CDATA[ *\/\n gform.initializeOnLoaded( function() {gformInitSpinner( 5, 'https:\/\/goldeneye.de\/wp-content\/plugins\/gravityforms\/images\/spinner.svg', true );jQuery('#gform_ajax_frame_5').on('load',function(){var contents = jQuery(this).contents().find('*').html();var is_postback = contents.indexOf('GF_AJAX_POSTBACK') >= 0;if(!is_postback){return;}var form_content = jQuery(this).contents().find('#gform_wrapper_5');var is_confirmation = jQuery(this).contents().find('#gform_confirmation_wrapper_5').length > 0;var is_redirect = contents.indexOf('gformRedirect(){') >= 0;var is_form = form_content.length > 0 && ! is_redirect && ! is_confirmation;var mt = parseInt(jQuery('html').css('margin-top'), 10) + parseInt(jQuery('body').css('margin-top'), 10) + 100;if(is_form){jQuery('#gform_wrapper_5').html(form_content.html());if(form_content.hasClass('gform_validation_error')){jQuery('#gform_wrapper_5').addClass('gform_validation_error');} else {jQuery('#gform_wrapper_5').removeClass('gform_validation_error');}setTimeout( function() { \/* delay the scroll by 50 milliseconds to fix a bug in chrome *\/  }, 50 );if(window['gformInitDatepicker']) {gformInitDatepicker();}if(window['gformInitPriceFields']) {gformInitPriceFields();}var current_page = jQuery('#gform_source_page_number_5').val();gformInitSpinner( 5, 'https:\/\/goldeneye.de\/wp-content\/plugins\/gravityforms\/images\/spinner.svg', true );jQuery(document).trigger('gform_page_loaded', [5, current_page]);window['gf_submitting_5'] = false;}else if(!is_redirect){var confirmation_content = jQuery(this).contents().find('.GF_AJAX_POSTBACK').html();if(!confirmation_content){confirmation_content = contents;}jQuery('#gform_wrapper_5').replaceWith(confirmation_content);jQuery(document).trigger('gform_confirmation_loaded', [5]);window['gf_submitting_5'] = false;wp.a11y.speak(jQuery('#gform_confirmation_message_5').text());}else{jQuery('#gform_5').append(contents);if(window['gformRedirect']) {gformRedirect();}}jQuery(document).trigger(\"gform_pre_post_render\", [{ formId: \"5\", currentPage: \"current_page\", abort: function() { this.preventDefault(); } }]);        if (event && event.defaultPrevented) {                return;        }        const gformWrapperDiv = document.getElementById( \"gform_wrapper_5\" );        if ( gformWrapperDiv ) {            const visibilitySpan = document.createElement( \"span\" );            visibilitySpan.id = \"gform_visibility_test_5\";            gformWrapperDiv.insertAdjacentElement( \"afterend\", visibilitySpan );        }        const visibilityTestDiv = document.getElementById( \"gform_visibility_test_5\" );        let postRenderFired = false;        function triggerPostRender() {            if ( postRenderFired ) {                return;            }            postRenderFired = true;            gform.core.triggerPostRenderEvents( 5, current_page );            if ( visibilityTestDiv ) {                visibilityTestDiv.parentNode.removeChild( visibilityTestDiv );            }        }        function debounce( func, wait, immediate ) {            var timeout;            return function() {                var context = this, args = arguments;                var later = function() {                    timeout = null;                    if ( !immediate ) func.apply( context, args );                };                var callNow = immediate && !timeout;                clearTimeout( timeout );                timeout = setTimeout( later, wait );                if ( callNow ) func.apply( context, args );            };        }        const debouncedTriggerPostRender = debounce( function() {            triggerPostRender();        }, 200 );        if ( visibilityTestDiv && visibilityTestDiv.offsetParent === null ) {            const observer = new MutationObserver( ( mutations ) => {                mutations.forEach( ( mutation ) => {                    if ( mutation.type === 'attributes' && visibilityTestDiv.offsetParent !== null ) {                        debouncedTriggerPostRender();                        observer.disconnect();                    }                });            });            observer.observe( document.body, {                attributes: true,                childList: false,                subtree: true,                attributeFilter: [ 'style', 'class' ],            });        } else {            triggerPostRender();        }    } );} ); \n\/* ]]> *\/\n<\/script>\n[\/vc_column][vc_column column_width_use_pixel=\u00bbyes\u00bb gutter_size=\u00bb3&#8243; overlay_alpha=\u00bb100&#8243; shift_x=\u00bb0&#8243; shift_y=\u00bb0&#8243; medium_width=\u00bb0&#8243; zoom_width=\u00bb0&#8243; zoom_height=\u00bb0&#8243; width=\u00bb1\/3&#8243; max_width=\u00bb100&#8243; align_vertical=\u00bbtop\u00bb back_alpha=\u00bb100&#8243; column_width_pixel=\u00bb800&#8243;][vc_custom_heading text_weight=\u00bb300&#8243; text_space=\u00bbfontspace-781688&#8243; el_class=\u00bbdemo-features-heading\u00bb]Goldeneye<\/p>\n<p>Permanent Systems GmbH[\/vc_custom_heading][vc_custom_heading heading_semantic=\u00bbp\u00bb text_size=\u00bbh4&#8243; text_weight=\u00bb300&#8243; text_height=\u00bbfontheight-357766&#8243; text_space=\u00bbfontspace-781688&#8243; el_class=\u00bbdemo-features-heading\u00bb]ALEMANIA:<br \/>\nMittelwegring 31<br \/>\n76751 Jockgrim<br \/>\nTel: 07271 98999 10<br \/>\n<a href=\"mailto:info@goldeneye.de\">info@goldeneye.de<\/a><\/p>\n<p>&nbsp;<\/p>\n<p>ESPA\u00d1A:<br \/>\nTel: 0039-(0)671-069189<br \/>\nC\/Pintor Balaca, yo<br \/>\n30204 Cartagena, Murcia[\/vc_custom_heading][\/vc_column][\/vc_row]<\/p>\n<\/div>","protected":false},"excerpt":{"rendered":"<p>Create your contact form in seconds with Contact Form 7. With CF you can manage multiple contact forms easly.<\/p>\n","protected":false},"author":3,"featured_media":0,"parent":81540,"menu_order":0,"comment_status":"open","ping_status":"open","template":"","meta":{"footnotes":""},"class_list":["post-81784","page","type-page","status-publish","hentry"],"yoast_head":"<!-- This site is optimized with the Yoast SEO plugin v24.8 - https:\/\/yoast.com\/wordpress\/plugins\/seo\/ -->\n<title>Contacto - Permanent Make-Up - GOLDENEYE Permanent Systems<\/title>\n<meta name=\"description\" content=\"\u00bfDesea comenzar un entrenamiento de PMU o est\u00e1 buscando la persona de contacto adecuada para los productos Goldeneye? Entonces est\u00e1s en el lugar adecuado.\" \/>\n<meta name=\"robots\" content=\"index, follow, max-snippet:-1, max-image-preview:large, max-video-preview:-1\" \/>\n<link rel=\"canonical\" href=\"https:\/\/goldeneye.de\/es\/permanent-make-up\/contacto\/\" \/>\n<meta property=\"og:locale\" content=\"es_ES\" \/>\n<meta property=\"og:type\" content=\"article\" \/>\n<meta property=\"og:title\" content=\"Contacto - Permanent Make-Up - GOLDENEYE Permanent Systems\" \/>\n<meta property=\"og:description\" content=\"\u00bfDesea comenzar un entrenamiento de PMU o est\u00e1 buscando la persona de contacto adecuada para los productos Goldeneye? Entonces est\u00e1s en el lugar adecuado.\" \/>\n<meta property=\"og:url\" content=\"https:\/\/goldeneye.de\/es\/permanent-make-up\/contacto\/\" \/>\n<meta property=\"og:site_name\" content=\"Permanent Make-Up - GOLDENEYE Permanent Systems\" \/>\n<meta property=\"article:publisher\" content=\"https:\/\/www.facebook.com\/GoldeneyePermanentSystemGmbH\" \/>\n<meta property=\"article:modified_time\" content=\"2022-11-04T12:59:34+00:00\" \/>\n<meta name=\"twitter:card\" content=\"summary_large_image\" \/>\n<meta name=\"twitter:label1\" content=\"Tiempo de lectura\" \/>\n\t<meta name=\"twitter:data1\" content=\"1 minuto\" \/>\n<script type=\"application\/ld+json\" class=\"yoast-schema-graph\">{\"@context\":\"https:\/\/schema.org\",\"@graph\":[{\"@type\":\"WebPage\",\"@id\":\"https:\/\/goldeneye.de\/es\/permanent-make-up\/contacto\/\",\"url\":\"https:\/\/goldeneye.de\/es\/permanent-make-up\/contacto\/\",\"name\":\"Contacto - Permanent Make-Up - GOLDENEYE Permanent Systems\",\"isPartOf\":{\"@id\":\"https:\/\/goldeneye.de\/es\/#website\"},\"datePublished\":\"2019-09-05T12:37:02+00:00\",\"dateModified\":\"2022-11-04T12:59:34+00:00\",\"description\":\"\u00bfDesea comenzar un entrenamiento de PMU o est\u00e1 buscando la persona de contacto adecuada para los productos Goldeneye? Entonces est\u00e1s en el lugar adecuado.\",\"breadcrumb\":{\"@id\":\"https:\/\/goldeneye.de\/es\/permanent-make-up\/contacto\/#breadcrumb\"},\"inLanguage\":\"es\",\"potentialAction\":[{\"@type\":\"ReadAction\",\"target\":[\"https:\/\/goldeneye.de\/es\/permanent-make-up\/contacto\/\"]}]},{\"@type\":\"BreadcrumbList\",\"@id\":\"https:\/\/goldeneye.de\/es\/permanent-make-up\/contacto\/#breadcrumb\",\"itemListElement\":[{\"@type\":\"ListItem\",\"position\":1,\"name\":\"Startseite\",\"item\":\"https:\/\/goldeneye.de\/es\/\"},{\"@type\":\"ListItem\",\"position\":2,\"name\":\"Micropigmentaci\u00f3n\",\"item\":\"https:\/\/goldeneye.de\/es\/\"},{\"@type\":\"ListItem\",\"position\":3,\"name\":\"Contacto\"}]},{\"@type\":\"WebSite\",\"@id\":\"https:\/\/goldeneye.de\/es\/#website\",\"url\":\"https:\/\/goldeneye.de\/es\/\",\"name\":\"Permanent Make-Up - GOLDENEYE Permanent Systems\",\"description\":\"Micropigmentation, Permanent Make-Up, Nanoblading\",\"potentialAction\":[{\"@type\":\"SearchAction\",\"target\":{\"@type\":\"EntryPoint\",\"urlTemplate\":\"https:\/\/goldeneye.de\/es\/?s={search_term_string}\"},\"query-input\":{\"@type\":\"PropertyValueSpecification\",\"valueRequired\":true,\"valueName\":\"search_term_string\"}}],\"inLanguage\":\"es\"}]}<\/script>\n<!-- \/ Yoast SEO plugin. -->","yoast_head_json":{"title":"Contacto - Permanent Make-Up - GOLDENEYE Permanent Systems","description":"\u00bfDesea comenzar un entrenamiento de PMU o est\u00e1 buscando la persona de contacto adecuada para los productos Goldeneye? Entonces est\u00e1s en el lugar adecuado.","robots":{"index":"index","follow":"follow","max-snippet":"max-snippet:-1","max-image-preview":"max-image-preview:large","max-video-preview":"max-video-preview:-1"},"canonical":"https:\/\/goldeneye.de\/es\/permanent-make-up\/contacto\/","og_locale":"es_ES","og_type":"article","og_title":"Contacto - Permanent Make-Up - GOLDENEYE Permanent Systems","og_description":"\u00bfDesea comenzar un entrenamiento de PMU o est\u00e1 buscando la persona de contacto adecuada para los productos Goldeneye? Entonces est\u00e1s en el lugar adecuado.","og_url":"https:\/\/goldeneye.de\/es\/permanent-make-up\/contacto\/","og_site_name":"Permanent Make-Up - GOLDENEYE Permanent Systems","article_publisher":"https:\/\/www.facebook.com\/GoldeneyePermanentSystemGmbH","article_modified_time":"2022-11-04T12:59:34+00:00","twitter_card":"summary_large_image","twitter_misc":{"Tiempo de lectura":"1 minuto"},"schema":{"@context":"https:\/\/schema.org","@graph":[{"@type":"WebPage","@id":"https:\/\/goldeneye.de\/es\/permanent-make-up\/contacto\/","url":"https:\/\/goldeneye.de\/es\/permanent-make-up\/contacto\/","name":"Contacto - Permanent Make-Up - GOLDENEYE Permanent Systems","isPartOf":{"@id":"https:\/\/goldeneye.de\/es\/#website"},"datePublished":"2019-09-05T12:37:02+00:00","dateModified":"2022-11-04T12:59:34+00:00","description":"\u00bfDesea comenzar un entrenamiento de PMU o est\u00e1 buscando la persona de contacto adecuada para los productos Goldeneye? Entonces est\u00e1s en el lugar adecuado.","breadcrumb":{"@id":"https:\/\/goldeneye.de\/es\/permanent-make-up\/contacto\/#breadcrumb"},"inLanguage":"es","potentialAction":[{"@type":"ReadAction","target":["https:\/\/goldeneye.de\/es\/permanent-make-up\/contacto\/"]}]},{"@type":"BreadcrumbList","@id":"https:\/\/goldeneye.de\/es\/permanent-make-up\/contacto\/#breadcrumb","itemListElement":[{"@type":"ListItem","position":1,"name":"Startseite","item":"https:\/\/goldeneye.de\/es\/"},{"@type":"ListItem","position":2,"name":"Micropigmentaci\u00f3n","item":"https:\/\/goldeneye.de\/es\/"},{"@type":"ListItem","position":3,"name":"Contacto"}]},{"@type":"WebSite","@id":"https:\/\/goldeneye.de\/es\/#website","url":"https:\/\/goldeneye.de\/es\/","name":"Permanent Make-Up - GOLDENEYE Permanent Systems","description":"Micropigmentation, Permanent Make-Up, Nanoblading","potentialAction":[{"@type":"SearchAction","target":{"@type":"EntryPoint","urlTemplate":"https:\/\/goldeneye.de\/es\/?s={search_term_string}"},"query-input":{"@type":"PropertyValueSpecification","valueRequired":true,"valueName":"search_term_string"}}],"inLanguage":"es"}]}},"_links":{"self":[{"href":"https:\/\/goldeneye.de\/es\/wp-json\/wp\/v2\/pages\/81784","targetHints":{"allow":["GET"]}}],"collection":[{"href":"https:\/\/goldeneye.de\/es\/wp-json\/wp\/v2\/pages"}],"about":[{"href":"https:\/\/goldeneye.de\/es\/wp-json\/wp\/v2\/types\/page"}],"author":[{"embeddable":true,"href":"https:\/\/goldeneye.de\/es\/wp-json\/wp\/v2\/users\/3"}],"replies":[{"embeddable":true,"href":"https:\/\/goldeneye.de\/es\/wp-json\/wp\/v2\/comments?post=81784"}],"version-history":[{"count":8,"href":"https:\/\/goldeneye.de\/es\/wp-json\/wp\/v2\/pages\/81784\/revisions"}],"predecessor-version":[{"id":82824,"href":"https:\/\/goldeneye.de\/es\/wp-json\/wp\/v2\/pages\/81784\/revisions\/82824"}],"up":[{"embeddable":true,"href":"https:\/\/goldeneye.de\/es\/wp-json\/wp\/v2\/pages\/81540"}],"wp:attachment":[{"href":"https:\/\/goldeneye.de\/es\/wp-json\/wp\/v2\/media?parent=81784"}],"curies":[{"name":"wp","href":"https:\/\/api.w.org\/{rel}","templated":true}]}}