{"id":81732,"date":"2019-09-05T11:11:12","date_gmt":"2019-09-05T09:11:12","guid":{"rendered":"https:\/\/goldeneye.de\/?page_id=81732"},"modified":"2020-03-13T09:29:20","modified_gmt":"2020-03-13T08:29:20","slug":"clientes-satisfechos","status":"publish","type":"page","link":"https:\/\/goldeneye.de\/es\/permanent-make-up\/clientes-satisfechos\/","title":{"rendered":"Clientes satisfechos"},"content":{"rendered":"<div class=\"wpb-content-wrapper\"><p>[vc_row row_height_percent=\u00bb40&#8243; override_padding=\u00bbyes\u00bb h_padding=\u00bb2&#8243; top_padding=\u00bb7&#8243; bottom_padding=\u00bb7&#8243; back_image=\u00bb79715&#8243; parallax=\u00bbyes\u00bb overlay_color=\u00bbaccent\u00bb overlay_alpha=\u00bb50&#8243; gutter_size=\u00bb3&#8243; column_width_percent=\u00bb100&#8243; shift_y=\u00bb0&#8243; z_index=\u00bb2&#8243; bottom_divider=\u00bbstep_2_3&#8243;][vc_column column_width_use_pixel=\u00bbyes\u00bb position_vertical=\u00bbmiddle\u00bb align_horizontal=\u00bbalign_center\u00bb gutter_size=\u00bb3&#8243; override_padding=\u00bbyes\u00bb column_padding=\u00bb3&#8243; style=\u00bbdark\u00bb overlay_alpha=\u00bb50&#8243; shift_x=\u00bb0&#8243; shift_y=\u00bb0&#8243; shift_y_down=\u00bb0&#8243; shift_y_down_fixed=\u00bbyes\u00bb z_index=\u00bb0&#8243; medium_width=\u00bb0&#8243; align_mobile=\u00bbalign_center_mobile\u00bb mobile_width=\u00bb0&#8243; width=\u00bb1\/1&#8243; column_width_pixel=\u00bb1000&#8243;][vc_custom_heading text_size=\u00bbfontsize-155944&#8243; text_italic=\u00bbyes\u00bb text_color=\u00bbcolor-xsdn\u00bb]\u00bbCreo que las chicas felices son las chicas m\u00e1s bellas.\u00bb<\/p>\n<p><a href=\"https:\/\/de.wikipedia.org\/wiki\/Audrey_Hepburn\" target=\"_blank\" rel=\"noopener noreferrer\">Audrey Hepburn<\/a>[\/vc_custom_heading][\/vc_column][\/vc_row][vc_row row_height_percent=\u00bb0&#8243; override_padding=\u00bbyes\u00bb h_padding=\u00bb2&#8243; top_padding=\u00bb4&#8243; bottom_padding=\u00bb4&#8243; back_color=\u00bbcolor-120844&#8243; overlay_alpha=\u00bb50&#8243; gutter_size=\u00bb3&#8243; column_width_percent=\u00bb100&#8243; shift_y=\u00bb0&#8243; z_index=\u00bb0&#8243; row_name=\u00bbMicropigmentation\u00bb][vc_column column_width_percent=\u00bb100&#8243; position_vertical=\u00bbmiddle\u00bb gutter_size=\u00bb5&#8243; overlay_alpha=\u00bb50&#8243; shift_x=\u00bb0&#8243; shift_y=\u00bb0&#8243; shift_y_down=\u00bb0&#8243; z_index=\u00bb0&#8243; medium_width=\u00bb0&#8243; mobile_width=\u00bb0&#8243; width=\u00bb1\/1&#8243;][vc_row_inner][vc_column_inner width=\u00bb1\/1&#8243;][vc_gallery el_id=\u00bbgallery-115572&#8243; medias=\u00bb82043,82047,82051,82055,82059,82066,82070,82074,82078,82082,82090,82102,82094,82098,82039,82107&#8243; gutter_size=\u00bb0&#8243; screen_lg=\u00bb600&#8243; screen_md=\u00bb600&#8243; screen_sm=\u00bb100&#8243; single_width=\u00bb3&#8243; images_size=\u00bbfour-three\u00bb single_overlay_opacity=\u00bb1&#8243; single_image_coloration=\u00bbdesaturated\u00bb single_image_color_anim=\u00bbyes\u00bb single_image_anim=\u00bbno\u00bb single_h_align=\u00bbcenter\u00bb single_padding=\u00bb2&#8243; single_icon=\u00bbfa fa-plus2&#8243; single_border=\u00bbyes\u00bb single_css_animation=\u00bbzoom-in\u00bb single_animation_delay=\u00bb200&#8243; lbox_skin=\u00bbwhite\u00bb][\/vc_column_inner][\/vc_row_inner][\/vc_column][\/vc_row][vc_row row_height_percent=\u00bb0&#8243; override_padding=\u00bbyes\u00bb h_padding=\u00bb2&#8243; top_padding=\u00bb4&#8243; bottom_padding=\u00bb4&#8243; back_color=\u00bbcolor-998874&#8243; overlay_alpha=\u00bb50&#8243; gutter_size=\u00bb3&#8243; column_width_percent=\u00bb100&#8243; shift_y=\u00bb0&#8243; z_index=\u00bb0&#8243; row_name=\u00bbVorher \/ Nachher\u00bb][vc_column column_width_percent=\u00bb100&#8243; position_vertical=\u00bbmiddle\u00bb gutter_size=\u00bb5&#8243; overlay_alpha=\u00bb50&#8243; shift_x=\u00bb0&#8243; shift_y=\u00bb0&#8243; shift_y_down=\u00bb0&#8243; z_index=\u00bb0&#8243; medium_width=\u00bb0&#8243; mobile_width=\u00bb0&#8243; width=\u00bb1\/1&#8243;][vc_row_inner row_inner_height_percent=\u00bb0&#8243; overlay_alpha=\u00bb50&#8243; gutter_size=\u00bb4&#8243; shift_y=\u00bb0&#8243; z_index=\u00bb0&#8243;][vc_column_inner column_width_percent=\u00bb100&#8243; gutter_size=\u00bb2&#8243; overlay_alpha=\u00bb50&#8243; shift_x=\u00bb0&#8243; shift_y=\u00bb0&#8243; shift_y_down=\u00bb0&#8243; z_index=\u00bb0&#8243; medium_width=\u00bb0&#8243; mobile_width=\u00bb0&#8243; width=\u00bb1\/1&#8243;][vc_custom_heading text_size=\u00bbfontsize-155944&#8243; text_weight=\u00bb300&#8243;]Micropigmentaci\u00f3n[\/vc_custom_heading][vc_custom_heading heading_semantic=\u00bbp\u00bb text_size=\u00bbh4&#8243; text_weight=\u00bb300&#8243; text_height=\u00bbfontheight-357766&#8243;]<\/p>\n<div class=\"fusion-text\">\n<p>Clientes <a href=\"https:\/\/es.wikipedia.org\/wiki\/Micropigmentaci%C3%B3n\">PMU<\/a> satisfechos: resultados antes y despu\u00e9s de nuestra Academia de Micropigmentaci\u00f3n.<\/p>\n<\/div>\n<p>[\/vc_custom_heading][\/vc_column_inner][\/vc_row_inner][vc_row_inner][vc_column_inner width=\u00bb1\/3&#8243;][uncode_twentytwenty media_before=\u00bb79452&#8243; media_after=\u00bb79453&#8243;][\/vc_column_inner][vc_column_inner width=\u00bb1\/3&#8243;][uncode_twentytwenty media_before=\u00bb79742&#8243; media_after=\u00bb79741&#8243;][\/vc_column_inner][vc_column_inner width=\u00bb1\/3&#8243;][uncode_twentytwenty media_before=\u00bb79749&#8243; media_after=\u00bb79748&#8243;][\/vc_column_inner][\/vc_row_inner][vc_row_inner][vc_column_inner width=\u00bb1\/3&#8243;][uncode_twentytwenty media_before=\u00bb79735&#8243; media_after=\u00bb79734&#8243;][\/vc_column_inner][vc_column_inner width=\u00bb1\/3&#8243;][uncode_twentytwenty media_before=\u00bb79744&#8243; media_after=\u00bb79743&#8243;][\/vc_column_inner][vc_column_inner width=\u00bb1\/3&#8243;][uncode_twentytwenty media_before=\u00bb79746&#8243; media_after=\u00bb79745&#8243;][\/vc_column_inner][\/vc_row_inner][vc_row_inner][vc_column_inner width=\u00bb1\/3&#8243;][uncode_twentytwenty media_before=\u00bb79738&#8243; media_after=\u00bb79737&#8243;][\/vc_column_inner][vc_column_inner width=\u00bb1\/3&#8243;][uncode_twentytwenty media_before=\u00bb79751&#8243; media_after=\u00bb79750&#8243;][\/vc_column_inner][vc_column_inner width=\u00bb1\/3&#8243;][uncode_twentytwenty media_before=\u00bb79753&#8243; media_after=\u00bb79752&#8243;][\/vc_column_inner][\/vc_row_inner][\/vc_column][\/vc_row][vc_row row_height_percent=\u00bb40&#8243; override_padding=\u00bbyes\u00bb h_padding=\u00bb2&#8243; top_padding=\u00bb7&#8243; bottom_padding=\u00bb7&#8243; back_image=\u00bb79636&#8243; parallax=\u00bbyes\u00bb overlay_color=\u00bbaccent\u00bb overlay_alpha=\u00bb50&#8243; gutter_size=\u00bb3&#8243; column_width_percent=\u00bb100&#8243; shift_y=\u00bb0&#8243; z_index=\u00bb2&#8243; bottom_divider=\u00bbstep_2_3&#8243;][vc_column column_width_use_pixel=\u00bbyes\u00bb position_vertical=\u00bbmiddle\u00bb align_horizontal=\u00bbalign_center\u00bb gutter_size=\u00bb3&#8243; override_padding=\u00bbyes\u00bb column_padding=\u00bb3&#8243; style=\u00bbdark\u00bb overlay_alpha=\u00bb50&#8243; shift_x=\u00bb0&#8243; shift_y=\u00bb0&#8243; shift_y_down=\u00bb0&#8243; shift_y_down_fixed=\u00bbyes\u00bb z_index=\u00bb0&#8243; medium_width=\u00bb0&#8243; align_mobile=\u00bbalign_center_mobile\u00bb mobile_width=\u00bb0&#8243; width=\u00bb1\/1&#8243; column_width_pixel=\u00bb1000&#8243;][vc_custom_heading text_size=\u00bbfontsize-155944&#8243; text_italic=\u00bbyes\u00bb text_color=\u00bbcolor-xsdn\u00bb]\u00bbLa belleza es una invitada bienvenida en todas partes.\u00bb<\/p>\n<p><a href=\"https:\/\/de.wikipedia.org\/wiki\/Johann_Wolfgang_von_Goethe\" target=\"_blank\" rel=\"noopener noreferrer\">Johann Wolfgang von Goethe<\/a>[\/vc_custom_heading][\/vc_column][\/vc_row][vc_row row_height_percent=\u00bb0&#8243; override_padding=\u00bbyes\u00bb h_padding=\u00bb2&#8243; top_padding=\u00bb5&#8243; bottom_padding=\u00bb5&#8243; back_color=\u00bbcolor-120844&#8243; overlay_alpha=\u00bb50&#8243; gutter_size=\u00bb3&#8243; column_width_percent=\u00bb100&#8243; shift_y=\u00bb0&#8243; z_index=\u00bb0&#8243; row_name=\u00bbMaking of Movie\u00bb][vc_column column_width_percent=\u00bb100&#8243; position_vertical=\u00bbmiddle\u00bb gutter_size=\u00bb5&#8243; overlay_alpha=\u00bb50&#8243; shift_x=\u00bb0&#8243; shift_y=\u00bb0&#8243; shift_y_down=\u00bb0&#8243; z_index=\u00bb0&#8243; medium_width=\u00bb0&#8243; mobile_width=\u00bb0&#8243; width=\u00bb1\/1&#8243;][vc_row_inner row_inner_height_percent=\u00bb0&#8243; overlay_alpha=\u00bb50&#8243; gutter_size=\u00bb4&#8243; shift_y=\u00bb0&#8243; z_index=\u00bb0&#8243;][vc_column_inner column_width_percent=\u00bb100&#8243; gutter_size=\u00bb1&#8243; overlay_alpha=\u00bb50&#8243; shift_x=\u00bb0&#8243; shift_y=\u00bb0&#8243; shift_y_down=\u00bb0&#8243; z_index=\u00bb0&#8243; medium_width=\u00bb0&#8243; mobile_width=\u00bb0&#8243; width=\u00bb1\/2&#8243;][vc_column_text]<div id=\"wpfp_f55e4a69cc8612b56d52c25fe54ab902\" data-item=\"{&quot;sources&quot;:[{&quot;src&quot;:&quot;https:\\\/\\\/www.youtube.com\\\/watch?v=RO4HwuD1kDc&quot;,&quot;type&quot;:&quot;video\\\/youtube&quot;}],&quot;id&quot;:&quot;1&quot;,&quot;splash&quot;:&quot;https:\\\/\\\/i.ytimg.com\\\/vi\\\/RO4HwuD1kDc\\\/maxresdefault.jpg#auto&quot;}\" class=\"flowplayer no-brand is-splash is-paused skin-slim no-svg fp-slim fp-edgy is-youtube\" data-fv-embed=\"https:\/\/goldeneye.de\/es\/permanent-make-up\/clientes-satisfechos\/fvp-1\/\" style=\"position:relative; max-width: 640px; max-height: 360px; \" data-ratio=\"0.5625\" data-engine=\"fvyoutube\">\n\t<div class=\"fp-ratio\" style=\"padding-top: 56.25%\"><\/div>\n\t<img decoding=\"async\" class=\"fp-splash\" alt=\"video\" src=\"https:\/\/i.ytimg.com\/vi\/RO4HwuD1kDc\/maxresdefault.jpg#auto\" style=\"position:absolute;top:0;width:100%\" \/>\n\t<div class=\"fp-ui\"><noscript>Please enable JavaScript<\/noscript><div class=\"fp-play fp-visible\"><svg class=\"fp-play-sharp-fill\" xmlns=\"http:\/\/www.w3.org\/2000\/svg\" viewBox=\"0 0 100 100\"><defs><style>.fp-color-play{opacity:0.65;}.controlbutton{fill:#fff;}<\/style><\/defs><title>play-sharp-fill<\/title><path class=\"fp-color-play\" d=\"M49.9217-.078a50,50,0,1,0,50,50A50.0564,50.0564,0,0,0,49.9217-.078Z\"\/><polygon class=\"controlbutton\" points=\"73.601 50 37.968 70.573 37.968 29.427 73.601 50\" filter=\"url(#f1)\"\/><\/svg><\/div><div class=\"fp-preload\"><b><\/b><b><\/b><b><\/b><b><\/b><\/div><\/div>\n<div class='fvp-share-bar'><ul class=\"fvp-sharing\">\r\n    <li><a class=\"sharing-facebook\" href=\"https:\/\/www.facebook.com\/sharer\/sharer.php?u=https%3A%2F%2Fgoldeneye.de%2Fes%2Fpermanent-make-up%2Fclientes-satisfechos%2F\" target=\"_blank\"><\/a><\/li>\r\n    <li><a class=\"sharing-twitter\" href=\"https:\/\/twitter.com\/intent\/tweet?text=Permanent+Make-Up+-+GOLDENEYE+Permanent+Systems+&url=https%3A%2F%2Fgoldeneye.de%2Fes%2Fpermanent-make-up%2Fclientes-satisfechos%2F\" target=\"_blank\"><\/a><\/li>\r\n    <li><a class=\"sharing-email\" href=\"mailto:?body=Check%20out%20the%20amazing%20video%20here%3A%20https%3A%2F%2Fgoldeneye.de%2Fes%2Fpermanent-make-up%2Fclientes-satisfechos%2F\" target=\"_blank\"><\/a><\/li><\/ul><div><a class=\"sharing-link\" href=\"https:\/\/goldeneye.de\/es\/permanent-make-up\/clientes-satisfechos\/\" target=\"_blank\">Link<\/a><\/div><div><label><a class=\"embed-code-toggle\" href=\"#\"><strong>Embed<\/strong><\/a><\/label><\/div><div class=\"embed-code\"><label>Copy and paste this HTML code into your webpage to embed.<\/label><textarea><\/textarea><\/div><\/div>\n<\/div>\n[\/vc_column_text][\/vc_column_inner][vc_column_inner column_width_percent=\u00bb100&#8243; position_vertical=\u00bbmiddle\u00bb gutter_size=\u00bb2&#8243; overlay_alpha=\u00bb50&#8243; shift_x=\u00bb0&#8243; shift_y=\u00bb0&#8243; shift_y_down=\u00bb0&#8243; z_index=\u00bb0&#8243; medium_width=\u00bb0&#8243; mobile_width=\u00bb0&#8243; width=\u00bb1\/2&#8243;][vc_custom_heading text_size=\u00bbfontsize-155944&#8243; text_weight=\u00bb300&#8243;]The Making OF Movie &#8211; Goldeneye &#8211; The Micropigmentation Company[\/vc_custom_heading][\/vc_column_inner][\/vc_row_inner][\/vc_column][\/vc_row][vc_row row_height_percent=\u00bb0&#8243; override_padding=\u00bbyes\u00bb h_padding=\u00bb2&#8243; top_padding=\u00bb4&#8243; bottom_padding=\u00bb4&#8243; back_color=\u00bbcolor-998874&#8243; overlay_alpha=\u00bb50&#8243; gutter_size=\u00bb3&#8243; column_width_percent=\u00bb100&#8243; shift_y=\u00bb0&#8243; z_index=\u00bb0&#8243; row_name=\u00bbGoldeneye\u00bb][vc_column column_width_percent=\u00bb100&#8243; position_vertical=\u00bbmiddle\u00bb gutter_size=\u00bb5&#8243; overlay_alpha=\u00bb50&#8243; shift_x=\u00bb0&#8243; shift_y=\u00bb0&#8243; shift_y_down=\u00bb0&#8243; z_index=\u00bb0&#8243; medium_width=\u00bb0&#8243; mobile_width=\u00bb0&#8243; width=\u00bb1\/1&#8243;][vc_row_inner row_inner_height_percent=\u00bb0&#8243; overlay_alpha=\u00bb50&#8243; gutter_size=\u00bb4&#8243; shift_y=\u00bb0&#8243; z_index=\u00bb0&#8243;][vc_column_inner width=\u00bb1\/3&#8243;][\/vc_column_inner][vc_column_inner column_width_percent=\u00bb100&#8243; gutter_size=\u00bb2&#8243; overlay_alpha=\u00bb50&#8243; shift_x=\u00bb0&#8243; shift_y=\u00bb0&#8243; shift_y_down=\u00bb0&#8243; z_index=\u00bb0&#8243; medium_width=\u00bb0&#8243; mobile_width=\u00bb0&#8243; width=\u00bb2\/3&#8243;][vc_custom_heading text_size=\u00bbfontsize-155944&#8243; text_weight=\u00bb300&#8243; text_space=\u00bbfontspace-781688&#8243;]Goldeneye<\/p>\n<p>ciertamente m\u00e1s bella[\/vc_custom_heading][vc_custom_heading heading_semantic=\u00bbp\u00bb text_size=\u00bbh4&#8243; text_weight=\u00bb300&#8243; text_height=\u00bbfontheight-357766&#8243;]El galardonado y sofisticado m\u00e9todo de Micropigmentaci\u00f3n Goldeneye representa entrenamiento intensivo y diferenciado, atenci\u00f3n hol\u00edstica y asociaci\u00f3n. El maquillaje permanente est\u00e1 rozando la medicina est\u00e9tica. El asesoramiento de primera clase y los productos de alta calidad que brindan seguridad absoluta son la m\u00e1xima prioridad para Goldeneye. La \u00e9tica, un sentido de responsabilidad, el respeto por cada individualidad son principios evidentes.[\/vc_custom_heading][vc_empty_space empty_h=\u00bb2&#8243;][vc_button button_color=\u00bbaccent\u00bb radius=\u00bbbtn-round\u00bb wide=\u00bbyes\u00bb border_width=\u00bb0&#8243; link=\u00bburl:https%3A%2F%2Fgoldeneye.de%2Fes%2Fpermanent-make-up%2Fcontacto%2F|||\u00bb]Se parte de nuestro equipo[\/vc_button][\/vc_column_inner][\/vc_row_inner][\/vc_column][\/vc_row][vc_row row_height_percent=\u00bb65&#8243; override_padding=\u00bbyes\u00bb h_padding=\u00bb2&#8243; top_padding=\u00bb7&#8243; bottom_padding=\u00bb7&#8243; back_image=\u00bb79723&#8243; parallax=\u00bbyes\u00bb overlay_alpha=\u00bb10&#8243; gutter_size=\u00bb3&#8243; column_width_percent=\u00bb100&#8243; shift_y=\u00bb0&#8243; z_index=\u00bb2&#8243; bottom_divider=\u00bbstep_2_3&#8243;][vc_column column_width_use_pixel=\u00bbyes\u00bb position_vertical=\u00bbmiddle\u00bb align_horizontal=\u00bbalign_center\u00bb gutter_size=\u00bb3&#8243; style=\u00bbdark\u00bb overlay_alpha=\u00bb50&#8243; shift_x=\u00bb0&#8243; shift_y=\u00bb0&#8243; shift_y_down=\u00bb0&#8243; shift_y_down_fixed=\u00bbyes\u00bb z_index=\u00bb0&#8243; medium_width=\u00bb0&#8243; align_mobile=\u00bbalign_center_mobile\u00bb mobile_width=\u00bb0&#8243; width=\u00bb1\/1&#8243; column_width_pixel=\u00bb1000&#8243;][\/vc_column][\/vc_row]<\/p>\n<\/div>","protected":false},"excerpt":{"rendered":"<p>[vc_row row_height_percent=\u00bb40&#8243; override_padding=\u00bbyes\u00bb h_padding=\u00bb2&#8243; top_padding=\u00bb7&#8243; bottom_padding=\u00bb7&#8243; back_image=\u00bb79715&#8243; parallax=\u00bbyes\u00bb overlay_color=\u00bbaccent\u00bb overlay_alpha=\u00bb50&#8243; gutter_size=\u00bb3&#8243; column_width_percent=\u00bb100&#8243; shift_y=\u00bb0&#8243; z_index=\u00bb2&#8243; bottom_divider=\u00bbstep_2_3&#8243;][vc_column column_width_use_pixel=\u00bbyes\u00bb position_vertical=\u00bbmiddle\u00bb align_horizontal=\u00bbalign_center\u00bb gutter_size=\u00bb3&#8243; override_padding=\u00bbyes\u00bb [&hellip;]<\/p>\n","protected":false},"author":3,"featured_media":0,"parent":81540,"menu_order":0,"comment_status":"closed","ping_status":"closed","template":"","meta":{"footnotes":""},"class_list":["post-81732","page","type-page","status-publish","hentry"],"yoast_head":"<!-- This site is optimized with the Yoast SEO plugin v24.8 - https:\/\/yoast.com\/wordpress\/plugins\/seo\/ -->\n<title>Clientes satisfechos<\/title>\n<meta name=\"description\" content=\"Nuestros clientes exigen micropigmentaci\u00f3n de la m\u00e1s alta calidad. Podemos ofrecer esta calidad, con las mejores herramientas.\" \/>\n<meta name=\"robots\" content=\"index, follow, max-snippet:-1, max-image-preview:large, max-video-preview:-1\" \/>\n<link rel=\"canonical\" href=\"https:\/\/goldeneye.de\/es\/permanent-make-up\/clientes-satisfechos\/\" \/>\n<meta property=\"og:locale\" content=\"es_ES\" \/>\n<meta property=\"og:type\" content=\"article\" \/>\n<meta property=\"og:title\" content=\"Clientes satisfechos\" \/>\n<meta property=\"og:description\" content=\"Nuestros clientes exigen micropigmentaci\u00f3n de la m\u00e1s alta calidad. Podemos ofrecer esta calidad, con las mejores herramientas.\" \/>\n<meta property=\"og:url\" content=\"https:\/\/goldeneye.de\/es\/permanent-make-up\/clientes-satisfechos\/\" \/>\n<meta property=\"og:site_name\" content=\"Permanent Make-Up - GOLDENEYE Permanent Systems\" \/>\n<meta property=\"article:publisher\" content=\"https:\/\/www.facebook.com\/GoldeneyePermanentSystemGmbH\" \/>\n<meta property=\"article:modified_time\" content=\"2020-03-13T08:29:20+00:00\" \/>\n<meta name=\"twitter:card\" content=\"summary_large_image\" \/>\n<meta name=\"twitter:label1\" content=\"Tiempo de lectura\" \/>\n\t<meta name=\"twitter:data1\" content=\"6 minutos\" \/>\n<script type=\"application\/ld+json\" class=\"yoast-schema-graph\">{\"@context\":\"https:\/\/schema.org\",\"@graph\":[{\"@type\":\"WebPage\",\"@id\":\"https:\/\/goldeneye.de\/es\/permanent-make-up\/clientes-satisfechos\/\",\"url\":\"https:\/\/goldeneye.de\/es\/permanent-make-up\/clientes-satisfechos\/\",\"name\":\"Clientes satisfechos\",\"isPartOf\":{\"@id\":\"https:\/\/goldeneye.de\/es\/#website\"},\"datePublished\":\"2019-09-05T09:11:12+00:00\",\"dateModified\":\"2020-03-13T08:29:20+00:00\",\"description\":\"Nuestros clientes exigen micropigmentaci\u00f3n de la m\u00e1s alta calidad. Podemos ofrecer esta calidad, con las mejores herramientas.\",\"breadcrumb\":{\"@id\":\"https:\/\/goldeneye.de\/es\/permanent-make-up\/clientes-satisfechos\/#breadcrumb\"},\"inLanguage\":\"es\",\"potentialAction\":[{\"@type\":\"ReadAction\",\"target\":[\"https:\/\/goldeneye.de\/es\/permanent-make-up\/clientes-satisfechos\/\"]}]},{\"@type\":\"BreadcrumbList\",\"@id\":\"https:\/\/goldeneye.de\/es\/permanent-make-up\/clientes-satisfechos\/#breadcrumb\",\"itemListElement\":[{\"@type\":\"ListItem\",\"position\":1,\"name\":\"Startseite\",\"item\":\"https:\/\/goldeneye.de\/es\/\"},{\"@type\":\"ListItem\",\"position\":2,\"name\":\"Micropigmentaci\u00f3n\",\"item\":\"https:\/\/goldeneye.de\/es\/\"},{\"@type\":\"ListItem\",\"position\":3,\"name\":\"Clientes satisfechos\"}]},{\"@type\":\"WebSite\",\"@id\":\"https:\/\/goldeneye.de\/es\/#website\",\"url\":\"https:\/\/goldeneye.de\/es\/\",\"name\":\"Permanent Make-Up - GOLDENEYE Permanent Systems\",\"description\":\"Micropigmentation, Permanent Make-Up, Nanoblading\",\"potentialAction\":[{\"@type\":\"SearchAction\",\"target\":{\"@type\":\"EntryPoint\",\"urlTemplate\":\"https:\/\/goldeneye.de\/es\/?s={search_term_string}\"},\"query-input\":{\"@type\":\"PropertyValueSpecification\",\"valueRequired\":true,\"valueName\":\"search_term_string\"}}],\"inLanguage\":\"es\"}]}<\/script>\n<!-- \/ Yoast SEO plugin. -->","yoast_head_json":{"title":"Clientes satisfechos","description":"Nuestros clientes exigen micropigmentaci\u00f3n de la m\u00e1s alta calidad. Podemos ofrecer esta calidad, con las mejores herramientas.","robots":{"index":"index","follow":"follow","max-snippet":"max-snippet:-1","max-image-preview":"max-image-preview:large","max-video-preview":"max-video-preview:-1"},"canonical":"https:\/\/goldeneye.de\/es\/permanent-make-up\/clientes-satisfechos\/","og_locale":"es_ES","og_type":"article","og_title":"Clientes satisfechos","og_description":"Nuestros clientes exigen micropigmentaci\u00f3n de la m\u00e1s alta calidad. Podemos ofrecer esta calidad, con las mejores herramientas.","og_url":"https:\/\/goldeneye.de\/es\/permanent-make-up\/clientes-satisfechos\/","og_site_name":"Permanent Make-Up - GOLDENEYE Permanent Systems","article_publisher":"https:\/\/www.facebook.com\/GoldeneyePermanentSystemGmbH","article_modified_time":"2020-03-13T08:29:20+00:00","twitter_card":"summary_large_image","twitter_misc":{"Tiempo de lectura":"6 minutos"},"schema":{"@context":"https:\/\/schema.org","@graph":[{"@type":"WebPage","@id":"https:\/\/goldeneye.de\/es\/permanent-make-up\/clientes-satisfechos\/","url":"https:\/\/goldeneye.de\/es\/permanent-make-up\/clientes-satisfechos\/","name":"Clientes satisfechos","isPartOf":{"@id":"https:\/\/goldeneye.de\/es\/#website"},"datePublished":"2019-09-05T09:11:12+00:00","dateModified":"2020-03-13T08:29:20+00:00","description":"Nuestros clientes exigen micropigmentaci\u00f3n de la m\u00e1s alta calidad. Podemos ofrecer esta calidad, con las mejores herramientas.","breadcrumb":{"@id":"https:\/\/goldeneye.de\/es\/permanent-make-up\/clientes-satisfechos\/#breadcrumb"},"inLanguage":"es","potentialAction":[{"@type":"ReadAction","target":["https:\/\/goldeneye.de\/es\/permanent-make-up\/clientes-satisfechos\/"]}]},{"@type":"BreadcrumbList","@id":"https:\/\/goldeneye.de\/es\/permanent-make-up\/clientes-satisfechos\/#breadcrumb","itemListElement":[{"@type":"ListItem","position":1,"name":"Startseite","item":"https:\/\/goldeneye.de\/es\/"},{"@type":"ListItem","position":2,"name":"Micropigmentaci\u00f3n","item":"https:\/\/goldeneye.de\/es\/"},{"@type":"ListItem","position":3,"name":"Clientes satisfechos"}]},{"@type":"WebSite","@id":"https:\/\/goldeneye.de\/es\/#website","url":"https:\/\/goldeneye.de\/es\/","name":"Permanent Make-Up - GOLDENEYE Permanent Systems","description":"Micropigmentation, Permanent Make-Up, Nanoblading","potentialAction":[{"@type":"SearchAction","target":{"@type":"EntryPoint","urlTemplate":"https:\/\/goldeneye.de\/es\/?s={search_term_string}"},"query-input":{"@type":"PropertyValueSpecification","valueRequired":true,"valueName":"search_term_string"}}],"inLanguage":"es"}]}},"_links":{"self":[{"href":"https:\/\/goldeneye.de\/es\/wp-json\/wp\/v2\/pages\/81732","targetHints":{"allow":["GET"]}}],"collection":[{"href":"https:\/\/goldeneye.de\/es\/wp-json\/wp\/v2\/pages"}],"about":[{"href":"https:\/\/goldeneye.de\/es\/wp-json\/wp\/v2\/types\/page"}],"author":[{"embeddable":true,"href":"https:\/\/goldeneye.de\/es\/wp-json\/wp\/v2\/users\/3"}],"replies":[{"embeddable":true,"href":"https:\/\/goldeneye.de\/es\/wp-json\/wp\/v2\/comments?post=81732"}],"version-history":[{"count":10,"href":"https:\/\/goldeneye.de\/es\/wp-json\/wp\/v2\/pages\/81732\/revisions"}],"predecessor-version":[{"id":82130,"href":"https:\/\/goldeneye.de\/es\/wp-json\/wp\/v2\/pages\/81732\/revisions\/82130"}],"up":[{"embeddable":true,"href":"https:\/\/goldeneye.de\/es\/wp-json\/wp\/v2\/pages\/81540"}],"wp:attachment":[{"href":"https:\/\/goldeneye.de\/es\/wp-json\/wp\/v2\/media?parent=81732"}],"curies":[{"name":"wp","href":"https:\/\/api.w.org\/{rel}","templated":true}]}}