{"id":81600,"date":"2019-09-05T14:55:46","date_gmt":"2019-09-05T12:55:46","guid":{"rendered":"https:\/\/goldeneye.de\/?page_id=81600"},"modified":"2019-09-06T11:48:25","modified_gmt":"2019-09-06T09:48:25","slug":"la-compania-goldeneye","status":"publish","type":"page","link":"https:\/\/goldeneye.de\/es\/permanent-make-up\/la-compania-goldeneye\/","title":{"rendered":"La Compa\u00f1\u00eda Goldeneye"},"content":{"rendered":"<div class=\"wpb-content-wrapper\"><p>[vc_row row_height_percent=\u00bb0&#8243; override_padding=\u00bbyes\u00bb h_padding=\u00bb2&#8243; top_padding=\u00bb5&#8243; bottom_padding=\u00bb5&#8243; back_color=\u00bbcolor-998874&#8243; overlay_alpha=\u00bb50&#8243; gutter_size=\u00bb3&#8243; column_width_percent=\u00bb100&#8243; shift_y=\u00bb0&#8243; z_index=\u00bb0&#8243; row_name=\u00bbGoldeneye\u00bb][vc_column column_width_percent=\u00bb100&#8243; position_vertical=\u00bbmiddle\u00bb overlay_alpha=\u00bb50&#8243; gutter_size=\u00bb5&#8243; medium_width=\u00bb0&#8243; mobile_width=\u00bb0&#8243; shift_x=\u00bb0&#8243; shift_y=\u00bb0&#8243; shift_y_down=\u00bb0&#8243; z_index=\u00bb0&#8243; width=\u00bb1\/1&#8243;][vc_row_inner row_inner_height_percent=\u00bb0&#8243; overlay_alpha=\u00bb50&#8243; gutter_size=\u00bb4&#8243; shift_y=\u00bb0&#8243; z_index=\u00bb0&#8243;][vc_column_inner column_width_percent=\u00bb100&#8243; position_vertical=\u00bbbottom\u00bb gutter_size=\u00bb2&#8243; overlay_alpha=\u00bb50&#8243; medium_width=\u00bb0&#8243; mobile_width=\u00bb0&#8243; shift_x=\u00bb0&#8243; shift_y=\u00bb0&#8243; shift_y_down=\u00bb0&#8243; z_index=\u00bb0&#8243; width=\u00bb1\/1&#8243;][vc_custom_heading text_size=\u00bbfontsize-155944&#8243; text_weight=\u00bb300&#8243;]Goldeneye<br \/>\nPermanent Systems GmbH[\/vc_custom_heading][vc_custom_heading heading_semantic=\u00bbp\u00bb text_size=\u00bbh4&#8243; text_height=\u00bbfontheight-357766&#8243; text_weight=\u00bb300&#8243;]El maquillaje permanente o <a href=\"https:\/\/goldeneye.de\/es\/permanent-make-up\/clientes-satisfechos\/\">micropigmentaci\u00f3n<\/a> es un arte que requiere un ojo perfecto y visag\u00edstico, as\u00ed como una t\u00e9cnica muy moderna y un gran talento. S\u00f3lo unos pocos en Alemania pueden contarse entre la elite de la industria porcina, a la que pertenecen sin duda Ren\u00e9 La Fontaine y Holger Hoffmann. Holger Hoffmann se ha establecido como un experto en desarrollo de productos a trav\u00e9s de sus muchos a\u00f1os de experiencia como Entrenador Maestro Avanzado de Micropigmentaciones y Visagista Estrella. Durante muchos a\u00f1os, todos los entrenadores Goldeneye, tanto en el pa\u00eds como en el extranjero, han estado trabajando con una dedicaci\u00f3n ininterrumpida para ense\u00f1ar a sus protegidos el amor de su profesi\u00f3n con perfecci\u00f3n. Desde hace muchos a\u00f1os Goldeneye es sin\u00f3nimo de los m\u00e1s altos est\u00e1ndares de calidad para pigmentos, alta tecnolog\u00eda Made in Germany as\u00ed como de entrenamientos modernos y exigentes al m\u00e1s alto nivel en los que Goldeneye se forma a partir de la perfecci\u00f3n del talento. El objetivo no es s\u00f3lo cumplir con las m\u00e1s altas exigencias art\u00edsticas, sino tambi\u00e9n con todos los est\u00e1ndares de higiene. As\u00ed es como Goldeneye se convirti\u00f3 en pionera en la certificaci\u00f3n de higiene y productos. Nuestra relaci\u00f3n con el cliente se basa en la calidad, la colaboraci\u00f3n y el apoyo, no en obligaciones y contratos.[\/vc_custom_heading][\/vc_column_inner][\/vc_row_inner][vc_row_inner][vc_column_inner width=\u00bb1\/1&#8243;][vc_gallery el_id=\u00bbgallery-115572&#8243; medias=\u00bb80518,80395,80398,80401,80404,80407,80410,80413,80416,80419,80422,80425,80428,80434,80437,80440,80443,80446,80449,80452,80458,80461,80464,80467,80476,80479,80482,80488,80491,80497,80500,80503,80506,80509,80512,80515,80521,80524,80527,80530,80533,80536,80539,80542,80545,80548,80551,80554,80557,80560,80566,80569,80572,80575,80578,80581,80584,80590,80593,80596,80599,80602,80605,80608&#8243; gutter_size=\u00bb0&#8243; screen_lg=\u00bb600&#8243; screen_md=\u00bb600&#8243; screen_sm=\u00bb100&#8243; single_width=\u00bb3&#8243; images_size=\u00bbfour-three\u00bb single_overlay_color=\u00bbaccent\u00bb single_overlay_opacity=\u00bb40&#8243; single_image_coloration=\u00bbdesaturated\u00bb single_image_anim=\u00bbno\u00bb single_h_align=\u00bbcenter\u00bb single_padding=\u00bb2&#8243; single_icon=\u00bbfa fa-plus2&#8243; single_border=\u00bbyes\u00bb single_css_animation=\u00bbzoom-in\u00bb single_animation_delay=\u00bb200&#8243;][\/vc_column_inner][\/vc_row_inner][\/vc_column][\/vc_row][vc_row row_height_percent=\u00bb0&#8243; override_padding=\u00bbyes\u00bb h_padding=\u00bb2&#8243; top_padding=\u00bb5&#8243; bottom_padding=\u00bb5&#8243; back_color=\u00bbcolor-120844&#8243; overlay_alpha=\u00bb50&#8243; gutter_size=\u00bb3&#8243; column_width_percent=\u00bb100&#8243; shift_y=\u00bb0&#8243; z_index=\u00bb0&#8243; row_name=\u00bbCharity\u00bb][vc_column column_width_percent=\u00bb100&#8243; position_vertical=\u00bbmiddle\u00bb overlay_alpha=\u00bb50&#8243; gutter_size=\u00bb5&#8243; medium_width=\u00bb0&#8243; mobile_width=\u00bb0&#8243; shift_x=\u00bb0&#8243; shift_y=\u00bb0&#8243; shift_y_down=\u00bb0&#8243; z_index=\u00bb0&#8243; width=\u00bb1\/1&#8243;][vc_row_inner row_inner_height_percent=\u00bb0&#8243; overlay_alpha=\u00bb50&#8243; gutter_size=\u00bb4&#8243; shift_y=\u00bb0&#8243; z_index=\u00bb0&#8243;][vc_column_inner column_width_percent=\u00bb100&#8243; position_vertical=\u00bbbottom\u00bb gutter_size=\u00bb3&#8243; overlay_alpha=\u00bb50&#8243; medium_width=\u00bb0&#8243; mobile_width=\u00bb0&#8243; shift_x=\u00bb0&#8243; shift_y=\u00bb0&#8243; shift_y_down=\u00bb0&#8243; z_index=\u00bb0&#8243; width=\u00bb1\/3&#8243;][vc_single_image media=\u00bb80619&#8243; media_lightbox=\u00bbyes\u00bb media_width_percent=\u00bb100&#8243; lbox_skin=\u00bbwhite\u00bb][\/vc_column_inner][vc_column_inner column_width_percent=\u00bb100&#8243; position_vertical=\u00bbbottom\u00bb gutter_size=\u00bb2&#8243; overlay_alpha=\u00bb50&#8243; medium_width=\u00bb0&#8243; mobile_width=\u00bb0&#8243; shift_x=\u00bb0&#8243; shift_y=\u00bb0&#8243; shift_y_down=\u00bb0&#8243; z_index=\u00bb0&#8243; width=\u00bb2\/3&#8243;][vc_custom_heading text_size=\u00bbfontsize-155944&#8243; text_weight=\u00bb300&#8243;]Con Goldeneye &#8230; por un mundo mejor![\/vc_custom_heading][vc_custom_heading heading_semantic=\u00bbp\u00bb text_size=\u00bbh4&#8243; text_height=\u00bbfontheight-357766&#8243; text_weight=\u00bb300&#8243;]Goldeneye ha participado activamente en cuestiones ambientales, humanas y animales durante muchos a\u00f1os. Como empresa, tenemos la responsabilidad indispensable de apoyar las necesidades de nuestro planeta y sus habitantes y tratarlos con sostenibilidad. Nuestros compromisos sociales son diversos: en t\u00e9rminos de animales, apoyamos varios proyectos, como <a href=\"https:\/\/www.petalatino.com\/\">PETA<\/a> Vanguard Society, que se opone al uso indebido de animales, la Asociaci\u00f3n de Conservaci\u00f3n de la Naturaleza NABU, para la preservaci\u00f3n de la biodiversidad en el Bajo Rin, con Pro Wildlife y WDSF mantenemos patrocinios de monos y delfines, adem\u00e1s ayudamos a donar alimentos y medicamentos para el proyecto de bienestar animal Lavida a los perros y gatos de Espa\u00f1a para vivir una vida mejor. En t\u00e9rminos de seres humanos, hacemos nuestra contribuci\u00f3n a los proyectos <a href=\"https:\/\/sternenbruecke.de\/\">Kinder-Hospiz Sternenbr\u00fccke<\/a>, <a href=\"https:\/\/www.krebshilfe.de\/deutsche-kinderkrebshilfe\/\">Children&#8217;s Cancer Aid<\/a>, la organizaci\u00f3n <a href=\"https:\/\/offroadkids.de\/\">Off Road Kids<\/a>, as\u00ed como a la colecci\u00f3n de art\u00edculos donados, ropa, dinero y medicamentos para la Fundaci\u00f3n Samarpan en India. La sostenibilidad y la responsabilidad comienzan naturalmente en su propia empresa. Es por eso que nos abstenemos por completo de los experimentos con animales cuando desarrollamos nuestros productos. Todo el material impreso se produce con CO\u00b2 reducido.[\/vc_custom_heading][\/vc_column_inner][\/vc_row_inner][\/vc_column][\/vc_row][vc_row row_height_percent=\u00bb45&#8243; override_padding=\u00bbyes\u00bb h_padding=\u00bb2&#8243; top_padding=\u00bb7&#8243; bottom_padding=\u00bb7&#8243; back_image=\u00bb79652&#8243; parallax=\u00bbyes\u00bb overlay_alpha=\u00bb10&#8243; gutter_size=\u00bb3&#8243; column_width_percent=\u00bb100&#8243; shift_y=\u00bb0&#8243; z_index=\u00bb2&#8243; bottom_divider=\u00bbstep_2_3&#8243;][vc_column column_width_use_pixel=\u00bbyes\u00bb position_vertical=\u00bbmiddle\u00bb align_horizontal=\u00bbalign_center\u00bb style=\u00bbdark\u00bb overlay_alpha=\u00bb50&#8243; gutter_size=\u00bb3&#8243; medium_width=\u00bb0&#8243; align_mobile=\u00bbalign_center_mobile\u00bb mobile_width=\u00bb0&#8243; shift_x=\u00bb0&#8243; shift_y=\u00bb0&#8243; shift_y_down=\u00bb0&#8243; shift_y_down_fixed=\u00bbyes\u00bb z_index=\u00bb0&#8243; width=\u00bb1\/1&#8243; column_width_pixel=\u00bb1000&#8243;][\/vc_column][\/vc_row]<\/p>\n<\/div>","protected":false},"excerpt":{"rendered":"<p>[vc_row row_height_percent=\u00bb0&#8243; override_padding=\u00bbyes\u00bb h_padding=\u00bb2&#8243; top_padding=\u00bb5&#8243; bottom_padding=\u00bb5&#8243; back_color=\u00bbcolor-998874&#8243; overlay_alpha=\u00bb50&#8243; gutter_size=\u00bb3&#8243; column_width_percent=\u00bb100&#8243; shift_y=\u00bb0&#8243; z_index=\u00bb0&#8243; row_name=\u00bbGoldeneye\u00bb][vc_column column_width_percent=\u00bb100&#8243; position_vertical=\u00bbmiddle\u00bb overlay_alpha=\u00bb50&#8243; gutter_size=\u00bb5&#8243; medium_width=\u00bb0&#8243; mobile_width=\u00bb0&#8243; shift_x=\u00bb0&#8243; [&hellip;]<\/p>\n","protected":false},"author":1,"featured_media":0,"parent":81540,"menu_order":0,"comment_status":"closed","ping_status":"closed","template":"","meta":{"footnotes":""},"class_list":["post-81600","page","type-page","status-publish","hentry"],"yoast_head":"<!-- This site is optimized with the Yoast SEO plugin v24.8 - https:\/\/yoast.com\/wordpress\/plugins\/seo\/ -->\n<title>La Compa\u00f1\u00eda Goldeneye<\/title>\n<meta name=\"description\" content=\"El maquillaje permanente o micropigmentaci\u00f3n es un arte que requiere un ojo perfecto y visag\u00edstico, as\u00ed como una t\u00e9cnica muy moderna y un gran talento.\" \/>\n<meta name=\"robots\" content=\"index, follow, max-snippet:-1, max-image-preview:large, max-video-preview:-1\" \/>\n<link rel=\"canonical\" href=\"https:\/\/goldeneye.de\/es\/permanent-make-up\/la-compania-goldeneye\/\" \/>\n<meta property=\"og:locale\" content=\"es_ES\" \/>\n<meta property=\"og:type\" content=\"article\" \/>\n<meta property=\"og:title\" content=\"La Compa\u00f1\u00eda Goldeneye\" \/>\n<meta property=\"og:description\" content=\"El maquillaje permanente o micropigmentaci\u00f3n es un arte que requiere un ojo perfecto y visag\u00edstico, as\u00ed como una t\u00e9cnica muy moderna y un gran talento.\" \/>\n<meta property=\"og:url\" content=\"https:\/\/goldeneye.de\/es\/permanent-make-up\/la-compania-goldeneye\/\" \/>\n<meta property=\"og:site_name\" content=\"Permanent Make-Up - GOLDENEYE Permanent Systems\" \/>\n<meta property=\"article:publisher\" content=\"https:\/\/www.facebook.com\/GoldeneyePermanentSystemGmbH\" \/>\n<meta property=\"article:modified_time\" content=\"2019-09-06T09:48:25+00:00\" \/>\n<meta name=\"twitter:card\" content=\"summary_large_image\" \/>\n<meta name=\"twitter:label1\" content=\"Tiempo de lectura\" \/>\n\t<meta name=\"twitter:data1\" content=\"5 minutos\" \/>\n<script type=\"application\/ld+json\" class=\"yoast-schema-graph\">{\"@context\":\"https:\/\/schema.org\",\"@graph\":[{\"@type\":\"WebPage\",\"@id\":\"https:\/\/goldeneye.de\/es\/permanent-make-up\/la-compania-goldeneye\/\",\"url\":\"https:\/\/goldeneye.de\/es\/permanent-make-up\/la-compania-goldeneye\/\",\"name\":\"La Compa\u00f1\u00eda Goldeneye\",\"isPartOf\":{\"@id\":\"https:\/\/goldeneye.de\/es\/#website\"},\"datePublished\":\"2019-09-05T12:55:46+00:00\",\"dateModified\":\"2019-09-06T09:48:25+00:00\",\"description\":\"El maquillaje permanente o micropigmentaci\u00f3n es un arte que requiere un ojo perfecto y visag\u00edstico, as\u00ed como una t\u00e9cnica muy moderna y un gran talento.\",\"breadcrumb\":{\"@id\":\"https:\/\/goldeneye.de\/es\/permanent-make-up\/la-compania-goldeneye\/#breadcrumb\"},\"inLanguage\":\"es\",\"potentialAction\":[{\"@type\":\"ReadAction\",\"target\":[\"https:\/\/goldeneye.de\/es\/permanent-make-up\/la-compania-goldeneye\/\"]}]},{\"@type\":\"BreadcrumbList\",\"@id\":\"https:\/\/goldeneye.de\/es\/permanent-make-up\/la-compania-goldeneye\/#breadcrumb\",\"itemListElement\":[{\"@type\":\"ListItem\",\"position\":1,\"name\":\"Startseite\",\"item\":\"https:\/\/goldeneye.de\/es\/\"},{\"@type\":\"ListItem\",\"position\":2,\"name\":\"Micropigmentaci\u00f3n\",\"item\":\"https:\/\/goldeneye.de\/es\/\"},{\"@type\":\"ListItem\",\"position\":3,\"name\":\"La Compa\u00f1\u00eda Goldeneye\"}]},{\"@type\":\"WebSite\",\"@id\":\"https:\/\/goldeneye.de\/es\/#website\",\"url\":\"https:\/\/goldeneye.de\/es\/\",\"name\":\"Permanent Make-Up - GOLDENEYE Permanent Systems\",\"description\":\"Micropigmentation, Permanent Make-Up, Nanoblading\",\"potentialAction\":[{\"@type\":\"SearchAction\",\"target\":{\"@type\":\"EntryPoint\",\"urlTemplate\":\"https:\/\/goldeneye.de\/es\/?s={search_term_string}\"},\"query-input\":{\"@type\":\"PropertyValueSpecification\",\"valueRequired\":true,\"valueName\":\"search_term_string\"}}],\"inLanguage\":\"es\"}]}<\/script>\n<!-- \/ Yoast SEO plugin. -->","yoast_head_json":{"title":"La Compa\u00f1\u00eda Goldeneye","description":"El maquillaje permanente o micropigmentaci\u00f3n es un arte que requiere un ojo perfecto y visag\u00edstico, as\u00ed como una t\u00e9cnica muy moderna y un gran talento.","robots":{"index":"index","follow":"follow","max-snippet":"max-snippet:-1","max-image-preview":"max-image-preview:large","max-video-preview":"max-video-preview:-1"},"canonical":"https:\/\/goldeneye.de\/es\/permanent-make-up\/la-compania-goldeneye\/","og_locale":"es_ES","og_type":"article","og_title":"La Compa\u00f1\u00eda Goldeneye","og_description":"El maquillaje permanente o micropigmentaci\u00f3n es un arte que requiere un ojo perfecto y visag\u00edstico, as\u00ed como una t\u00e9cnica muy moderna y un gran talento.","og_url":"https:\/\/goldeneye.de\/es\/permanent-make-up\/la-compania-goldeneye\/","og_site_name":"Permanent Make-Up - GOLDENEYE Permanent Systems","article_publisher":"https:\/\/www.facebook.com\/GoldeneyePermanentSystemGmbH","article_modified_time":"2019-09-06T09:48:25+00:00","twitter_card":"summary_large_image","twitter_misc":{"Tiempo de lectura":"5 minutos"},"schema":{"@context":"https:\/\/schema.org","@graph":[{"@type":"WebPage","@id":"https:\/\/goldeneye.de\/es\/permanent-make-up\/la-compania-goldeneye\/","url":"https:\/\/goldeneye.de\/es\/permanent-make-up\/la-compania-goldeneye\/","name":"La Compa\u00f1\u00eda Goldeneye","isPartOf":{"@id":"https:\/\/goldeneye.de\/es\/#website"},"datePublished":"2019-09-05T12:55:46+00:00","dateModified":"2019-09-06T09:48:25+00:00","description":"El maquillaje permanente o micropigmentaci\u00f3n es un arte que requiere un ojo perfecto y visag\u00edstico, as\u00ed como una t\u00e9cnica muy moderna y un gran talento.","breadcrumb":{"@id":"https:\/\/goldeneye.de\/es\/permanent-make-up\/la-compania-goldeneye\/#breadcrumb"},"inLanguage":"es","potentialAction":[{"@type":"ReadAction","target":["https:\/\/goldeneye.de\/es\/permanent-make-up\/la-compania-goldeneye\/"]}]},{"@type":"BreadcrumbList","@id":"https:\/\/goldeneye.de\/es\/permanent-make-up\/la-compania-goldeneye\/#breadcrumb","itemListElement":[{"@type":"ListItem","position":1,"name":"Startseite","item":"https:\/\/goldeneye.de\/es\/"},{"@type":"ListItem","position":2,"name":"Micropigmentaci\u00f3n","item":"https:\/\/goldeneye.de\/es\/"},{"@type":"ListItem","position":3,"name":"La Compa\u00f1\u00eda Goldeneye"}]},{"@type":"WebSite","@id":"https:\/\/goldeneye.de\/es\/#website","url":"https:\/\/goldeneye.de\/es\/","name":"Permanent Make-Up - GOLDENEYE Permanent Systems","description":"Micropigmentation, Permanent Make-Up, Nanoblading","potentialAction":[{"@type":"SearchAction","target":{"@type":"EntryPoint","urlTemplate":"https:\/\/goldeneye.de\/es\/?s={search_term_string}"},"query-input":{"@type":"PropertyValueSpecification","valueRequired":true,"valueName":"search_term_string"}}],"inLanguage":"es"}]}},"_links":{"self":[{"href":"https:\/\/goldeneye.de\/es\/wp-json\/wp\/v2\/pages\/81600","targetHints":{"allow":["GET"]}}],"collection":[{"href":"https:\/\/goldeneye.de\/es\/wp-json\/wp\/v2\/pages"}],"about":[{"href":"https:\/\/goldeneye.de\/es\/wp-json\/wp\/v2\/types\/page"}],"author":[{"embeddable":true,"href":"https:\/\/goldeneye.de\/es\/wp-json\/wp\/v2\/users\/1"}],"replies":[{"embeddable":true,"href":"https:\/\/goldeneye.de\/es\/wp-json\/wp\/v2\/comments?post=81600"}],"version-history":[{"count":5,"href":"https:\/\/goldeneye.de\/es\/wp-json\/wp\/v2\/pages\/81600\/revisions"}],"predecessor-version":[{"id":81805,"href":"https:\/\/goldeneye.de\/es\/wp-json\/wp\/v2\/pages\/81600\/revisions\/81805"}],"up":[{"embeddable":true,"href":"https:\/\/goldeneye.de\/es\/wp-json\/wp\/v2\/pages\/81540"}],"wp:attachment":[{"href":"https:\/\/goldeneye.de\/es\/wp-json\/wp\/v2\/media?parent=81600"}],"curies":[{"name":"wp","href":"https:\/\/api.w.org\/{rel}","templated":true}]}}