{"id":81540,"date":"2019-08-29T12:25:29","date_gmt":"2019-08-29T10:25:29","guid":{"rendered":"https:\/\/goldeneye.de\/?page_id=81540"},"modified":"2025-08-01T15:20:14","modified_gmt":"2025-08-01T13:20:14","slug":"permanent-make-up","status":"publish","type":"page","link":"https:\/\/goldeneye.de\/es\/","title":{"rendered":"Micropigmentaci\u00f3n"},"content":{"rendered":"<div class=\"wpb-content-wrapper\"><p>[vc_row row_height_percent=\u00bb0&#8243; override_padding=\u00bbyes\u00bb h_padding=\u00bb2&#8243; top_padding=\u00bb5&#8243; bottom_padding=\u00bb5&#8243; back_color=\u00bbcolor-998874&#8243; overlay_alpha=\u00bb50&#8243; gutter_size=\u00bb3&#8243; column_width_percent=\u00bb100&#8243; shift_y=\u00bb0&#8243; z_index=\u00bb0&#8243; row_name=\u00bbAuszeichnungen\u00bb][vc_column column_width_percent=\u00bb100&#8243; position_vertical=\u00bbmiddle\u00bb gutter_size=\u00bb5&#8243; overlay_alpha=\u00bb50&#8243; shift_x=\u00bb0&#8243; shift_y=\u00bb0&#8243; shift_y_down=\u00bb0&#8243; z_index=\u00bb0&#8243; medium_width=\u00bb0&#8243; mobile_width=\u00bb0&#8243; width=\u00bb1\/1&#8243;][vc_row_inner row_inner_height_percent=\u00bb0&#8243; overlay_alpha=\u00bb50&#8243; gutter_size=\u00bb4&#8243; shift_y=\u00bb0&#8243; z_index=\u00bb0&#8243;][vc_column_inner column_width_percent=\u00bb100&#8243; gutter_size=\u00bb1&#8243; overlay_alpha=\u00bb50&#8243; shift_x=\u00bb0&#8243; shift_y=\u00bb0&#8243; shift_y_down=\u00bb0&#8243; z_index=\u00bb0&#8243; medium_width=\u00bb0&#8243; mobile_width=\u00bb0&#8243; width=\u00bb1\/3&#8243;][vc_single_image media=\u00bb82221&#8243; media_width_percent=\u00bb100&#8243; shadow=\u00bbyes\u00bb shadow_weight=\u00bbsm\u00bb css_animation=\u00bbzoom-in\u00bb media_link=\u00bburl:https%3A%2F%2Fbf-award.de%2Fgewinner%2F%3Futm_source%3Dbfde%26utm_medium%3Dwebsite%26utm_campaign%3Dbfaward2020_gewinner||target:%20_blank|\u00bb][vc_single_image media=\u00bb79490&#8243; media_width_percent=\u00bb100&#8243; shadow=\u00bbyes\u00bb shadow_weight=\u00bbsm\u00bb css_animation=\u00bbzoom-in\u00bb media_link=\u00bburl:https%3A%2F%2Fwww.beauty-forum.com%2Faktuell%2Fartikel%2Fbeauty-forum-awards-2018-die-sieger-stehen-fest-41019.html||target:%20_blank|\u00bb][\/vc_column_inner][vc_column_inner column_width_percent=\u00bb100&#8243; position_vertical=\u00bbmiddle\u00bb gutter_size=\u00bb2&#8243; overlay_alpha=\u00bb50&#8243; shift_x=\u00bb0&#8243; shift_y=\u00bb0&#8243; shift_y_down=\u00bb0&#8243; z_index=\u00bb0&#8243; medium_width=\u00bb0&#8243; mobile_width=\u00bb0&#8243; width=\u00bb2\/3&#8243;][vc_custom_heading text_size=\u00bbfontsize-155944&#8243; text_weight=\u00bb300&#8243;]La micropigmentaci\u00f3n Goldeneye es el m\u00e9todo de micropigmentaci\u00f3n n\u00famero 1 de Alemania[\/vc_custom_heading][vc_empty_space empty_h=\u00bb2&#8243;][vc_button button_color=\u00bbaccent\u00bb radius=\u00bbbtn-round\u00bb wide=\u00bbyes\u00bb border_width=\u00bb0&#8243; link=\u00bburl:https%3A%2F%2Fgoldeneye.de%2Fes%2Fpermanent-make-up%2Fcontacto%2F|||\u00bb]Solicite el equipo de prueba Pigmentos y Cuidado[\/vc_button][\/vc_column_inner][\/vc_row_inner][\/vc_column][\/vc_row][vc_row row_height_percent=\u00bb0&#8243; override_padding=\u00bbyes\u00bb h_padding=\u00bb2&#8243; top_padding=\u00bb4&#8243; bottom_padding=\u00bb4&#8243; back_color=\u00bbcolor-120844&#8243; overlay_alpha=\u00bb50&#8243; gutter_size=\u00bb3&#8243; column_width_percent=\u00bb100&#8243; shift_y=\u00bb0&#8243; z_index=\u00bb0&#8243; row_name=\u00bbMicropigmentation\u00bb][vc_column column_width_percent=\u00bb100&#8243; position_vertical=\u00bbmiddle\u00bb gutter_size=\u00bb5&#8243; overlay_alpha=\u00bb50&#8243; shift_x=\u00bb0&#8243; shift_y=\u00bb0&#8243; shift_y_down=\u00bb0&#8243; z_index=\u00bb0&#8243; medium_width=\u00bb0&#8243; mobile_width=\u00bb0&#8243; width=\u00bb1\/1&#8243;][vc_row_inner row_inner_height_percent=\u00bb0&#8243; overlay_alpha=\u00bb50&#8243; gutter_size=\u00bb4&#8243; shift_y=\u00bb0&#8243; z_index=\u00bb0&#8243;][vc_column_inner column_width_percent=\u00bb100&#8243; gutter_size=\u00bb2&#8243; overlay_alpha=\u00bb50&#8243; shift_x=\u00bb0&#8243; shift_y=\u00bb0&#8243; shift_y_down=\u00bb0&#8243; z_index=\u00bb0&#8243; medium_width=\u00bb0&#8243; mobile_width=\u00bb0&#8243; width=\u00bb2\/3&#8243;][vc_custom_heading text_size=\u00bbfontsize-155944&#8243; text_weight=\u00bb300&#8243;]Micropigmentaci\u00f3n[\/vc_custom_heading][vc_custom_heading text_size=\u00bbh4&#8243; text_weight=\u00bb300&#8243; text_height=\u00bbfontheight-357766&#8243;]Una <a href=\"https:\/\/es.wikipedia.org\/wiki\/Micropigmentaci%C3%B3n\" target=\"_blank\" rel=\"noopener noreferrer\">micropigmentaci\u00f3n<\/a> Goldeneye tiene como objetivo crear armon\u00eda en el rostro, sin formas ni cambios exagerados. Ya sea micropigmentaci\u00f3n como microblading, el galardonado m\u00e9todo Goldeneye le d\u00e1 en todo momento m\u00e1s expresi\u00f3n y profundidad.[\/vc_custom_heading][\/vc_column_inner][vc_column_inner width=\u00bb1\/3&#8243;][\/vc_column_inner][\/vc_row_inner][vc_row_inner][vc_column_inner width=\u00bb1\/1&#8243;][vc_gallery el_id=\u00bbgallery-115572&#8243; medias=\u00bb79537,79535,79534,79533,79532,79531,79530,79529,79528,79527,79526,82043,82051,82055,82066,82047,82098,82094,82059&#8243; gutter_size=\u00bb0&#8243; screen_lg=\u00bb600&#8243; screen_md=\u00bb600&#8243; screen_sm=\u00bb100&#8243; single_width=\u00bb3&#8243; images_size=\u00bbfour-three\u00bb single_overlay_opacity=\u00bb1&#8243; single_image_coloration=\u00bbdesaturated\u00bb single_image_color_anim=\u00bbyes\u00bb single_image_anim=\u00bbno\u00bb single_h_align=\u00bbcenter\u00bb single_padding=\u00bb2&#8243; single_icon=\u00bbfa fa-plus2&#8243; single_border=\u00bbyes\u00bb single_css_animation=\u00bbzoom-in\u00bb single_animation_delay=\u00bb200&#8243; lbox_skin=\u00bbwhite\u00bb uncode_shortcode_id=\u00bb178177&#8243;][\/vc_column_inner][\/vc_row_inner][\/vc_column][\/vc_row][vc_row row_height_percent=\u00bb0&#8243; override_padding=\u00bbyes\u00bb h_padding=\u00bb2&#8243; top_padding=\u00bb4&#8243; bottom_padding=\u00bb4&#8243; back_color=\u00bbcolor-998874&#8243; overlay_alpha=\u00bb50&#8243; gutter_size=\u00bb3&#8243; column_width_percent=\u00bb100&#8243; shift_y=\u00bb0&#8243; z_index=\u00bb0&#8243; row_name=\u00bbGoldeneye\u00bb][vc_column column_width_percent=\u00bb100&#8243; position_vertical=\u00bbmiddle\u00bb gutter_size=\u00bb5&#8243; overlay_alpha=\u00bb50&#8243; shift_x=\u00bb0&#8243; shift_y=\u00bb0&#8243; shift_y_down=\u00bb0&#8243; z_index=\u00bb0&#8243; medium_width=\u00bb0&#8243; mobile_width=\u00bb0&#8243; width=\u00bb1\/1&#8243;][vc_row_inner row_inner_height_percent=\u00bb0&#8243; overlay_alpha=\u00bb50&#8243; gutter_size=\u00bb4&#8243; shift_y=\u00bb0&#8243; z_index=\u00bb0&#8243;][vc_column_inner width=\u00bb1\/2&#8243;][vc_custom_heading text_size=\u00bbfontsize-155944&#8243; text_weight=\u00bb300&#8243; text_space=\u00bbfontspace-781688&#8243;]Goldeneye ciertamente m\u00e1s bella[\/vc_custom_heading][vc_custom_heading text_size=\u00bbh4&#8243; text_weight=\u00bb300&#8243; text_height=\u00bbfontheight-357766&#8243;]El galardonado y sofisticado m\u00e9todo de micropigmentaci\u00f3n Goldeneye representa entrenamiento intensivo y diferenciado, atenci\u00f3n hol\u00edstica y asociaci\u00f3n. El maquillaje permanente est\u00e1 al borde de la medicina est\u00e9tica. El asesoramiento de primera clase y los productos de alta calidad que brindan seguridad absoluta son la m\u00e1xima prioridad para Goldeneye. La \u00e9tica, un sentido de responsabilidad, el respeto por cada individualidad son principios evidentes.[\/vc_custom_heading][\/vc_column_inner][vc_column_inner column_width_percent=\u00bb100&#8243; gutter_size=\u00bb2&#8243; overlay_alpha=\u00bb50&#8243; shift_x=\u00bb0&#8243; shift_y=\u00bb0&#8243; shift_y_down=\u00bb0&#8243; z_index=\u00bb0&#8243; medium_width=\u00bb0&#8243; mobile_width=\u00bb0&#8243; width=\u00bb1\/2&#8243;][vc_custom_heading text_size=\u00bbh4&#8243; text_weight=\u00bb300&#8243; text_height=\u00bbfontheight-357766&#8243;]El maquillaje permanente o la micropigmentaci\u00f3n es un arte que exige un ojo impecable y visagista, as\u00ed como tecnolog\u00eda de punta y un gran talento. Solo unos pocos en Alemania pueden considerarse entre la \u00e9lite superior de los t\u00e9cnicos en Micropigmentaci\u00f3n, a los que pertenecen sin duda Ren\u00e9 La Fontaine y Holger Hoffmann. A trav\u00e9s de sus muchos a\u00f1os de experiencia como T\u00e9cnico, Advanced Master Trainer y artista de maquillaje estrella, Holger Hoffmann se ha establecido como un l\u00edder en el desarrollo de productos.[\/vc_custom_heading][vc_empty_space empty_h=\u00bb2&#8243;][vc_button button_color=\u00bbaccent\u00bb radius=\u00bbbtn-round\u00bb wide=\u00bbyes\u00bb border_width=\u00bb0&#8243; link=\u00bburl:https%3A%2F%2Fgoldeneye.de%2Fes%2Fpermanent-make-up%2Fcontacto%2F|||\u00bb]Forma parte de nuestro equipo[\/vc_button][\/vc_column_inner][\/vc_row_inner][\/vc_column][\/vc_row][vc_row row_height_percent=\u00bb50&#8243; override_padding=\u00bbyes\u00bb h_padding=\u00bb2&#8243; top_padding=\u00bb7&#8243; bottom_padding=\u00bb7&#8243; back_image=\u00bb79556&#8243; parallax=\u00bbyes\u00bb overlay_color=\u00bbaccent\u00bb overlay_alpha=\u00bb50&#8243; gutter_size=\u00bb3&#8243; column_width_percent=\u00bb100&#8243; shift_y=\u00bb0&#8243; z_index=\u00bb2&#8243; bottom_divider=\u00bbstep_2_3&#8243;][vc_column column_width_use_pixel=\u00bbyes\u00bb position_vertical=\u00bbmiddle\u00bb align_horizontal=\u00bbalign_center\u00bb gutter_size=\u00bb3&#8243; override_padding=\u00bbyes\u00bb column_padding=\u00bb4&#8243; style=\u00bbdark\u00bb overlay_alpha=\u00bb50&#8243; shift_x=\u00bb0&#8243; shift_y=\u00bb0&#8243; shift_y_down=\u00bb0&#8243; shift_y_down_fixed=\u00bbyes\u00bb z_index=\u00bb0&#8243; medium_width=\u00bb0&#8243; align_mobile=\u00bbalign_center_mobile\u00bb mobile_width=\u00bb0&#8243; width=\u00bb1\/1&#8243; column_width_pixel=\u00bb1000&#8243;][vc_custom_heading text_color=\u00bbcolor-xsdn\u00bb text_size=\u00bbfontsize-155944&#8243; text_italic=\u00bbyes\u00bb]\u00bbLa comprensi\u00f3n de lo bello y el entusiasmo por lo bello son uno\u00bb <a href=\"https:\/\/es.wikipedia.org\/wiki\/Marie_von_Ebner-Eschenbach\" target=\"_blank\" rel=\"noopener noreferrer\">Marie von Ebner-Eschenbach<\/a>[\/vc_custom_heading][\/vc_column][\/vc_row][vc_row row_height_percent=\u00bb0&#8243; override_padding=\u00bbyes\u00bb h_padding=\u00bb2&#8243; top_padding=\u00bb4&#8243; bottom_padding=\u00bb4&#8243; overlay_alpha=\u00bb50&#8243; gutter_size=\u00bb3&#8243; column_width_percent=\u00bb100&#8243; shift_y=\u00bb0&#8243; z_index=\u00bb0&#8243; bottom_divider=\u00bbstep_3_4&#8243; desktop_visibility=\u00bbyes\u00bb medium_visibility=\u00bbyes\u00bb mobile_visibility=\u00bbyes\u00bb row_name=\u00bbBranchen News\u00bb][vc_column column_width_percent=\u00bb100&#8243; position_vertical=\u00bbmiddle\u00bb gutter_size=\u00bb4&#8243; font_family=\u00bbfont-134980&#8243; overlay_alpha=\u00bb50&#8243; shift_x=\u00bb0&#8243; shift_y=\u00bb0&#8243; shift_y_down=\u00bb0&#8243; z_index=\u00bb0&#8243; medium_width=\u00bb0&#8243; mobile_width=\u00bb0&#8243; width=\u00bb1\/1&#8243;][vc_row_inner row_inner_height_percent=\u00bb0&#8243; overlay_alpha=\u00bb50&#8243; equal_height=\u00bbyes\u00bb gutter_size=\u00bb4&#8243; shift_y=\u00bb0&#8243; z_index=\u00bb0&#8243; el_class=\u00bbinverted-device-order\u00bb][vc_column_inner column_width_percent=\u00bb100&#8243; gutter_size=\u00bb2&#8243; overlay_alpha=\u00bb50&#8243; shift_x=\u00bb0&#8243; shift_y=\u00bb0&#8243; shift_y_down=\u00bb0&#8243; z_index=\u00bb0&#8243; medium_width=\u00bb0&#8243; mobile_width=\u00bb0&#8243; width=\u00bb1\/2&#8243;][vc_custom_heading text_size=\u00bbfontsize-155944&#8243; text_weight=\u00bb300&#8243; text_space=\u00bbfontspace-781688&#8243;]Noticias[\/vc_custom_heading][vc_custom_heading text_size=\u00bbh4&#8243; text_weight=\u00bb300&#8243; text_height=\u00bbfontheight-357766&#8243;]Mant\u00e9ngase actualizado. Temas actuales del mundo de la Micropigmentaci\u00f3n Goldeneye Permanent Systems GmbH.[\/vc_custom_heading][\/vc_column_inner][vc_column_inner width=\u00bb1\/2&#8243;][\/vc_column_inner][\/vc_row_inner][vc_separator sep_color=\u00bbcolor-120844&#8243;][\/vc_column][\/vc_row]<\/p>\n<\/div>","protected":false},"excerpt":{"rendered":"<p>[vc_row row_height_percent=\u00bb0&#8243; override_padding=\u00bbyes\u00bb h_padding=\u00bb2&#8243; top_padding=\u00bb5&#8243; bottom_padding=\u00bb5&#8243; back_color=\u00bbcolor-998874&#8243; overlay_alpha=\u00bb50&#8243; gutter_size=\u00bb3&#8243; column_width_percent=\u00bb100&#8243; shift_y=\u00bb0&#8243; z_index=\u00bb0&#8243; row_name=\u00bbAuszeichnungen\u00bb][vc_column column_width_percent=\u00bb100&#8243; position_vertical=\u00bbmiddle\u00bb gutter_size=\u00bb5&#8243; overlay_alpha=\u00bb50&#8243; shift_x=\u00bb0&#8243; shift_y=\u00bb0&#8243; shift_y_down=\u00bb0&#8243; [&hellip;]<\/p>\n","protected":false},"author":1,"featured_media":0,"parent":0,"menu_order":0,"comment_status":"closed","ping_status":"closed","template":"","meta":{"footnotes":""},"class_list":["post-81540","page","type-page","status-publish","hentry"],"yoast_head":"<!-- This site is optimized with the Yoast SEO plugin v24.8 - https:\/\/yoast.com\/wordpress\/plugins\/seo\/ -->\n<title>Permanent Make-up, Micropigmentaci\u00f3n - GOLDENEYE<\/title>\n<meta name=\"description\" content=\"La micropigmentaci\u00f3n Goldeneye Permanent Systems (Permanent Make-up) crea armon\u00eda en el rostro - sin hacer cambios ni formas exageradas.\" \/>\n<meta name=\"robots\" content=\"index, follow, max-snippet:-1, max-image-preview:large, max-video-preview:-1\" \/>\n<link rel=\"canonical\" href=\"https:\/\/goldeneye.de\/es\/\" \/>\n<meta property=\"og:locale\" content=\"es_ES\" \/>\n<meta property=\"og:type\" content=\"article\" \/>\n<meta property=\"og:title\" content=\"Permanent Make-up, Micropigmentaci\u00f3n - GOLDENEYE\" \/>\n<meta property=\"og:description\" content=\"La micropigmentaci\u00f3n Goldeneye Permanent Systems (Permanent Make-up) crea armon\u00eda en el rostro - sin hacer cambios ni formas exageradas.\" \/>\n<meta property=\"og:url\" content=\"https:\/\/goldeneye.de\/es\/\" \/>\n<meta property=\"og:site_name\" content=\"Permanent Make-Up - GOLDENEYE Permanent Systems\" \/>\n<meta property=\"article:publisher\" content=\"https:\/\/www.facebook.com\/GoldeneyePermanentSystemGmbH\" \/>\n<meta property=\"article:modified_time\" content=\"2025-08-01T13:20:14+00:00\" \/>\n<meta name=\"twitter:card\" content=\"summary_large_image\" \/>\n<meta name=\"twitter:label1\" content=\"Tiempo de lectura\" \/>\n\t<meta name=\"twitter:data1\" content=\"3 minutos\" \/>\n<script type=\"application\/ld+json\" class=\"yoast-schema-graph\">{\"@context\":\"https:\/\/schema.org\",\"@graph\":[{\"@type\":\"WebPage\",\"@id\":\"https:\/\/goldeneye.de\/es\/\",\"url\":\"https:\/\/goldeneye.de\/es\/\",\"name\":\"Permanent Make-up, Micropigmentaci\u00f3n - GOLDENEYE\",\"isPartOf\":{\"@id\":\"https:\/\/goldeneye.de\/es\/#website\"},\"datePublished\":\"2019-08-29T10:25:29+00:00\",\"dateModified\":\"2025-08-01T13:20:14+00:00\",\"description\":\"La micropigmentaci\u00f3n Goldeneye Permanent Systems (Permanent Make-up) crea armon\u00eda en el rostro - sin hacer cambios ni formas exageradas.\",\"breadcrumb\":{\"@id\":\"https:\/\/goldeneye.de\/es\/#breadcrumb\"},\"inLanguage\":\"es\",\"potentialAction\":[{\"@type\":\"ReadAction\",\"target\":[\"https:\/\/goldeneye.de\/es\/\"]}]},{\"@type\":\"BreadcrumbList\",\"@id\":\"https:\/\/goldeneye.de\/es\/#breadcrumb\",\"itemListElement\":[{\"@type\":\"ListItem\",\"position\":1,\"name\":\"Startseite\",\"item\":\"https:\/\/goldeneye.de\/es\/\"},{\"@type\":\"ListItem\",\"position\":2,\"name\":\"Micropigmentaci\u00f3n\"}]},{\"@type\":\"WebSite\",\"@id\":\"https:\/\/goldeneye.de\/es\/#website\",\"url\":\"https:\/\/goldeneye.de\/es\/\",\"name\":\"Permanent Make-Up - GOLDENEYE Permanent Systems\",\"description\":\"Micropigmentation, Permanent Make-Up, Nanoblading\",\"potentialAction\":[{\"@type\":\"SearchAction\",\"target\":{\"@type\":\"EntryPoint\",\"urlTemplate\":\"https:\/\/goldeneye.de\/es\/?s={search_term_string}\"},\"query-input\":{\"@type\":\"PropertyValueSpecification\",\"valueRequired\":true,\"valueName\":\"search_term_string\"}}],\"inLanguage\":\"es\"}]}<\/script>\n<!-- \/ Yoast SEO plugin. -->","yoast_head_json":{"title":"Permanent Make-up, Micropigmentaci\u00f3n - GOLDENEYE","description":"La micropigmentaci\u00f3n Goldeneye Permanent Systems (Permanent Make-up) crea armon\u00eda en el rostro - sin hacer cambios ni formas exageradas.","robots":{"index":"index","follow":"follow","max-snippet":"max-snippet:-1","max-image-preview":"max-image-preview:large","max-video-preview":"max-video-preview:-1"},"canonical":"https:\/\/goldeneye.de\/es\/","og_locale":"es_ES","og_type":"article","og_title":"Permanent Make-up, Micropigmentaci\u00f3n - GOLDENEYE","og_description":"La micropigmentaci\u00f3n Goldeneye Permanent Systems (Permanent Make-up) crea armon\u00eda en el rostro - sin hacer cambios ni formas exageradas.","og_url":"https:\/\/goldeneye.de\/es\/","og_site_name":"Permanent Make-Up - GOLDENEYE Permanent Systems","article_publisher":"https:\/\/www.facebook.com\/GoldeneyePermanentSystemGmbH","article_modified_time":"2025-08-01T13:20:14+00:00","twitter_card":"summary_large_image","twitter_misc":{"Tiempo de lectura":"3 minutos"},"schema":{"@context":"https:\/\/schema.org","@graph":[{"@type":"WebPage","@id":"https:\/\/goldeneye.de\/es\/","url":"https:\/\/goldeneye.de\/es\/","name":"Permanent Make-up, Micropigmentaci\u00f3n - GOLDENEYE","isPartOf":{"@id":"https:\/\/goldeneye.de\/es\/#website"},"datePublished":"2019-08-29T10:25:29+00:00","dateModified":"2025-08-01T13:20:14+00:00","description":"La micropigmentaci\u00f3n Goldeneye Permanent Systems (Permanent Make-up) crea armon\u00eda en el rostro - sin hacer cambios ni formas exageradas.","breadcrumb":{"@id":"https:\/\/goldeneye.de\/es\/#breadcrumb"},"inLanguage":"es","potentialAction":[{"@type":"ReadAction","target":["https:\/\/goldeneye.de\/es\/"]}]},{"@type":"BreadcrumbList","@id":"https:\/\/goldeneye.de\/es\/#breadcrumb","itemListElement":[{"@type":"ListItem","position":1,"name":"Startseite","item":"https:\/\/goldeneye.de\/es\/"},{"@type":"ListItem","position":2,"name":"Micropigmentaci\u00f3n"}]},{"@type":"WebSite","@id":"https:\/\/goldeneye.de\/es\/#website","url":"https:\/\/goldeneye.de\/es\/","name":"Permanent Make-Up - GOLDENEYE Permanent Systems","description":"Micropigmentation, Permanent Make-Up, Nanoblading","potentialAction":[{"@type":"SearchAction","target":{"@type":"EntryPoint","urlTemplate":"https:\/\/goldeneye.de\/es\/?s={search_term_string}"},"query-input":{"@type":"PropertyValueSpecification","valueRequired":true,"valueName":"search_term_string"}}],"inLanguage":"es"}]}},"_links":{"self":[{"href":"https:\/\/goldeneye.de\/es\/wp-json\/wp\/v2\/pages\/81540","targetHints":{"allow":["GET"]}}],"collection":[{"href":"https:\/\/goldeneye.de\/es\/wp-json\/wp\/v2\/pages"}],"about":[{"href":"https:\/\/goldeneye.de\/es\/wp-json\/wp\/v2\/types\/page"}],"author":[{"embeddable":true,"href":"https:\/\/goldeneye.de\/es\/wp-json\/wp\/v2\/users\/1"}],"replies":[{"embeddable":true,"href":"https:\/\/goldeneye.de\/es\/wp-json\/wp\/v2\/comments?post=81540"}],"version-history":[{"count":13,"href":"https:\/\/goldeneye.de\/es\/wp-json\/wp\/v2\/pages\/81540\/revisions"}],"predecessor-version":[{"id":84036,"href":"https:\/\/goldeneye.de\/es\/wp-json\/wp\/v2\/pages\/81540\/revisions\/84036"}],"wp:attachment":[{"href":"https:\/\/goldeneye.de\/es\/wp-json\/wp\/v2\/media?parent=81540"}],"curies":[{"name":"wp","href":"https:\/\/api.w.org\/{rel}","templated":true}]}}