{"id":81858,"date":"2019-09-10T13:14:07","date_gmt":"2019-09-10T11:14:07","guid":{"rendered":"https:\/\/goldeneye.de\/?page_id=81858"},"modified":"2020-03-13T09:29:32","modified_gmt":"2020-03-13T08:29:32","slug":"satisfied-customers","status":"publish","type":"page","link":"https:\/\/goldeneye.de\/en\/permanent-make-up-en\/satisfied-customers\/","title":{"rendered":"Satisfied customers"},"content":{"rendered":"<div class=\"wpb-content-wrapper\"><p>[vc_row row_height_percent=&#8221;40&#8243; override_padding=&#8221;yes&#8221; h_padding=&#8221;2&#8243; top_padding=&#8221;7&#8243; bottom_padding=&#8221;7&#8243; back_image=&#8221;79715&#8243; parallax=&#8221;yes&#8221; overlay_color=&#8221;accent&#8221; overlay_alpha=&#8221;50&#8243; gutter_size=&#8221;3&#8243; column_width_percent=&#8221;100&#8243; shift_y=&#8221;0&#8243; z_index=&#8221;2&#8243; bottom_divider=&#8221;step_2_3&#8243;][vc_column column_width_use_pixel=&#8221;yes&#8221; position_vertical=&#8221;middle&#8221; align_horizontal=&#8221;align_center&#8221; gutter_size=&#8221;3&#8243; override_padding=&#8221;yes&#8221; column_padding=&#8221;3&#8243; style=&#8221;dark&#8221; overlay_alpha=&#8221;50&#8243; shift_x=&#8221;0&#8243; shift_y=&#8221;0&#8243; shift_y_down=&#8221;0&#8243; shift_y_down_fixed=&#8221;yes&#8221; z_index=&#8221;0&#8243; medium_width=&#8221;0&#8243; align_mobile=&#8221;align_center_mobile&#8221; mobile_width=&#8221;0&#8243; width=&#8221;1\/1&#8243; column_width_pixel=&#8221;1000&#8243;][vc_custom_heading text_size=&#8221;fontsize-155944&#8243; text_italic=&#8221;yes&#8221; text_color=&#8221;color-xsdn&#8221;]&#8221;I think happy girls are the most beautiful girls.&#8221;<\/p>\n<p><a href=\"https:\/\/en.wikipedia.org\/wiki\/Audrey_Hepburn\" target=\"_blank\" rel=\"noopener noreferrer\">Audrey Hepburn<\/a>[\/vc_custom_heading][\/vc_column][\/vc_row][vc_row row_height_percent=&#8221;0&#8243; override_padding=&#8221;yes&#8221; h_padding=&#8221;2&#8243; top_padding=&#8221;4&#8243; bottom_padding=&#8221;4&#8243; back_color=&#8221;color-120844&#8243; overlay_alpha=&#8221;50&#8243; gutter_size=&#8221;3&#8243; column_width_percent=&#8221;100&#8243; shift_y=&#8221;0&#8243; z_index=&#8221;0&#8243; row_name=&#8221;Micropigmentation&#8221;][vc_column column_width_percent=&#8221;100&#8243; position_vertical=&#8221;middle&#8221; gutter_size=&#8221;5&#8243; overlay_alpha=&#8221;50&#8243; shift_x=&#8221;0&#8243; shift_y=&#8221;0&#8243; shift_y_down=&#8221;0&#8243; z_index=&#8221;0&#8243; medium_width=&#8221;0&#8243; mobile_width=&#8221;0&#8243; width=&#8221;1\/1&#8243;][vc_row_inner][vc_column_inner width=&#8221;1\/1&#8243;][vc_gallery el_id=&#8221;gallery-115572&#8243; medias=&#8221;82043,82047,82051,82055,82059,82066,82070,82074,82078,82082,82090,82102,82094,82098,82039,82107&#8243; gutter_size=&#8221;0&#8243; screen_lg=&#8221;600&#8243; screen_md=&#8221;600&#8243; screen_sm=&#8221;100&#8243; single_width=&#8221;3&#8243; images_size=&#8221;four-three&#8221; single_overlay_opacity=&#8221;1&#8243; single_image_coloration=&#8221;desaturated&#8221; single_image_color_anim=&#8221;yes&#8221; single_image_anim=&#8221;no&#8221; single_h_align=&#8221;center&#8221; single_padding=&#8221;2&#8243; single_icon=&#8221;fa fa-plus2&#8243; single_border=&#8221;yes&#8221; single_css_animation=&#8221;zoom-in&#8221; single_animation_delay=&#8221;200&#8243; lbox_skin=&#8221;white&#8221;][\/vc_column_inner][\/vc_row_inner][\/vc_column][\/vc_row][vc_row row_height_percent=&#8221;0&#8243; override_padding=&#8221;yes&#8221; h_padding=&#8221;2&#8243; top_padding=&#8221;4&#8243; bottom_padding=&#8221;4&#8243; back_color=&#8221;color-998874&#8243; overlay_alpha=&#8221;50&#8243; gutter_size=&#8221;3&#8243; column_width_percent=&#8221;100&#8243; shift_y=&#8221;0&#8243; z_index=&#8221;0&#8243; row_name=&#8221;Vorher \/ Nachher&#8221;][vc_column column_width_percent=&#8221;100&#8243; position_vertical=&#8221;middle&#8221; gutter_size=&#8221;5&#8243; overlay_alpha=&#8221;50&#8243; shift_x=&#8221;0&#8243; shift_y=&#8221;0&#8243; shift_y_down=&#8221;0&#8243; z_index=&#8221;0&#8243; medium_width=&#8221;0&#8243; mobile_width=&#8221;0&#8243; width=&#8221;1\/1&#8243;][vc_row_inner row_inner_height_percent=&#8221;0&#8243; overlay_alpha=&#8221;50&#8243; gutter_size=&#8221;4&#8243; shift_y=&#8221;0&#8243; z_index=&#8221;0&#8243;][vc_column_inner column_width_percent=&#8221;100&#8243; gutter_size=&#8221;2&#8243; overlay_alpha=&#8221;50&#8243; shift_x=&#8221;0&#8243; shift_y=&#8221;0&#8243; shift_y_down=&#8221;0&#8243; z_index=&#8221;0&#8243; medium_width=&#8221;0&#8243; mobile_width=&#8221;0&#8243; width=&#8221;1\/1&#8243;][vc_custom_heading text_size=&#8221;fontsize-155944&#8243; text_weight=&#8221;300&#8243;]Permanent make-up \/ micropigmentation[\/vc_custom_heading][vc_custom_heading heading_semantic=&#8221;p&#8221; text_size=&#8221;h4&#8243; text_weight=&#8221;300&#8243; text_height=&#8221;fontheight-357766&#8243;]<\/p>\n<div class=\"fusion-text\">\n<p>Satisfied <a href=\"https:\/\/en.wikipedia.org\/wiki\/Permanent_makeup\">PMU<\/a> customers: before and after results from our <a href=\"https:\/\/goldeneye.de\/en\/permanent-make-up-en\/pmu-devices-and-technology\/\">Micropigmentation<\/a> Academy.<\/p>\n<\/div>\n<p>[\/vc_custom_heading][\/vc_column_inner][\/vc_row_inner][vc_row_inner][vc_column_inner width=&#8221;1\/3&#8243;][uncode_twentytwenty media_before=&#8221;79452&#8243; media_after=&#8221;79453&#8243;][\/vc_column_inner][vc_column_inner width=&#8221;1\/3&#8243;][uncode_twentytwenty media_before=&#8221;79742&#8243; media_after=&#8221;79741&#8243;][\/vc_column_inner][vc_column_inner width=&#8221;1\/3&#8243;][uncode_twentytwenty media_before=&#8221;79749&#8243; media_after=&#8221;79748&#8243;][\/vc_column_inner][\/vc_row_inner][vc_row_inner][vc_column_inner width=&#8221;1\/3&#8243;][uncode_twentytwenty media_before=&#8221;79735&#8243; media_after=&#8221;79734&#8243;][\/vc_column_inner][vc_column_inner width=&#8221;1\/3&#8243;][uncode_twentytwenty media_before=&#8221;79744&#8243; media_after=&#8221;79743&#8243;][\/vc_column_inner][vc_column_inner width=&#8221;1\/3&#8243;][uncode_twentytwenty media_before=&#8221;79746&#8243; media_after=&#8221;79745&#8243;][\/vc_column_inner][\/vc_row_inner][vc_row_inner][vc_column_inner width=&#8221;1\/3&#8243;][uncode_twentytwenty media_before=&#8221;79738&#8243; media_after=&#8221;79737&#8243;][\/vc_column_inner][vc_column_inner width=&#8221;1\/3&#8243;][uncode_twentytwenty media_before=&#8221;79751&#8243; media_after=&#8221;79750&#8243;][\/vc_column_inner][vc_column_inner width=&#8221;1\/3&#8243;][uncode_twentytwenty media_before=&#8221;79753&#8243; media_after=&#8221;79752&#8243;][\/vc_column_inner][\/vc_row_inner][\/vc_column][\/vc_row][vc_row row_height_percent=&#8221;40&#8243; override_padding=&#8221;yes&#8221; h_padding=&#8221;2&#8243; top_padding=&#8221;7&#8243; bottom_padding=&#8221;7&#8243; back_image=&#8221;79636&#8243; parallax=&#8221;yes&#8221; overlay_color=&#8221;accent&#8221; overlay_alpha=&#8221;50&#8243; gutter_size=&#8221;3&#8243; column_width_percent=&#8221;100&#8243; shift_y=&#8221;0&#8243; z_index=&#8221;2&#8243; bottom_divider=&#8221;step_2_3&#8243;][vc_column column_width_use_pixel=&#8221;yes&#8221; position_vertical=&#8221;middle&#8221; align_horizontal=&#8221;align_center&#8221; gutter_size=&#8221;3&#8243; override_padding=&#8221;yes&#8221; column_padding=&#8221;3&#8243; style=&#8221;dark&#8221; overlay_alpha=&#8221;50&#8243; shift_x=&#8221;0&#8243; shift_y=&#8221;0&#8243; shift_y_down=&#8221;0&#8243; shift_y_down_fixed=&#8221;yes&#8221; z_index=&#8221;0&#8243; medium_width=&#8221;0&#8243; align_mobile=&#8221;align_center_mobile&#8221; mobile_width=&#8221;0&#8243; width=&#8221;1\/1&#8243; column_width_pixel=&#8221;1000&#8243;][vc_custom_heading text_size=&#8221;fontsize-155944&#8243; text_italic=&#8221;yes&#8221; text_color=&#8221;color-xsdn&#8221;]&#8221;Beauty is a welcome guest everywhere.&#8221;<\/p>\n<p><a href=\"https:\/\/en.wikipedia.org\/wiki\/Johann_Wolfgang_von_Goethe\" target=\"_blank\" rel=\"noopener noreferrer\">Johann Wolfgang von Goethe<\/a>[\/vc_custom_heading][\/vc_column][\/vc_row][vc_row row_height_percent=&#8221;0&#8243; override_padding=&#8221;yes&#8221; h_padding=&#8221;2&#8243; top_padding=&#8221;5&#8243; bottom_padding=&#8221;5&#8243; back_color=&#8221;color-120844&#8243; overlay_alpha=&#8221;50&#8243; gutter_size=&#8221;3&#8243; column_width_percent=&#8221;100&#8243; shift_y=&#8221;0&#8243; z_index=&#8221;0&#8243; row_name=&#8221;Making of Movie&#8221;][vc_column column_width_percent=&#8221;100&#8243; position_vertical=&#8221;middle&#8221; gutter_size=&#8221;5&#8243; overlay_alpha=&#8221;50&#8243; shift_x=&#8221;0&#8243; shift_y=&#8221;0&#8243; shift_y_down=&#8221;0&#8243; z_index=&#8221;0&#8243; medium_width=&#8221;0&#8243; mobile_width=&#8221;0&#8243; width=&#8221;1\/1&#8243;][vc_row_inner row_inner_height_percent=&#8221;0&#8243; overlay_alpha=&#8221;50&#8243; gutter_size=&#8221;4&#8243; shift_y=&#8221;0&#8243; z_index=&#8221;0&#8243;][vc_column_inner column_width_percent=&#8221;100&#8243; gutter_size=&#8221;1&#8243; overlay_alpha=&#8221;50&#8243; shift_x=&#8221;0&#8243; shift_y=&#8221;0&#8243; shift_y_down=&#8221;0&#8243; z_index=&#8221;0&#8243; medium_width=&#8221;0&#8243; mobile_width=&#8221;0&#8243; width=&#8221;1\/2&#8243;][vc_column_text]<div id=\"wpfp_fe5024d0ebf63d2789c8804adb288833\" data-item=\"{&quot;sources&quot;:[{&quot;src&quot;:&quot;https:\\\/\\\/www.youtube.com\\\/watch?v=RO4HwuD1kDc&quot;,&quot;type&quot;:&quot;video\\\/youtube&quot;}],&quot;id&quot;:&quot;1&quot;,&quot;splash&quot;:&quot;https:\\\/\\\/i.ytimg.com\\\/vi\\\/RO4HwuD1kDc\\\/maxresdefault.jpg#auto&quot;}\" class=\"flowplayer no-brand is-splash is-paused skin-slim no-svg fp-slim fp-edgy is-youtube\" data-fv-embed=\"https:\/\/goldeneye.de\/en\/permanent-make-up-en\/satisfied-customers\/fvp-1\/\" style=\"position:relative; max-width: 640px; max-height: 360px; \" data-ratio=\"0.5625\" data-engine=\"fvyoutube\">\n\t<div class=\"fp-ratio\" style=\"padding-top: 56.25%\"><\/div>\n\t<img decoding=\"async\" class=\"fp-splash\" alt=\"video\" src=\"https:\/\/i.ytimg.com\/vi\/RO4HwuD1kDc\/maxresdefault.jpg#auto\" style=\"position:absolute;top:0;width:100%\" \/>\n\t<div class=\"fp-ui\"><noscript>Please enable JavaScript<\/noscript><div class=\"fp-play fp-visible\"><svg class=\"fp-play-sharp-fill\" xmlns=\"http:\/\/www.w3.org\/2000\/svg\" viewBox=\"0 0 100 100\"><defs><style>.fp-color-play{opacity:0.65;}.controlbutton{fill:#fff;}<\/style><\/defs><title>play-sharp-fill<\/title><path class=\"fp-color-play\" d=\"M49.9217-.078a50,50,0,1,0,50,50A50.0564,50.0564,0,0,0,49.9217-.078Z\"\/><polygon class=\"controlbutton\" points=\"73.601 50 37.968 70.573 37.968 29.427 73.601 50\" filter=\"url(#f1)\"\/><\/svg><\/div><div class=\"fp-preload\"><b><\/b><b><\/b><b><\/b><b><\/b><\/div><\/div>\n<div class='fvp-share-bar'><ul class=\"fvp-sharing\">\r\n    <li><a class=\"sharing-facebook\" href=\"https:\/\/www.facebook.com\/sharer\/sharer.php?u=https%3A%2F%2Fgoldeneye.de%2Fen%2Fpermanent-make-up-en%2Fsatisfied-customers%2F\" target=\"_blank\"><\/a><\/li>\r\n    <li><a class=\"sharing-twitter\" href=\"https:\/\/twitter.com\/intent\/tweet?text=Permanent+Make-Up+-+GOLDENEYE+Permanent+Systems+&url=https%3A%2F%2Fgoldeneye.de%2Fen%2Fpermanent-make-up-en%2Fsatisfied-customers%2F\" target=\"_blank\"><\/a><\/li>\r\n    <li><a class=\"sharing-email\" href=\"mailto:?body=Check%20out%20the%20amazing%20video%20here%3A%20https%3A%2F%2Fgoldeneye.de%2Fen%2Fpermanent-make-up-en%2Fsatisfied-customers%2F\" target=\"_blank\"><\/a><\/li><\/ul><div><a class=\"sharing-link\" href=\"https:\/\/goldeneye.de\/en\/permanent-make-up-en\/satisfied-customers\/\" target=\"_blank\">Link<\/a><\/div><div><label><a class=\"embed-code-toggle\" href=\"#\"><strong>Embed<\/strong><\/a><\/label><\/div><div class=\"embed-code\"><label>Copy and paste this HTML code into your webpage to embed.<\/label><textarea><\/textarea><\/div><\/div>\n<\/div>\n[\/vc_column_text][\/vc_column_inner][vc_column_inner column_width_percent=&#8221;100&#8243; position_vertical=&#8221;middle&#8221; gutter_size=&#8221;2&#8243; overlay_alpha=&#8221;50&#8243; shift_x=&#8221;0&#8243; shift_y=&#8221;0&#8243; shift_y_down=&#8221;0&#8243; z_index=&#8221;0&#8243; medium_width=&#8221;0&#8243; mobile_width=&#8221;0&#8243; width=&#8221;1\/2&#8243;][vc_custom_heading text_size=&#8221;fontsize-155944&#8243; text_weight=&#8221;300&#8243;]The Making OF Movie &#8211; Goldeneye &#8211; The Micropigmentation Company[\/vc_custom_heading][\/vc_column_inner][\/vc_row_inner][\/vc_column][\/vc_row][vc_row row_height_percent=&#8221;0&#8243; override_padding=&#8221;yes&#8221; h_padding=&#8221;2&#8243; top_padding=&#8221;4&#8243; bottom_padding=&#8221;4&#8243; back_color=&#8221;color-998874&#8243; overlay_alpha=&#8221;50&#8243; gutter_size=&#8221;3&#8243; column_width_percent=&#8221;100&#8243; shift_y=&#8221;0&#8243; z_index=&#8221;0&#8243; row_name=&#8221;Goldeneye&#8221;][vc_column column_width_percent=&#8221;100&#8243; position_vertical=&#8221;middle&#8221; gutter_size=&#8221;5&#8243; overlay_alpha=&#8221;50&#8243; shift_x=&#8221;0&#8243; shift_y=&#8221;0&#8243; shift_y_down=&#8221;0&#8243; z_index=&#8221;0&#8243; medium_width=&#8221;0&#8243; mobile_width=&#8221;0&#8243; width=&#8221;1\/1&#8243;][vc_row_inner row_inner_height_percent=&#8221;0&#8243; overlay_alpha=&#8221;50&#8243; gutter_size=&#8221;4&#8243; shift_y=&#8221;0&#8243; z_index=&#8221;0&#8243;][vc_column_inner width=&#8221;1\/3&#8243;][\/vc_column_inner][vc_column_inner column_width_percent=&#8221;100&#8243; gutter_size=&#8221;2&#8243; overlay_alpha=&#8221;50&#8243; shift_x=&#8221;0&#8243; shift_y=&#8221;0&#8243; shift_y_down=&#8221;0&#8243; z_index=&#8221;0&#8243; medium_width=&#8221;0&#8243; mobile_width=&#8221;0&#8243; width=&#8221;2\/3&#8243;][vc_custom_heading text_size=&#8221;fontsize-155944&#8243; text_weight=&#8221;300&#8243; text_space=&#8221;fontspace-781688&#8243;]Goldeneye,<\/p>\n<p>beauty guaranteed[\/vc_custom_heading][vc_custom_heading heading_semantic=&#8221;p&#8221; text_size=&#8221;h4&#8243; text_weight=&#8221;300&#8243; text_height=&#8221;fontheight-357766&#8243;]Die preisgekr\u00f6nte und hochentwickelte Goldeneye Methode der Micropigmentation steht f\u00fcr intensive, differenzierte Schulung, ganzheitliche Betreuung und einen partnerschaftlichen Umgang. Permanent Make-up bewegt sich an der Grenze zur Sch\u00f6nheitsmedizin. Erstklassige Beratung und hochwertige Produkte, die absolute Sicherheit geben, sind f\u00fcr Goldeneye oberstes Gebot. Ethik, Verantwortungsgef\u00fchl, Respekt vor jeder Individualit\u00e4t sind dabei selbstverst\u00e4ndliche Grundlagen.[\/vc_custom_heading][vc_empty_space empty_h=&#8221;2&#8243;][vc_button button_color=&#8221;accent&#8221; radius=&#8221;btn-round&#8221; wide=&#8221;yes&#8221; border_width=&#8221;0&#8243; link=&#8221;url:https%3A%2F%2Fgoldeneye.de%2Fpermanent-make-up%2Fkontakt%2F|||&#8221;]Become part of our team![\/vc_button][\/vc_column_inner][\/vc_row_inner][\/vc_column][\/vc_row][vc_row row_height_percent=&#8221;65&#8243; override_padding=&#8221;yes&#8221; h_padding=&#8221;2&#8243; top_padding=&#8221;7&#8243; bottom_padding=&#8221;7&#8243; back_image=&#8221;79723&#8243; parallax=&#8221;yes&#8221; overlay_alpha=&#8221;10&#8243; gutter_size=&#8221;3&#8243; column_width_percent=&#8221;100&#8243; shift_y=&#8221;0&#8243; z_index=&#8221;2&#8243; bottom_divider=&#8221;step_2_3&#8243;][vc_column column_width_use_pixel=&#8221;yes&#8221; position_vertical=&#8221;middle&#8221; align_horizontal=&#8221;align_center&#8221; gutter_size=&#8221;3&#8243; style=&#8221;dark&#8221; overlay_alpha=&#8221;50&#8243; shift_x=&#8221;0&#8243; shift_y=&#8221;0&#8243; shift_y_down=&#8221;0&#8243; shift_y_down_fixed=&#8221;yes&#8221; z_index=&#8221;0&#8243; medium_width=&#8221;0&#8243; align_mobile=&#8221;align_center_mobile&#8221; mobile_width=&#8221;0&#8243; width=&#8221;1\/1&#8243; column_width_pixel=&#8221;1000&#8243;][\/vc_column][\/vc_row]<\/p>\n<\/div>","protected":false},"excerpt":{"rendered":"<p>[vc_row row_height_percent=&#8221;40&#8243; override_padding=&#8221;yes&#8221; h_padding=&#8221;2&#8243; top_padding=&#8221;7&#8243; bottom_padding=&#8221;7&#8243; back_image=&#8221;79715&#8243; parallax=&#8221;yes&#8221; overlay_color=&#8221;accent&#8221; overlay_alpha=&#8221;50&#8243; gutter_size=&#8221;3&#8243; column_width_percent=&#8221;100&#8243; shift_y=&#8221;0&#8243; z_index=&#8221;2&#8243; bottom_divider=&#8221;step_2_3&#8243;][vc_column column_width_use_pixel=&#8221;yes&#8221; position_vertical=&#8221;middle&#8221; align_horizontal=&#8221;align_center&#8221; gutter_size=&#8221;3&#8243; override_padding=&#8221;yes&#8221; [&hellip;]<\/p>\n","protected":false},"author":3,"featured_media":0,"parent":81815,"menu_order":0,"comment_status":"closed","ping_status":"closed","template":"","meta":{"footnotes":""},"class_list":["post-81858","page","type-page","status-publish","hentry"],"yoast_head":"<!-- This site is optimized with the Yoast SEO plugin v24.8 - https:\/\/yoast.com\/wordpress\/plugins\/seo\/ -->\n<title>Satisfied customers - Permanent Make-Up - GOLDENEYE Permanent Systems<\/title>\n<meta name=\"description\" content=\"Our customers demand micropigmentation of the highest quality. We can offer this quality without compromise \u2013 along with the best tools.\" \/>\n<meta name=\"robots\" content=\"index, follow, max-snippet:-1, max-image-preview:large, max-video-preview:-1\" \/>\n<link rel=\"canonical\" href=\"https:\/\/goldeneye.de\/en\/permanent-make-up-en\/satisfied-customers\/\" \/>\n<meta property=\"og:locale\" content=\"en_US\" \/>\n<meta property=\"og:type\" content=\"article\" \/>\n<meta property=\"og:title\" content=\"Satisfied customers - Permanent Make-Up - GOLDENEYE Permanent Systems\" \/>\n<meta property=\"og:description\" content=\"Our customers demand micropigmentation of the highest quality. We can offer this quality without compromise \u2013 along with the best tools.\" \/>\n<meta property=\"og:url\" content=\"https:\/\/goldeneye.de\/en\/permanent-make-up-en\/satisfied-customers\/\" \/>\n<meta property=\"og:site_name\" content=\"Permanent Make-Up - GOLDENEYE Permanent Systems\" \/>\n<meta property=\"article:publisher\" content=\"https:\/\/www.facebook.com\/GoldeneyePermanentSystemGmbH\" \/>\n<meta property=\"article:modified_time\" content=\"2020-03-13T08:29:32+00:00\" \/>\n<meta name=\"twitter:card\" content=\"summary_large_image\" \/>\n<meta name=\"twitter:label1\" content=\"Est. reading time\" \/>\n\t<meta name=\"twitter:data1\" content=\"6 minutes\" \/>\n<script type=\"application\/ld+json\" class=\"yoast-schema-graph\">{\"@context\":\"https:\/\/schema.org\",\"@graph\":[{\"@type\":\"WebPage\",\"@id\":\"https:\/\/goldeneye.de\/en\/permanent-make-up-en\/satisfied-customers\/\",\"url\":\"https:\/\/goldeneye.de\/en\/permanent-make-up-en\/satisfied-customers\/\",\"name\":\"Satisfied customers - Permanent Make-Up - GOLDENEYE Permanent Systems\",\"isPartOf\":{\"@id\":\"https:\/\/goldeneye.de\/en\/#website\"},\"datePublished\":\"2019-09-10T11:14:07+00:00\",\"dateModified\":\"2020-03-13T08:29:32+00:00\",\"description\":\"Our customers demand micropigmentation of the highest quality. We can offer this quality without compromise \u2013 along with the best tools.\",\"breadcrumb\":{\"@id\":\"https:\/\/goldeneye.de\/en\/permanent-make-up-en\/satisfied-customers\/#breadcrumb\"},\"inLanguage\":\"en-US\",\"potentialAction\":[{\"@type\":\"ReadAction\",\"target\":[\"https:\/\/goldeneye.de\/en\/permanent-make-up-en\/satisfied-customers\/\"]}]},{\"@type\":\"BreadcrumbList\",\"@id\":\"https:\/\/goldeneye.de\/en\/permanent-make-up-en\/satisfied-customers\/#breadcrumb\",\"itemListElement\":[{\"@type\":\"ListItem\",\"position\":1,\"name\":\"Startseite\",\"item\":\"https:\/\/goldeneye.de\/en\/\"},{\"@type\":\"ListItem\",\"position\":2,\"name\":\"Permanent-Make-Up\",\"item\":\"https:\/\/goldeneye.de\/en\/\"},{\"@type\":\"ListItem\",\"position\":3,\"name\":\"Satisfied customers\"}]},{\"@type\":\"WebSite\",\"@id\":\"https:\/\/goldeneye.de\/en\/#website\",\"url\":\"https:\/\/goldeneye.de\/en\/\",\"name\":\"Permanent Make-Up - GOLDENEYE Permanent Systems\",\"description\":\"Micropigmentation, Permanent Make-Up, Nanoblading\",\"potentialAction\":[{\"@type\":\"SearchAction\",\"target\":{\"@type\":\"EntryPoint\",\"urlTemplate\":\"https:\/\/goldeneye.de\/en\/?s={search_term_string}\"},\"query-input\":{\"@type\":\"PropertyValueSpecification\",\"valueRequired\":true,\"valueName\":\"search_term_string\"}}],\"inLanguage\":\"en-US\"}]}<\/script>\n<!-- \/ Yoast SEO plugin. -->","yoast_head_json":{"title":"Satisfied customers - Permanent Make-Up - GOLDENEYE Permanent Systems","description":"Our customers demand micropigmentation of the highest quality. We can offer this quality without compromise \u2013 along with the best tools.","robots":{"index":"index","follow":"follow","max-snippet":"max-snippet:-1","max-image-preview":"max-image-preview:large","max-video-preview":"max-video-preview:-1"},"canonical":"https:\/\/goldeneye.de\/en\/permanent-make-up-en\/satisfied-customers\/","og_locale":"en_US","og_type":"article","og_title":"Satisfied customers - Permanent Make-Up - GOLDENEYE Permanent Systems","og_description":"Our customers demand micropigmentation of the highest quality. We can offer this quality without compromise \u2013 along with the best tools.","og_url":"https:\/\/goldeneye.de\/en\/permanent-make-up-en\/satisfied-customers\/","og_site_name":"Permanent Make-Up - GOLDENEYE Permanent Systems","article_publisher":"https:\/\/www.facebook.com\/GoldeneyePermanentSystemGmbH","article_modified_time":"2020-03-13T08:29:32+00:00","twitter_card":"summary_large_image","twitter_misc":{"Est. reading time":"6 minutes"},"schema":{"@context":"https:\/\/schema.org","@graph":[{"@type":"WebPage","@id":"https:\/\/goldeneye.de\/en\/permanent-make-up-en\/satisfied-customers\/","url":"https:\/\/goldeneye.de\/en\/permanent-make-up-en\/satisfied-customers\/","name":"Satisfied customers - Permanent Make-Up - GOLDENEYE Permanent Systems","isPartOf":{"@id":"https:\/\/goldeneye.de\/en\/#website"},"datePublished":"2019-09-10T11:14:07+00:00","dateModified":"2020-03-13T08:29:32+00:00","description":"Our customers demand micropigmentation of the highest quality. We can offer this quality without compromise \u2013 along with the best tools.","breadcrumb":{"@id":"https:\/\/goldeneye.de\/en\/permanent-make-up-en\/satisfied-customers\/#breadcrumb"},"inLanguage":"en-US","potentialAction":[{"@type":"ReadAction","target":["https:\/\/goldeneye.de\/en\/permanent-make-up-en\/satisfied-customers\/"]}]},{"@type":"BreadcrumbList","@id":"https:\/\/goldeneye.de\/en\/permanent-make-up-en\/satisfied-customers\/#breadcrumb","itemListElement":[{"@type":"ListItem","position":1,"name":"Startseite","item":"https:\/\/goldeneye.de\/en\/"},{"@type":"ListItem","position":2,"name":"Permanent-Make-Up","item":"https:\/\/goldeneye.de\/en\/"},{"@type":"ListItem","position":3,"name":"Satisfied customers"}]},{"@type":"WebSite","@id":"https:\/\/goldeneye.de\/en\/#website","url":"https:\/\/goldeneye.de\/en\/","name":"Permanent Make-Up - GOLDENEYE Permanent Systems","description":"Micropigmentation, Permanent Make-Up, Nanoblading","potentialAction":[{"@type":"SearchAction","target":{"@type":"EntryPoint","urlTemplate":"https:\/\/goldeneye.de\/en\/?s={search_term_string}"},"query-input":{"@type":"PropertyValueSpecification","valueRequired":true,"valueName":"search_term_string"}}],"inLanguage":"en-US"}]}},"_links":{"self":[{"href":"https:\/\/goldeneye.de\/en\/wp-json\/wp\/v2\/pages\/81858","targetHints":{"allow":["GET"]}}],"collection":[{"href":"https:\/\/goldeneye.de\/en\/wp-json\/wp\/v2\/pages"}],"about":[{"href":"https:\/\/goldeneye.de\/en\/wp-json\/wp\/v2\/types\/page"}],"author":[{"embeddable":true,"href":"https:\/\/goldeneye.de\/en\/wp-json\/wp\/v2\/users\/3"}],"replies":[{"embeddable":true,"href":"https:\/\/goldeneye.de\/en\/wp-json\/wp\/v2\/comments?post=81858"}],"version-history":[{"count":5,"href":"https:\/\/goldeneye.de\/en\/wp-json\/wp\/v2\/pages\/81858\/revisions"}],"predecessor-version":[{"id":82131,"href":"https:\/\/goldeneye.de\/en\/wp-json\/wp\/v2\/pages\/81858\/revisions\/82131"}],"up":[{"embeddable":true,"href":"https:\/\/goldeneye.de\/en\/wp-json\/wp\/v2\/pages\/81815"}],"wp:attachment":[{"href":"https:\/\/goldeneye.de\/en\/wp-json\/wp\/v2\/media?parent=81858"}],"curies":[{"name":"wp","href":"https:\/\/api.w.org\/{rel}","templated":true}]}}